{"id":509,"date":"2025-01-24T11:53:15","date_gmt":"2025-01-24T10:53:15","guid":{"rendered":"https:\/\/www.brissago.ch\/sito\/?page_id=509"},"modified":"2025-02-28T16:03:40","modified_gmt":"2025-02-28T15:03:40","slug":"amministrazione","status":"publish","type":"page","link":"https:\/\/www.brissago.ch\/de\/comune\/amministrazione\/","title":{"rendered":"Verwaltung"},"content":{"rendered":"<p>Die Gemeindeverwaltung von Brissago ist f\u00fcr die Verwaltung der \u00f6ffentlichen Dienstleistungen, die Organisation des Gebiets und die Umsetzung der kommunalen Entscheidungen verantwortlich. \u00dcber ihre B\u00fcros stellt sie das Funktionieren der institutionellen T\u00e4tigkeiten sicher und unterst\u00fctzt die B\u00fcrger bei unterschiedlichen Verwaltungspraktiken. In diesem Abschnitt finden Sie Informationen zu den wichtigsten kommunalen Einrichtungen und deren Kontakten.<\/p>\n\n\n\n<div class=\"wp-block-mazz-spazio mazz-spazio normale\"><\/div>","protected":false},"excerpt":{"rendered":"<p>Die Gemeindeverwaltung von Brissago ist f\u00fcr die Verwaltung der \u00f6ffentlichen Dienstleistungen, die Organisation des Gebiets und die Umsetzung der kommunalen Entscheidungen verantwortlich. \u00dcber ihre B\u00fcros stellt sie das Funktionieren der institutionellen T\u00e4tigkeiten sicher und unterst\u00fctzt die B\u00fcrger bei unterschiedlichen Verwaltungspraktiken. In diesem Abschnitt finden Sie Informationen zu den wichtigsten kommunalen Einrichtungen und deren Kontakten.<\/p>","protected":false},"author":1,"featured_media":0,"parent":2,"menu_order":1,"comment_status":"closed","ping_status":"closed","template":"","meta":{"_acf_changed":false,"footnotes":""},"class_list":["post-509","page","type-page","status-publish","hentry"],"acf":[],"_links":{"self":[{"href":"https:\/\/www.brissago.ch\/de\/wp-json\/wp\/v2\/pages\/509","targetHints":{"allow":["GET"]}}],"collection":[{"href":"https:\/\/www.brissago.ch\/de\/wp-json\/wp\/v2\/pages"}],"about":[{"href":"https:\/\/www.brissago.ch\/de\/wp-json\/wp\/v2\/types\/page"}],"author":[{"embeddable":true,"href":"https:\/\/www.brissago.ch\/de\/wp-json\/wp\/v2\/users\/1"}],"replies":[{"embeddable":true,"href":"https:\/\/www.brissago.ch\/de\/wp-json\/wp\/v2\/comments?post=509"}],"version-history":[{"count":0,"href":"https:\/\/www.brissago.ch\/de\/wp-json\/wp\/v2\/pages\/509\/revisions"}],"up":[{"embeddable":true,"href":"https:\/\/www.brissago.ch\/de\/wp-json\/wp\/v2\/pages\/2"}],"wp:attachment":[{"href":"https:\/\/www.brissago.ch\/de\/wp-json\/wp\/v2\/media?parent=509"}],"curies":[{"name":"wp","href":"https:\/\/api.w.org\/{rel}","templated":true}]}}