{"id":4881,"date":"2025-07-28T18:11:23","date_gmt":"2025-07-28T16:11:23","guid":{"rendered":"https:\/\/www.brissago.ch\/?page_id=4881"},"modified":"2025-07-28T18:11:39","modified_gmt":"2025-07-28T16:11:39","slug":"brissago-card","status":"publish","type":"page","link":"https:\/\/www.brissago.ch\/de\/sportello-virtuale\/brissago-card\/","title":{"rendered":"Brissago-Karte"},"content":{"rendered":"<figure class=\"wp-block-mazz-immagine mazz-immagine\"><a href=\"https:\/\/www.brissago.ch\/sito\/wp-content\/uploads\/2025\/03\/brissago-card.jpg\" data-lightbox=\"gallery\" data-title=\"\"><picture><source srcset=\"https:\/\/www.brissago.ch\/sito\/wp-content\/uploads\/2025\/03\/brissago-card-800x350.jpg\" media=\"(max-width: 600px)\"\/><source srcset=\"https:\/\/www.brissago.ch\/sito\/wp-content\/uploads\/2025\/03\/brissago-card.jpg\" media=\"(min-width: 601px)\"\/><img decoding=\"async\" src=\"https:\/\/www.brissago.ch\/sito\/wp-content\/uploads\/2025\/03\/brissago-card.jpg\" alt=\"\" title=\"\"><\/picture><\/a><\/figure>\n\n\n\n<h2 class=\"wp-block-heading\">Wer kann es bekommen?<\/h2>\n\n\n\n<p>Jeder <strong>B\u00fcrger von Brissago<\/strong> Sie k\u00f6nnen die Brissago Card beantragen und alle Konventionen nutzen.<\/p>\n\n\n\n<h2 class=\"wp-block-heading\">Warum fragen Sie danach?<\/h2>\n\n\n\n<p>Es erm\u00f6glicht Ihnen, Erleichterungen f\u00fcr den Zugang zu Einrichtungen wie zu erhalten:<\/p>\n\n\n\n<ul class=\"wp-block-list\">\n<li><strong>Lido von Brissago<\/strong><\/li>\n\n\n\n<li><strong>Lido von Locarno<\/strong><\/li>\n\n\n\n<li><strong>Brissago-Inseln<\/strong><\/li>\n\n\n\n<li><strong>Besteigung von Cardada-Cimetta<\/strong><\/li>\n\n\n\n<li><strong>Sibirische Eisbahn von Ascona<\/strong> (freier Eintritt f\u00fcr Jugendliche bis 16 Jahre)<\/li>\n<\/ul>\n\n\n\n<h2 class=\"wp-block-heading\">Wie bekomme ich es?<\/h2>\n\n\n\n<p>F\u00fcllen Sie das untenstehende Formular aus, um <strong>kostenlos<\/strong> Holen Sie sich Ihre Brissago Card und profitieren Sie von exklusiven Vorteilen. Bei zus\u00e4tzlichen Familienangeh\u00f6rigen sind diese zus\u00e4tzlich zum Antragsteller in dem entsprechenden Feld anzugeben.<\/p>\n\n\n\n<h3 class=\"wp-block-heading\">Anfrage f\u00fcr die Brissago Card<\/h3>\n\n\n\n<div class=\"wp-block-mazz-template\">\t\t<div data-elementor-type=\"container\" data-elementor-id=\"1033\" class=\"elementor elementor-1033\" data-elementor-post-type=\"elementor_library\">\n\t\t\t\t<div class=\"elementor-element elementor-element-c3ac394 e-flex e-con-boxed e-con e-parent\" data-id=\"c3ac394\" data-element_type=\"container\" data-e-type=\"container\">\n\t\t\t\t\t<div class=\"e-con-inner\">\n\t\t\t\t<div class=\"elementor-element elementor-element-3d93872 elementor-button-align-stretch elementor-widget elementor-widget-form\" data-id=\"3d93872\" data-element_type=\"widget\" data-e-type=\"widget\" data-settings=\"{&quot;step_next_label&quot;:&quot;Successivo&quot;,&quot;step_previous_label&quot;:&quot;Precedente&quot;,&quot;button_width&quot;:&quot;33&quot;,&quot;step_type&quot;:&quot;number_text&quot;,&quot;step_icon_shape&quot;:&quot;circle&quot;}\" data-widget_type=\"form.default\">\n\t\t\t\t<div class=\"elementor-widget-container\">\n\t\t\t\t\t\t\t<form class=\"elementor-form\" method=\"post\" name=\"Richiesta Brissago Card\" aria-label=\"Brissago Card Anfrage\" action=\"\">\n\t\t\t<input type=\"hidden\" name=\"post_id\" value=\"1033\"\/>\n\t\t\t<input type=\"hidden\" name=\"form_id\" value=\"3d93872\"\/>\n\t\t\t<input type=\"hidden\" name=\"referer_title\" value=\"\" \/>\n\n\t\t\t\n\t\t\t<div class=\"elementor-form-fields-wrapper elementor-labels-above\">\n\t\t\t\t\t\t\t\t<div class=\"elementor-field-type-text elementor-field-group elementor-column elementor-field-group-nome elementor-col-50 elementor-field-required elementor-mark-required\">\n\t\t\t\t\t\t\t\t\t\t\t\t<label for=\"form-field-nome\" class=\"elementor-field-label\">\n\t\t\t\t\t\t\t\tVorname\t\t\t\t\t\t\t<\/label>\n\t\t\t\t\t\t\t\t\t\t\t\t\t\t<input size=\"1\" type=\"text\" name=\"form_fields[nome]\" id=\"form-field-nome\" class=\"elementor-field elementor-size-md  elementor-field-textual\" required=\"required\">\n\t\t\t\t\t\t\t\t\t\t\t<\/div>\n\t\t\t\t\t\t\t\t<div class=\"elementor-field-type-text elementor-field-group elementor-column elementor-field-group-cognome elementor-col-50 elementor-field-required elementor-mark-required\">\n\t\t\t\t\t\t\t\t\t\t\t\t<label for=\"form-field-cognome\" class=\"elementor-field-label\">\n\t\t\t\t\t\t\t\tNachname\t\t\t\t\t\t\t<\/label>\n\t\t\t\t\t\t\t\t\t\t\t\t\t\t<input size=\"1\" type=\"text\" name=\"form_fields[cognome]\" id=\"form-field-cognome\" class=\"elementor-field elementor-size-md  elementor-field-textual\" required=\"required\">\n\t\t\t\t\t\t\t\t\t\t\t<\/div>\n\t\t\t\t\t\t\t\t<div class=\"elementor-field-type-email elementor-field-group elementor-column elementor-field-group-email elementor-col-50 elementor-field-required elementor-mark-required\">\n\t\t\t\t\t\t\t\t\t\t\t\t<label for=\"form-field-email\" class=\"elementor-field-label\">\n\t\t\t\t\t\t\t\tE-Mail\t\t\t\t\t\t\t<\/label>\n\t\t\t\t\t\t\t\t\t\t\t\t\t\t<input size=\"1\" type=\"email\" name=\"form_fields[email]\" id=\"form-field-email\" class=\"elementor-field elementor-size-md  elementor-field-textual\" required=\"required\">\n\t\t\t\t\t\t\t\t\t\t\t<\/div>\n\t\t\t\t\t\t\t\t<div class=\"elementor-field-type-tel elementor-field-group elementor-column elementor-field-group-telefono elementor-col-50 elementor-field-required elementor-mark-required\">\n\t\t\t\t\t\t\t\t\t\t\t\t<label for=\"form-field-telefono\" class=\"elementor-field-label\">\n\t\t\t\t\t\t\t\tTelefonnummer\t\t\t\t\t\t\t<\/label>\n\t\t\t\t\t\t\t\t<input size=\"1\" type=\"tel\" name=\"form_fields[telefono]\" id=\"form-field-telefono\" class=\"elementor-field elementor-size-md  elementor-field-textual\" required=\"required\" pattern=\"[0-9()#&amp;+*-=.]+\" title=\"Nur Nummern oder Telefon-Zeichen#, -, *, etc) werden akzeptiert.\">\n\n\t\t\t\t\t\t<\/div>\n\t\t\t\t\t\t\t\t<div class=\"elementor-field-type-date elementor-field-group elementor-column elementor-field-group-data_nascita elementor-col-50 elementor-field-required elementor-mark-required\">\n\t\t\t\t\t\t\t\t\t\t\t\t<label for=\"form-field-data_nascita\" class=\"elementor-field-label\">\n\t\t\t\t\t\t\t\tGeburtsdatum\t\t\t\t\t\t\t<\/label>\n\t\t\t\t\t\t\n\t\t<input type=\"date\" name=\"form_fields[data_nascita]\" id=\"form-field-data_nascita\" class=\"elementor-field elementor-size-md  elementor-field-textual elementor-date-field elementor-use-native\" required=\"required\" pattern=\"[0-9]{4}-[0-9]{2}-[0-9]{2}\" min=\"1925-01-01\">\n\t\t\t\t\t\t<\/div>\n\t\t\t\t\t\t\t\t<div class=\"elementor-field-type-html elementor-field-group elementor-column elementor-field-group-field_89f6816 elementor-col-100\">\n\t\t\t\t\t<div id=\"familiari-box\"><\/div>\n<button class=\"add_new\" type=\"button\" onclick=\"aggiungiFamigliare()\">Eine weitere Person aus dem Haushalt hinzuf\u00fcgen<\/button>\n\n<script>\nlet count = 0;\nlet familiari = [];\n\nfunction aggiornaCampoNascosto() {\n\tlet hidden = document.getElementById('form-field-altri_familiari');\n\n\t\/\/ Se il campo non esiste ancora, ritenta dopo un po'\n\tif (!hidden) {\n\t\tconsole.log(\"Campo nascosto non ancora disponibile, riprovo...\");\n\t\tsetTimeout(aggiornaCampoNascosto, 300); \/\/ ritenta tra 300ms\n\t\treturn;\n\t}\n\n\tconsole.log(\"Campo nascosto trovato\", hidden.value);\n\n\tconst output = familiari.map(fam => \n\t`\u2022 Nome: ${fam.nome || ''}\\n\u2022 Cognome: ${fam.cognome || ''}\\n\u2022 Data di nascita: ${fam.data_nascita || ''}\\n---------- `\n).join('\\n');\n\n\thidden.value = output;\n\n}\n\nfunction formattaData(id, value) {\n\t\/\/ Converte da AAAA-MM-GG a GG\/MM\/AAAA\n\tconst [yyyy, mm, dd] = value.split('-');\n\tconst formattata = `${dd}\/${mm}\/${yyyy}`;\n\taggiornaDato(id, 'data_nascita', formattata);\n\taggiornaCampoNascosto();\n}\n\nfunction aggiungiFamigliare() {\n\tconst wrapper = document.getElementById('familiari-box');\n\n\tconst id = `fam_${count++}`;\n\tconst div = document.createElement('div');\n\tdiv.setAttribute('data-id', id);\n\n\tdiv.innerHTML = `\n\t\t<fieldset>\n\t\t\t<legend><em><strong>Nuova persona<\/strong><\/em><\/legend>\n\t\t\t<div class=\"familiari_fields_box\">\n\t\t\t<div class=\"familiari_fields\">\n\t\t\t<input type=\"text\" placeholder=\"Nome\" onchange=\"aggiornaDato('${id}', 'nome', this.value)\" required >\n\t\t\t<input type=\"text\" placeholder=\"Cognome\" onchange=\"aggiornaDato('${id}', 'cognome', this.value)\" required >\n\t\t\t<input type=\"date\" placeholder=\"Data di nascita\" pattern=\"\\\\d{2}\/\\\\d{2}\/\\\\d{4}\" onchange=\"formattaData('${id}', this.value)\" required >\n\t\t\t<\/div>\n\n\t\t\t<button class=\"remove\" type=\"button\" onclick=\"rimuoviFamigliare(this, '${id}')\">Rimuovi<\/button>\n\t\t\t<\/div>\n\t\t<\/fieldset>\n\t`;\n\n\twrapper.appendChild(div);\n\tfamiliari.push({ id, nome: '', cognome: '', data_nascita: '' });\n\taggiornaCampoNascosto();\n}\n\nfunction aggiornaDato(id, campo, valore) {\n\tconst fam = familiari.find(f => f.id === id);\n\tif (fam) {\n\t\tfam[campo] = valore;\n\t\taggiornaCampoNascosto();\n\t}\n}\n\nfunction rimuoviFamigliare(btn, id) {\n\tfamiliari = familiari.filter(f => f.id !== id);\n\tbtn.closest('div[data-id]').remove();\n\taggiornaCampoNascosto();\n}\n\n<\/script>\n\t\t\t\t<\/div>\n\t\t\t\t\t\t\t\t<div class=\"elementor-field-type-hidden elementor-field-group elementor-column elementor-field-group-altri_familiari elementor-col-100\">\n\t\t\t\t\t\t\t\t\t\t\t\t\t<input size=\"1\" type=\"hidden\" name=\"form_fields[altri_familiari]\" id=\"form-field-altri_familiari\" class=\"elementor-field elementor-size-md  elementor-field-textual\" value=\"Nessuno\">\n\t\t\t\t\t\t\t\t\t\t\t<\/div>\n\t\t\t\t\t\t\t\t<div class=\"elementor-field-type-acceptance elementor-field-group elementor-column elementor-field-group-privacy elementor-col-100 elementor-field-required elementor-mark-required\">\n\t\t\t\t\t\t\t\t\t\t\t\t<label for=\"form-field-privacy\" class=\"elementor-field-label\">\n\t\t\t\t\t\t\t\tAkzeptanz der Privatsph\u00e4re\t\t\t\t\t\t\t<\/label>\n\t\t\t\t\t\t\t\t<div class=\"elementor-field-subgroup\">\n\t\t\t<span class=\"elementor-field-option\">\n\t\t\t\t<input type=\"checkbox\" name=\"form_fields[privacy]\" id=\"form-field-privacy\" class=\"elementor-field elementor-size-md  elementor-acceptance-field\" required=\"required\">\n\t\t\t\t<label for=\"form-field-privacy\">Ich akzeptiere die Verarbeitung meiner personenbezogenen Daten zum Zwecke der Beantragung der Brissago Card <a href=\"https:\/\/www.iubenda.com\/privacy-policy\/28842154\" class=\"iubenda-white iubenda-noiframe iubenda-embed\" title=\"Datenschutzerkl\u00e4rung \" target=\"_blank\" rel=\"noopener\">Datenschutzerkl\u00e4rung<\/a><\/label>\t\t\t<\/span>\n\t\t<\/div>\n\t\t\t\t\t\t<\/div>\n\t\t\t\t\t\t\t\t<div class=\"elementor-field-type-recaptcha_v3 elementor-field-group elementor-column elementor-field-group-recaptcha elementor-col-100 recaptcha_v3-bottomright\">\n\t\t\t\t\t<div class=\"elementor-field\" id=\"form-field-recaptcha\"><div class=\"elementor-g-recaptcha\" data-sitekey=\"6Lcl3WQrAAAAAPpmJeCKuESXZS-RamvmzE6rjCbL\" data-type=\"v3\" data-action=\"Form\" data-badge=\"bottomright\" data-size=\"invisible\"><\/div><\/div>\t\t\t\t<\/div>\n\t\t\t\t\t\t\t\t<div class=\"elementor-field-group elementor-column elementor-field-type-submit elementor-col-33 e-form__buttons\">\n\t\t\t\t\t<button class=\"elementor-button elementor-size-sm\" type=\"submit\">\n\t\t\t\t\t\t<span class=\"elementor-button-content-wrapper\">\n\t\t\t\t\t\t\t\t\t\t\t\t\t\t\t\t\t\t\t\t\t\t<span class=\"elementor-button-text\">Abschicken<\/span>\n\t\t\t\t\t\t\t\t\t\t\t\t\t<\/span>\n\t\t\t\t\t<\/button>\n\t\t\t\t<\/div>\n\t\t\t<\/div>\n\t\t<input type=\"hidden\" name=\"etm-form-language\" value=\"de\"\/><\/form>\n\t\t\t\t\t\t<\/div>\n\t\t\t\t<\/div>\n\t\t\t\t<div class=\"elementor-element elementor-element-842c6e5 elementor-widget elementor-widget-html\" data-id=\"842c6e5\" data-element_type=\"widget\" data-e-type=\"widget\" data-widget_type=\"html.default\">\n\t\t\t\t<div class=\"elementor-widget-container\">\n\t\t\t\t\t<script>\nsetTimeout(function () {\n\tconst form = document.querySelector('form[name=\"Richiesta_Brissago_Card\"]');\n\tif (!form) return;\n\n\tform.addEventListener('submit', function () {\n\t\tsetTimeout(function () {\n\t\t\t\/\/ Svuota componenti familiari\n\t\t\tfamiliari = [];\n\n\t\t\tconst wrapper = document.getElementById('familiari-box');\n\t\t\tif (wrapper) wrapper.innerHTML = '';\n\n\t\t\tconst hidden = document.getElementById('form-field-altri_familiari');\n\t\t\tif (hidden) hidden.value = '';\n\n\t\t\t\/\/ Attendi che compaia .elementor-message e aggiungi comportamento al click\n\t\t\tconst osservaMessaggio = setInterval(function () {\n\t\t\t\tconst messaggio = document.querySelector('.elementor-message');\n\t\t\t\tif (messaggio) {\n\t\t\t\t\tclearInterval(osservaMessaggio); \/\/ Interrompi il polling\n\t\t\t\t\t\n\t\t\t\t\t\/\/ Aggiungi cursore e interazione\n\t\t\t\t\tmessaggio.style.cursor = 'pointer';\n\t\t\t\t\tmessaggio.title = 'Clicca per chiudere';\n\n\t\t\t\t\tmessaggio.addEventListener('click', function () {\n\t\t\t\t\t\tmessaggio.style.display = 'none';\n\t\t\t\t\t});\n\t\t\t\t}\n\t\t\t}, 200);\n\t\t}, 300); \/\/ Attendi che il submit abbia avuto effetto\n\t});\n}, 1000);\n<\/script>\n\t\t\t\t<\/div>\n\t\t\t\t<\/div>\n\t\t\t\t\t<\/div>\n\t\t\t\t<\/div>\n\t\t\t\t<\/div>\n\t\t<\/div>\n\n\n\n<div class=\"wp-block-mazz-spazio mazz-spazio normale\"><\/div>\n\n\n\n<h2 class=\"wp-block-heading\">Verlorenes oder besch\u00e4digtes Papier?<\/h2>\n\n\n\n<p>F\u00fcr den Ersatz der Brissago Card k\u00f6nnen Sie sich gegen eine Geb\u00fchr von CHF 20.- an das Gemeindekanzleramt wenden.<\/p>","protected":false},"excerpt":{"rendered":"<p>Wer kann es bekommen? Jeder B\u00fcrger von Brissago kann die Brissago Card beantragen und alle Konventionen nutzen. Warum fragen Sie danach? Es erm\u00f6glicht Ihnen, Erleichterungen f\u00fcr den Zugang zu Einrichtungen wie zu erhalten: Wie bekomme ich es? F\u00fcllen Sie das untenstehende Formular aus, um Ihre Brissago Card kostenlos zu erhalten und auf exklusive Vorteile zuzugreifen. Im Falle zus\u00e4tzlicher Familienangeh\u00f6riger, zus\u00e4tzlich zum Antragsteller, [...]<\/p>","protected":false},"author":1,"featured_media":0,"parent":899,"menu_order":4,"comment_status":"closed","ping_status":"closed","template":"","meta":{"_acf_changed":false,"footnotes":""},"class_list":["post-4881","page","type-page","status-publish","hentry"],"acf":[],"_links":{"self":[{"href":"https:\/\/www.brissago.ch\/de\/wp-json\/wp\/v2\/pages\/4881","targetHints":{"allow":["GET"]}}],"collection":[{"href":"https:\/\/www.brissago.ch\/de\/wp-json\/wp\/v2\/pages"}],"about":[{"href":"https:\/\/www.brissago.ch\/de\/wp-json\/wp\/v2\/types\/page"}],"author":[{"embeddable":true,"href":"https:\/\/www.brissago.ch\/de\/wp-json\/wp\/v2\/users\/1"}],"replies":[{"embeddable":true,"href":"https:\/\/www.brissago.ch\/de\/wp-json\/wp\/v2\/comments?post=4881"}],"version-history":[{"count":0,"href":"https:\/\/www.brissago.ch\/de\/wp-json\/wp\/v2\/pages\/4881\/revisions"}],"up":[{"embeddable":true,"href":"https:\/\/www.brissago.ch\/de\/wp-json\/wp\/v2\/pages\/899"}],"wp:attachment":[{"href":"https:\/\/www.brissago.ch\/de\/wp-json\/wp\/v2\/media?parent=4881"}],"curies":[{"name":"wp","href":"https:\/\/api.w.org\/{rel}","templated":true}]}}