{"id":4746,"date":"2025-07-04T09:44:45","date_gmt":"2025-07-04T07:44:45","guid":{"rendered":"https:\/\/www.brissago.ch\/?page_id=4746"},"modified":"2025-07-04T11:11:07","modified_gmt":"2025-07-04T09:11:07","slug":"campo-da-tennis","status":"publish","type":"page","link":"https:\/\/www.brissago.ch\/de\/turismo-tempo-libero\/campo-da-tennis\/","title":{"rendered":"Tennisplatz"},"content":{"rendered":"<p>Nur wenige Meter vom Ufer des Sees entfernt bietet der Tennisplatz Brissago ein einzigartiges Erlebnis: Eine atemberaubende Aussicht, eingerahmt von den Bergen und mit Blick auf die ber\u00fchmten Brissago-Inseln. Mit seinem Kunstmantel der neuesten Generation (\u00e4hnlich der roten Erde), der 2015 renoviert wurde, sorgt er f\u00fcr hochwertige Spiele und einen immer gepflegten Look.<\/p>\n\n\n\n<figure class=\"wp-block-mazz-immagine mazz-immagine\"><a href=\"https:\/\/www.brissago.ch\/sito\/wp-content\/uploads\/2025\/07\/campo2-002.jpg\" data-lightbox=\"gallery\" data-title=\"\"><picture><source srcset=\"https:\/\/www.brissago.ch\/sito\/wp-content\/uploads\/2025\/07\/campo2-002.jpg\" media=\"(max-width: 600px)\"\/><source srcset=\"https:\/\/www.brissago.ch\/sito\/wp-content\/uploads\/2025\/07\/campo2-002.jpg\" media=\"(min-width: 601px)\"\/><img decoding=\"async\" src=\"https:\/\/www.brissago.ch\/sito\/wp-content\/uploads\/2025\/07\/campo2-002.jpg\" alt=\"\" title=\"\"><\/picture><\/a><\/figure>\n\n\n\n<p>Unser Tennisplatz ist nicht nur ein Ort, um Sport zu treiben, sondern auch ein Treffpunkt f\u00fcr Enthusiasten, Anwohner und Touristen. Seine stimmungsvolle Atmosph\u00e4re, mit Blick auf den See und eingetaucht in die einzigartige Landschaft von Brissago, macht es zu einem echten Juwel der Region.<\/p>\n\n\n\n<p>Weitere Informationen, Anmeldungen, Reservierungen und Aktualisierungen zu Veranstaltungen und Aktivit\u00e4ten finden Sie auf der offiziellen Website: <u><a href=\"http:\/\/www.tcbrissago.com\/\" target=\"_blank\" rel=\"noopener\">www.tcbrissago.com<\/a><\/u>.<\/p>\n\n\n\n<p><\/p>","protected":false},"excerpt":{"rendered":"<p>Nur wenige Meter vom Ufer des Sees entfernt bietet der Tennisplatz Brissago ein einzigartiges Erlebnis: Eine atemberaubende Aussicht, eingerahmt von den Bergen und mit Blick auf die ber\u00fchmten Brissago-Inseln. Mit seinem Kunstmantel der neuesten Generation (\u00e4hnlich der roten Erde), der 2015 renoviert wurde, sorgt er f\u00fcr hochwertige Spiele und einen immer gepflegten Look. [...]<\/p>","protected":false},"author":2,"featured_media":4748,"parent":720,"menu_order":8,"comment_status":"closed","ping_status":"closed","template":"","meta":{"_acf_changed":false,"footnotes":""},"class_list":["post-4746","page","type-page","status-publish","has-post-thumbnail","hentry"],"acf":[],"_links":{"self":[{"href":"https:\/\/www.brissago.ch\/de\/wp-json\/wp\/v2\/pages\/4746","targetHints":{"allow":["GET"]}}],"collection":[{"href":"https:\/\/www.brissago.ch\/de\/wp-json\/wp\/v2\/pages"}],"about":[{"href":"https:\/\/www.brissago.ch\/de\/wp-json\/wp\/v2\/types\/page"}],"author":[{"embeddable":true,"href":"https:\/\/www.brissago.ch\/de\/wp-json\/wp\/v2\/users\/2"}],"replies":[{"embeddable":true,"href":"https:\/\/www.brissago.ch\/de\/wp-json\/wp\/v2\/comments?post=4746"}],"version-history":[{"count":0,"href":"https:\/\/www.brissago.ch\/de\/wp-json\/wp\/v2\/pages\/4746\/revisions"}],"up":[{"embeddable":true,"href":"https:\/\/www.brissago.ch\/de\/wp-json\/wp\/v2\/pages\/720"}],"wp:featuredmedia":[{"embeddable":true,"href":"https:\/\/www.brissago.ch\/de\/wp-json\/wp\/v2\/media\/4748"}],"wp:attachment":[{"href":"https:\/\/www.brissago.ch\/de\/wp-json\/wp\/v2\/media?parent=4746"}],"curies":[{"name":"wp","href":"https:\/\/api.w.org\/{rel}","templated":true}]}}