{"id":3241,"date":"2025-05-12T12:33:59","date_gmt":"2025-05-12T10:33:59","guid":{"rendered":"https:\/\/www.brissago.ch\/sito\/?page_id=3241"},"modified":"2025-05-13T10:00:39","modified_gmt":"2025-05-13T08:00:39","slug":"prenotazione-sale-spazi","status":"publish","type":"page","link":"https:\/\/www.brissago.ch\/de\/sportello-virtuale\/prenotazione-sale-spazi\/","title":{"rendered":"Reservation von S\u00e4le und R\u00e4umen"},"content":{"rendered":"<p>Die Gemeinde Brissago bietet R\u00e4ume und \u00f6ffentliche R\u00e4ume f\u00fcr Veranstaltungen, Tagungen oder private Aktivit\u00e4ten. \u00dcber das untenstehende Formular ist es m\u00f6glich, eine Buchungsanfrage zu senden, die nach Verf\u00fcgbarkeit und den durch die kommunalen Vorschriften festgelegten Nutzungsbedingungen bewertet wird.<\/p>\n\n\n\n<div class=\"wp-block-mazz-pulsante mazz-pulsante\"><a href=\"https:\/\/www.brissago.ch\/de\/sito\/comune\/sale-spazi\/\" class=\"mazz-anchor\">Alle R\u00e4ume und R\u00e4ume anzeigen<\/a><\/div>\n\n\n\n<div class=\"wp-block-mazz-spazio mazz-spazio grande\"><\/div>\n\n\n\n<div class=\"wp-block-mazz-template\">\t\t<div data-elementor-type=\"container\" data-elementor-id=\"1006\" class=\"elementor elementor-1006\" data-elementor-post-type=\"elementor_library\">\n\t\t\t\t<div class=\"elementor-element elementor-element-c3ac394 e-flex e-con-boxed e-con e-parent\" data-id=\"c3ac394\" data-element_type=\"container\" data-e-type=\"container\">\n\t\t\t\t\t<div class=\"e-con-inner\">\n\t\t\t\t<div class=\"elementor-element elementor-element-3d93872 elementor-button-align-stretch elementor-widget elementor-widget-form\" data-id=\"3d93872\" data-element_type=\"widget\" data-e-type=\"widget\" data-settings=\"{&quot;step_next_label&quot;:&quot;Successivo&quot;,&quot;step_previous_label&quot;:&quot;Precedente&quot;,&quot;button_width&quot;:&quot;33&quot;,&quot;step_type&quot;:&quot;number_text&quot;,&quot;step_icon_shape&quot;:&quot;circle&quot;}\" data-widget_type=\"form.default\">\n\t\t\t\t<div class=\"elementor-widget-container\">\n\t\t\t\t\t\t\t<form class=\"elementor-form\" method=\"post\" id=\"riservazione_spazi\" name=\"Riservazione spazi\" aria-label=\"Platzreservierung\" action=\"\">\n\t\t\t<input type=\"hidden\" name=\"post_id\" value=\"1006\"\/>\n\t\t\t<input type=\"hidden\" name=\"form_id\" value=\"3d93872\"\/>\n\t\t\t<input type=\"hidden\" name=\"referer_title\" value=\"\" \/>\n\n\t\t\t\n\t\t\t<div class=\"elementor-form-fields-wrapper elementor-labels-above\">\n\t\t\t\t\t\t\t\t<div class=\"elementor-field-type-html elementor-field-group elementor-column elementor-field-group-field_3e07460 elementor-col-100\">\n\t\t\t\t\t<b>Ansprechpartner<\/b>\t\t\t\t<\/div>\n\t\t\t\t\t\t\t\t<div class=\"elementor-field-type-text elementor-field-group elementor-column elementor-field-group-nome elementor-col-50 elementor-field-required elementor-mark-required\">\n\t\t\t\t\t\t\t\t\t\t\t\t<label for=\"form-field-nome\" class=\"elementor-field-label\">\n\t\t\t\t\t\t\t\tVorname\t\t\t\t\t\t\t<\/label>\n\t\t\t\t\t\t\t\t\t\t\t\t\t\t<input size=\"1\" type=\"text\" name=\"form_fields[nome]\" id=\"form-field-nome\" class=\"elementor-field elementor-size-md  elementor-field-textual\" required=\"required\">\n\t\t\t\t\t\t\t\t\t\t\t<\/div>\n\t\t\t\t\t\t\t\t<div class=\"elementor-field-type-text elementor-field-group elementor-column elementor-field-group-cognome elementor-col-50 elementor-field-required elementor-mark-required\">\n\t\t\t\t\t\t\t\t\t\t\t\t<label for=\"form-field-cognome\" class=\"elementor-field-label\">\n\t\t\t\t\t\t\t\tNachname\t\t\t\t\t\t\t<\/label>\n\t\t\t\t\t\t\t\t\t\t\t\t\t\t<input size=\"1\" type=\"text\" name=\"form_fields[cognome]\" id=\"form-field-cognome\" class=\"elementor-field elementor-size-md  elementor-field-textual\" required=\"required\">\n\t\t\t\t\t\t\t\t\t\t\t<\/div>\n\t\t\t\t\t\t\t\t<div class=\"elementor-field-type-email elementor-field-group elementor-column elementor-field-group-email elementor-col-50 elementor-field-required elementor-mark-required\">\n\t\t\t\t\t\t\t\t\t\t\t\t<label for=\"form-field-email\" class=\"elementor-field-label\">\n\t\t\t\t\t\t\t\tE-Mail\t\t\t\t\t\t\t<\/label>\n\t\t\t\t\t\t\t\t\t\t\t\t\t\t<input size=\"1\" type=\"email\" name=\"form_fields[email]\" id=\"form-field-email\" class=\"elementor-field elementor-size-md  elementor-field-textual\" required=\"required\">\n\t\t\t\t\t\t\t\t\t\t\t<\/div>\n\t\t\t\t\t\t\t\t<div class=\"elementor-field-type-tel elementor-field-group elementor-column elementor-field-group-telefono elementor-col-50 elementor-field-required elementor-mark-required\">\n\t\t\t\t\t\t\t\t\t\t\t\t<label for=\"form-field-telefono\" class=\"elementor-field-label\">\n\t\t\t\t\t\t\t\tTelefonnummer\t\t\t\t\t\t\t<\/label>\n\t\t\t\t\t\t\t\t<input size=\"1\" type=\"tel\" name=\"form_fields[telefono]\" id=\"form-field-telefono\" class=\"elementor-field elementor-size-md  elementor-field-textual\" required=\"required\" pattern=\"[0-9()#&amp;+*-=.]+\" title=\"Nur Nummern oder Telefon-Zeichen#, -, *, etc) werden akzeptiert.\">\n\n\t\t\t\t\t\t<\/div>\n\t\t\t\t\t\t\t\t<div class=\"elementor-field-type-html elementor-field-group elementor-column elementor-field-group-field_28ca1bb elementor-col-100\">\n\t\t\t\t\t<b>Angaben zur Anfrage<\/b>\t\t\t\t<\/div>\n\t\t\t\t\t\t\t\t<div class=\"elementor-field-type-select elementor-field-group elementor-column elementor-field-group-scelta_spazio elementor-col-75 elementor-field-required elementor-mark-required\">\n\t\t\t\t\t\t\t\t\t\t\t\t<label for=\"form-field-scelta_spazio\" class=\"elementor-field-label\">\n\t\t\t\t\t\t\t\tRaumwahl\t\t\t\t\t\t\t<\/label>\n\t\t\t\t\t\t\t\t<div class=\"elementor-field elementor-select-wrapper remove-before\">\n\t\t\t<div class=\"select-caret-down-wrapper\">\n\t\t\t\t<svg aria-hidden=\"true\" class=\"e-font-icon-svg e-eicon-caret-down\" viewbox=\"0 0 571.4 571.4\" xmlns=\"http:\/\/www.w3.org\/2000\/svg\"><path d=\"M571 393Q571 407 561 418L311 668Q300 679 286 679T261 668L11 418Q0 407 0 393T11 368 36 357H536Q550 357 561 368T571 393Z\"><\/path><\/svg>\t\t\t<\/div>\n\t\t\t<select name=\"form_fields[scelta_spazio]\" id=\"form-field-scelta_spazio\" class=\"elementor-field-textual elementor-size-md\" required=\"required\">\n\t\t\t\t\t\t\t\t\t<option value=\"\">W\u00e4hlen Sie einen Bereich<\/option>\n\t\t\t\t\t\t\t\t\t<option value=\"Palazzo Branca-Baccal\u00e0\">Palast Branca-Baccal\u00e0<\/option>\n\t\t\t\t\t\t\t\t\t<option value=\"Sala del Consiglio comunale\">Rathaus der Stadt<\/option>\n\t\t\t\t\t\t\t\t\t<option value=\"Fondo ex Felix\">Ehemaliger Felix Fund<\/option>\n\t\t\t\t\t\t\t\t\t<option value=\"Palestra comunale\">Gemeindegymnasium<\/option>\n\t\t\t\t\t\t\t\t\t<option value=\"Sala riunione Centro nautico\">Tagungsraum Nautisches Zentrum<\/option>\n\t\t\t\t\t\t\t<\/select>\n\t\t<\/div>\n\t\t\t\t\t\t<\/div>\n\t\t\t\t\t\t\t\t<div class=\"elementor-field-type-text elementor-field-group elementor-column elementor-field-group-ospiti elementor-col-25\">\n\t\t\t\t\t\t\t\t\t\t\t\t<label for=\"form-field-ospiti\" class=\"elementor-field-label\">\n\t\t\t\t\t\t\t\tAnzahl G\u00e4ste\t\t\t\t\t\t\t<\/label>\n\t\t\t\t\t\t\t\t\t\t\t\t\t\t<input size=\"1\" type=\"text\" name=\"form_fields[ospiti]\" id=\"form-field-ospiti\" class=\"elementor-field elementor-size-md  elementor-field-textual\">\n\t\t\t\t\t\t\t\t\t\t\t<\/div>\n\t\t\t\t\t\t\t\t<div class=\"elementor-field-type-checkbox elementor-field-group elementor-column elementor-field-group-motivo_richiesta elementor-col-100\">\n\t\t\t\t\t\t\t\t\t\t\t\t<label for=\"form-field-motivo_richiesta\" class=\"elementor-field-label\">\n\t\t\t\t\t\t\t\tGrund f\u00fcr den Antrag\t\t\t\t\t\t\t<\/label>\n\t\t\t\t\t\t<div class=\"elementor-field-subgroup\"><span class=\"elementor-field-option\"><input type=\"checkbox\" value=\"Matrimonio (solo cerimonia)\" id=\"form-field-motivo_richiesta-0\" name=\"form_fields[motivo_richiesta][]\"> <label for=\"form-field-motivo_richiesta-0\">Hochzeit (nur Zeremonie)<\/label><\/span><span class=\"elementor-field-option\"><input type=\"checkbox\" value=\"Matrimonio (cerimonia + ricevimento)\" id=\"form-field-motivo_richiesta-1\" name=\"form_fields[motivo_richiesta][]\"> <label for=\"form-field-motivo_richiesta-1\">Hochzeit (Zeremonie + Empfang)<\/label><\/span><span class=\"elementor-field-option\"><input type=\"checkbox\" value=\"Conferenza\" id=\"form-field-motivo_richiesta-2\" name=\"form_fields[motivo_richiesta][]\"> <label for=\"form-field-motivo_richiesta-2\">Konferenz<\/label><\/span><span class=\"elementor-field-option\"><input type=\"checkbox\" value=\"Concerto\" id=\"form-field-motivo_richiesta-3\" name=\"form_fields[motivo_richiesta][]\"> <label for=\"form-field-motivo_richiesta-3\">Konzert<\/label><\/span><span class=\"elementor-field-option\"><input type=\"checkbox\" value=\"Festa privata\" id=\"form-field-motivo_richiesta-4\" name=\"form_fields[motivo_richiesta][]\"> <label for=\"form-field-motivo_richiesta-4\">Privatfeier<\/label><\/span><span class=\"elementor-field-option\"><input type=\"checkbox\" value=\"Catering\" id=\"form-field-motivo_richiesta-5\" name=\"form_fields[motivo_richiesta][]\"> <label for=\"form-field-motivo_richiesta-5\">Verpflegung<\/label><\/span><span class=\"elementor-field-option\"><input type=\"checkbox\" value=\"Altro (specificare nella richiesta)\" id=\"form-field-motivo_richiesta-6\" name=\"form_fields[motivo_richiesta][]\"> <label for=\"form-field-motivo_richiesta-6\">Sonstiges (bitte im Antrag angeben)<\/label><\/span><\/div>\t\t\t\t<\/div>\n\t\t\t\t\t\t\t\t<div class=\"elementor-field-type-html elementor-field-group elementor-column elementor-field-group-field_3760681 elementor-col-100\">\n\t\t\t\t\t<b>Tag und Uhrzeit<\/b>\t\t\t\t<\/div>\n\t\t\t\t\t\t\t\t<div class=\"elementor-field-type-date elementor-field-group elementor-column elementor-field-group-data_inizio elementor-col-25 elementor-field-required elementor-mark-required\">\n\t\t\t\t\t\t\t\t\t\t\t\t<label for=\"form-field-data_inizio\" class=\"elementor-field-label\">\n\t\t\t\t\t\t\t\tAb Datum\t\t\t\t\t\t\t<\/label>\n\t\t\t\t\t\t\n\t\t<input type=\"date\" name=\"form_fields[data_inizio]\" id=\"form-field-data_inizio\" class=\"elementor-field elementor-size-md  elementor-field-textual elementor-date-field elementor-use-native\" required=\"required\" pattern=\"[0-9]{4}-[0-9]{2}-[0-9]{2}\">\n\t\t\t\t\t\t<\/div>\n\t\t\t\t\t\t\t\t<div class=\"elementor-field-type-time elementor-field-group elementor-column elementor-field-group-ora_inizio elementor-col-25 elementor-field-required elementor-mark-required\">\n\t\t\t\t\t\t\t\t\t\t\t\t<label for=\"form-field-ora_inizio\" class=\"elementor-field-label\">\n\t\t\t\t\t\t\t\tZeitplan\t\t\t\t\t\t\t<\/label>\n\t\t\t\t\t\t\t\t<input type=\"time\" name=\"form_fields[ora_inizio]\" id=\"form-field-ora_inizio\" class=\"elementor-field elementor-size-md  elementor-field-textual elementor-time-field elementor-use-native\" required=\"required\">\n\t\t\t\t\t\t<\/div>\n\t\t\t\t\t\t\t\t<div class=\"elementor-field-type-date elementor-field-group elementor-column elementor-field-group-data_fine elementor-col-25 elementor-field-required elementor-mark-required\">\n\t\t\t\t\t\t\t\t\t\t\t\t<label for=\"form-field-data_fine\" class=\"elementor-field-label\">\n\t\t\t\t\t\t\t\tBis zum Datum\t\t\t\t\t\t\t<\/label>\n\t\t\t\t\t\t\n\t\t<input type=\"date\" name=\"form_fields[data_fine]\" id=\"form-field-data_fine\" class=\"elementor-field elementor-size-md  elementor-field-textual elementor-date-field elementor-use-native\" required=\"required\" pattern=\"[0-9]{4}-[0-9]{2}-[0-9]{2}\">\n\t\t\t\t\t\t<\/div>\n\t\t\t\t\t\t\t\t<div class=\"elementor-field-type-time elementor-field-group elementor-column elementor-field-group-ora_fine elementor-col-25 elementor-field-required elementor-mark-required\">\n\t\t\t\t\t\t\t\t\t\t\t\t<label for=\"form-field-ora_fine\" class=\"elementor-field-label\">\n\t\t\t\t\t\t\t\tZeitplan\t\t\t\t\t\t\t<\/label>\n\t\t\t\t\t\t\t\t<input type=\"time\" name=\"form_fields[ora_fine]\" id=\"form-field-ora_fine\" class=\"elementor-field elementor-size-md  elementor-field-textual elementor-time-field elementor-use-native\" required=\"required\">\n\t\t\t\t\t\t<\/div>\n\t\t\t\t\t\t\t\t<div class=\"elementor-field-type-textarea elementor-field-group elementor-column elementor-field-group-messaggio elementor-col-100\">\n\t\t\t\t\t\t\t\t\t\t\t\t<label for=\"form-field-messaggio\" class=\"elementor-field-label\">\n\t\t\t\t\t\t\t\tIrgendwelche Anfragen\t\t\t\t\t\t\t<\/label>\n\t\t\t\t\t\t<textarea class=\"elementor-field-textual elementor-field  elementor-size-md\" name=\"form_fields[messaggio]\" id=\"form-field-messaggio\" rows=\"5\"><\/textarea>\t\t\t\t<\/div>\n\t\t\t\t\t\t\t\t<div class=\"elementor-field-type-recaptcha_v3 elementor-field-group elementor-column elementor-field-group-recaptcha elementor-col-100 recaptcha_v3-bottomright\">\n\t\t\t\t\t<div class=\"elementor-field\" id=\"form-field-recaptcha\"><div class=\"elementor-g-recaptcha\" data-sitekey=\"6Lcl3WQrAAAAAPpmJeCKuESXZS-RamvmzE6rjCbL\" data-type=\"v3\" data-action=\"Form\" data-badge=\"bottomright\" data-size=\"invisible\"><\/div><\/div>\t\t\t\t<\/div>\n\t\t\t\t\t\t\t\t<div class=\"elementor-field-group elementor-column elementor-field-type-submit elementor-col-33 e-form__buttons\">\n\t\t\t\t\t<button class=\"elementor-button elementor-size-sm\" type=\"submit\">\n\t\t\t\t\t\t<span class=\"elementor-button-content-wrapper\">\n\t\t\t\t\t\t\t\t\t\t\t\t\t\t\t\t\t\t\t\t\t\t<span class=\"elementor-button-text\">Abschicken<\/span>\n\t\t\t\t\t\t\t\t\t\t\t\t\t<\/span>\n\t\t\t\t\t<\/button>\n\t\t\t\t<\/div>\n\t\t\t<\/div>\n\t\t<input type=\"hidden\" name=\"etm-form-language\" value=\"de\"\/><\/form>\n\t\t\t\t\t\t<\/div>\n\t\t\t\t<\/div>\n\t\t\t\t<div class=\"elementor-element elementor-element-58d387a elementor-widget elementor-widget-html\" data-id=\"58d387a\" data-element_type=\"widget\" data-e-type=\"widget\" data-widget_type=\"html.default\">\n\t\t\t\t<div class=\"elementor-widget-container\">\n\t\t\t\t\t<script>\n\/\/ Seleziona automaticamente lo spazio in base alla pagina\ndocument.addEventListener('DOMContentLoaded', function () {\n\tconst select = document.getElementById('form-field-scelta_spazio');\n\tconst nomeSpazio = document.querySelector('#nome_spazio h2');\n\n\tif (select && nomeSpazio) {\n\t\tconst valoreDaUsare = nomeSpazio.textContent.trim();\n\n\t\t\/\/ Cerca un'opzione che combacia col testo estratto\n\t\tconst match = Array.from(select.options).find(opt => opt.text.trim() === valoreDaUsare);\n\n\t\tif (match) {\n\t\t\tselect.value = match.value;\n\t\t\t\/\/select.disabled = true;\n\t\t}\n\t}\n});\n\n\/\/ Chiudi gli avvisi al click\nsetTimeout(function () {\n\tconst form = document.getElementById(\"riservazione_spazi\");\n\tif (!form) return;\n\n\tform.addEventListener('submit', function () {\n\t\tsetTimeout(function () {\n\t\t\t\/\/ Attendi che compaia .elementor-message e aggiungi comportamento al click\n\t\t\tconst osservaMessaggio = setInterval(function () {\n\t\t\t\tconst messaggio = document.querySelector('.elementor-message');\n\t\t\t\tif (messaggio) {\n\t\t\t\t\tclearInterval(osservaMessaggio); \/\/ Interrompi il polling\n\t\t\t\t\t\n\t\t\t\t\t\/\/ Aggiungi cursore e interazione\n\t\t\t\t\tmessaggio.style.cursor = 'pointer';\n\t\t\t\t\tmessaggio.title = 'Clicca per chiudere';\n\n\t\t\t\t\tmessaggio.addEventListener('click', function () {\n\t\t\t\t\t\tmessaggio.style.display = 'none';\n\t\t\t\t\t});\n\t\t\t\t}\n\t\t\t}, 200);\n\t\t}, 300); \/\/ Attendi che il submit abbia avuto effetto\n\t});\n}, 1000);\n<\/script>\n\t\t\t\t<\/div>\n\t\t\t\t<\/div>\n\t\t\t\t\t<\/div>\n\t\t\t\t<\/div>\n\t\t\t\t<\/div>\n\t\t<\/div>","protected":false},"excerpt":{"rendered":"<p>Die Gemeinde Brissago bietet R\u00e4ume und \u00f6ffentliche R\u00e4ume f\u00fcr Veranstaltungen, Tagungen oder private Aktivit\u00e4ten. \u00dcber das untenstehende Formular ist es m\u00f6glich, eine Buchungsanfrage zu senden, die nach Verf\u00fcgbarkeit und den durch die kommunalen Vorschriften festgelegten Nutzungsbedingungen bewertet wird.<\/p>","protected":false},"author":1,"featured_media":0,"parent":899,"menu_order":5,"comment_status":"closed","ping_status":"closed","template":"","meta":{"_acf_changed":false,"footnotes":""},"class_list":["post-3241","page","type-page","status-publish","hentry"],"acf":[],"_links":{"self":[{"href":"https:\/\/www.brissago.ch\/de\/wp-json\/wp\/v2\/pages\/3241","targetHints":{"allow":["GET"]}}],"collection":[{"href":"https:\/\/www.brissago.ch\/de\/wp-json\/wp\/v2\/pages"}],"about":[{"href":"https:\/\/www.brissago.ch\/de\/wp-json\/wp\/v2\/types\/page"}],"author":[{"embeddable":true,"href":"https:\/\/www.brissago.ch\/de\/wp-json\/wp\/v2\/users\/1"}],"replies":[{"embeddable":true,"href":"https:\/\/www.brissago.ch\/de\/wp-json\/wp\/v2\/comments?post=3241"}],"version-history":[{"count":0,"href":"https:\/\/www.brissago.ch\/de\/wp-json\/wp\/v2\/pages\/3241\/revisions"}],"up":[{"embeddable":true,"href":"https:\/\/www.brissago.ch\/de\/wp-json\/wp\/v2\/pages\/899"}],"wp:attachment":[{"href":"https:\/\/www.brissago.ch\/de\/wp-json\/wp\/v2\/media?parent=3241"}],"curies":[{"name":"wp","href":"https:\/\/api.w.org\/{rel}","templated":true}]}}