{"id":3231,"date":"2025-05-12T11:29:04","date_gmt":"2025-05-12T09:29:04","guid":{"rendered":"https:\/\/www.brissago.ch\/sito\/?page_id=3231"},"modified":"2025-09-30T15:08:35","modified_gmt":"2025-09-30T13:08:35","slug":"vivere-brissago","status":"publish","type":"page","link":"https:\/\/www.brissago.ch\/de\/vivere-brissago\/","title":{"rendered":"Wohnen in Brissago"},"content":{"rendered":"<p>Stellen Sie sich einen Ort vor, an dem sich die Sch\u00f6nheit des Lago Maggiore mit hochwertigen Dienstleistungen, einem milden Klima und einer einladenden Gemeinschaft verbindet. Willkommen in Brissago, dem Juwel des Lago Maggiore, wo Leben bedeutet, jeden Tag Wohlbefinden zu atmen.<\/p>\n\n\n\n<h2 class=\"wp-block-heading\">Warum Brissago f\u00fcr Ihre Familie w\u00e4hlen?<\/h2>\n\n\n\n<div class=\"wp-block-mazz-spazio mazz-spazio normale\"><\/div>\n\n\n\n<figure class=\"wp-block-mazz-immagine mazz-immagine hero\"><a href=\"https:\/\/www.brissago.ch\/sito\/wp-content\/uploads\/2025\/03\/istruzione_04.jpg\" data-lightbox=\"gallery\" data-title=\"Un sostegno concreto alle famiglie\"><picture><source srcset=\"https:\/\/www.brissago.ch\/sito\/wp-content\/uploads\/2025\/03\/istruzione_04-800x311.jpg\" media=\"(max-width: 600px)\"\/><source srcset=\"https:\/\/www.brissago.ch\/sito\/wp-content\/uploads\/2025\/03\/istruzione_04.jpg\" media=\"(min-width: 601px)\"\/><img decoding=\"async\" src=\"https:\/\/www.brissago.ch\/sito\/wp-content\/uploads\/2025\/03\/istruzione_04.jpg\" alt=\"\" title=\"\"><\/picture><\/a><figcaption class=\"mazz-immagine-didascalia\"><span>Konkrete Unterst\u00fctzung f\u00fcr Familien<\/span><\/figcaption><\/figure>\n\n\n\n<div class=\"wp-block-group mazz_icon is-vertical is-layout-flex wp-container-core-group-is-layout-0a6e6e4a wp-block-group-is-layout-flex\">\n<h3 class=\"wp-block-heading\">Kinderbetreuungsdienste<\/h3>\n\n\n\n<p>In Brissago steht die Familie im Mittelpunkt der kommunalen Politik. Seit Dezember 2024 ist ein operativer <strong>Nest der Kindheit<\/strong> Es bietet Platz f\u00fcr Kinder von 0 bis 48 Monaten, befindet sich im Erdgeschoss der st\u00e4dtischen Schule, mit Zugang zu einem gro\u00dfen Garten. Die Gemeinde \u00fcbernimmt die Anmeldegeb\u00fchr und bietet einen Beitrag von 30% auf die monatliche Geb\u00fchr f\u00fcr Personen mit Wohnsitz.<\/p>\n\n\n\n<p>Dar\u00fcber hinaus begr\u00fc\u00dft das au\u00dferschulische Zentrum \u201eMira\u201c Kinder im Alter von 4 bis 15 Jahren sowohl in der Schule als auch in den Ferien und bietet ein anregendes und sicheres Umfeld.<\/p>\n\n\n\n<div class=\"wp-block-mazz-pulsante mazz-pulsante\"><a href=\"https:\/\/www.brissago.ch\/de\/sito\/servizi-cittadino\/istruzione\/\" class=\"mazz-anchor\">Erfahren Sie mehr \u00fcber Bildung und Sozialit\u00e4t<\/a><\/div>\n<\/div>\n\n\n\n<div class=\"wp-block-mazz-spazio mazz-spazio normale\"><\/div>\n\n\n\n<div class=\"wp-block-group mazz_icon is-vertical is-layout-flex wp-container-core-group-is-layout-fe9cc265 wp-block-group-is-layout-flex\">\n<h3 class=\"wp-block-heading\">Engagement f\u00fcr die Zukunft<\/h3>\n\n\n\n<p>Brissago f\u00f6rdert aktiv die<strong>Energieeffizienz<\/strong> und die Verwendung von <strong>Erneuerbare Energien<\/strong>. Durch die <strong>Energie-Schreibtisch<\/strong>, Anwohner haben Zugang zu Anreizen f\u00fcr:<\/p>\n\n\n\n<ul class=\"wp-block-list\">\n<li>Installation von Photovoltaik- und Solarthermieanlagen<\/li>\n\n\n\n<li>Kauf von Elektroger\u00e4ten und Elektrofahrzeugen<\/li>\n\n\n\n<li>energetische Sanierung von Geb\u00e4uden<\/li>\n<\/ul>\n\n\n\n<p>Die Gemeinde hat einen kommunalen Energieplan (PECo) angenommen, um diese Initiativen zu leiten.<\/p>\n\n\n\n<div class=\"wp-block-mazz-pulsante mazz-pulsante\"><a href=\"https:\/\/www.brissago.ch\/de\/sito\/sportello-virtuale\/sportello-energia\/\" class=\"mazz-anchor\">Erfahren Sie mehr \u00fcber den Energy Desk<\/a><\/div>\n<\/div>\n\n\n\n<div class=\"wp-block-mazz-spazio mazz-spazio normale\"><\/div>\n\n\n\n<div class=\"wp-block-group mazz_icon is-vertical is-layout-flex wp-container-core-group-is-layout-fe9cc265 wp-block-group-is-layout-flex\">\n<h3 class=\"wp-block-heading\">Exklusive Vorteile f\u00fcr Bewohner mit der Brissago Card<\/h3>\n\n\n\n<p>Die <strong>Brissago-Karte<\/strong> ist der Pass, um die Wunder unseres Territoriums zu entdecken. Reserviert f\u00fcr die Bewohner, bietet es zahlreiche Rabatte auf lokale Kultur-, Sport- und Freizeitaktivit\u00e4ten. Eine M\u00f6glichkeit, die Gemeinschaft vollst\u00e4ndig zu leben und Geld zu sparen.<\/p>\n\n\n\n<div class=\"wp-block-mazz-pulsante mazz-pulsante\"><a href=\"https:\/\/www.brissago.ch\/de\/sito\/sportello-virtuale\/brissago-card\/\" class=\"mazz-anchor\">Erfahren Sie mehr \u00fcber die Brissago Card<\/a><\/div>\n<\/div>\n\n\n\n<div class=\"wp-block-mazz-spazio mazz-spazio grande\"><\/div>\n\n\n\n<figure class=\"wp-block-mazz-immagine mazz-immagine hero\"><a href=\"https:\/\/www.brissago.ch\/sito\/wp-content\/uploads\/2025\/03\/isole-brissago_02.jpg\" data-lightbox=\"gallery\" data-title=\"Un paradiso tra lago e montagna\"><picture><source srcset=\"https:\/\/www.brissago.ch\/sito\/wp-content\/uploads\/2025\/03\/isole-brissago_02-800x350.jpg\" media=\"(max-width: 600px)\"\/><source srcset=\"https:\/\/www.brissago.ch\/sito\/wp-content\/uploads\/2025\/03\/isole-brissago_02.jpg\" media=\"(min-width: 601px)\"\/><img decoding=\"async\" src=\"https:\/\/www.brissago.ch\/sito\/wp-content\/uploads\/2025\/03\/isole-brissago_02.jpg\" alt=\"\" title=\"\"><\/picture><\/a><figcaption class=\"mazz-immagine-didascalia\"><span>Ein Paradies zwischen See und Berg<\/span><\/figcaption><\/figure>\n\n\n\n<div class=\"wp-block-group mazz_icon is-vertical is-layout-flex wp-container-core-group-is-layout-fe9cc265 wp-block-group-is-layout-flex\">\n<h3 class=\"wp-block-heading\">Leben in Kontakt mit der Natur<\/h3>\n\n\n\n<p>Brissago ist eine Ecke des Paradieses, wo die Natur in all ihrer Sch\u00f6nheit zum Ausdruck kommt. Le <strong>Brissago-Inseln<\/strong>, Sie befinden sich am Lago Maggiore und beherbergen dank des milden Klimas, das die Region charakterisiert, einen botanischen Garten mit \u00fcber 1.700 exotischen Pflanzenarten. Aktivit\u00e4ten am See, wie Segeln, Schwimmen und Angeln, bieten Momente der Entspannung und Spa\u00df f\u00fcr die ganze Familie. F\u00fcr Liebhaber des Wanderns k\u00f6nnen Sie auf den malerischen Wegen zwischen W\u00e4ldern und H\u00fcgeln atemberaubende Landschaften und eine einzigartige Artenvielfalt entdecken.<\/p>\n<\/div>\n\n\n\n<div class=\"wp-block-mazz-spazio mazz-spazio normale\"><\/div>\n\n\n\n<div class=\"wp-block-group mazz_icon is-vertical is-layout-flex wp-container-core-group-is-layout-fe9cc265 wp-block-group-is-layout-flex\">\n<h3 class=\"wp-block-heading\">Ein Hauch von Mittelmeer in der Schweiz<\/h3>\n\n\n\n<p>Brissago genie\u00dft eine <strong>besonders mildes Klima<\/strong>, Es ist eines der angenehmsten in der Schweiz. Dank seiner privilegierten Lage am Lago Maggiore und dem Einfluss der Seestr\u00f6mungen bleiben die Temperaturen auch im Winter mild, w\u00e4hrend die Sommer sonnig, aber windig sind. Dieses Mikroklima erm\u00f6glicht den Anbau subtropischer Pflanzen wie Palmen und Zitrusfr\u00fcchte und erm\u00f6glicht es Ihnen, die meiste Zeit des Jahres im Freien zu leben, einschlie\u00dflich Spazierg\u00e4ngen, Sport und Entspannungsmomenten in der Natur.<\/p>\n\n\n\n<div class=\"wp-block-mazz-pulsante mazz-pulsante\"><a href=\"https:\/\/www.brissago.ch\/de\/sito\/turismo-tempo-libero\/scopri-brissago\/\" class=\"mazz-anchor\">Erfahren Sie mehr \u00fcber das Gebiet von Brissago<\/a><\/div>\n<\/div>\n\n\n\n<div class=\"wp-block-mazz-spazio mazz-spazio grande\"><\/div>\n\n\n\n<figure class=\"wp-block-mazz-immagine mazz-immagine hero\"><a href=\"https:\/\/www.brissago.ch\/sito\/wp-content\/uploads\/2025\/03\/Museo_Leoncavallo_08.jpg\" data-lightbox=\"gallery\" data-title=\"Comunit\u00e0 e Cultura\"><picture><source srcset=\"https:\/\/www.brissago.ch\/sito\/wp-content\/uploads\/2025\/03\/Museo_Leoncavallo_08-800x400.jpg\" media=\"(max-width: 600px)\"\/><source srcset=\"https:\/\/www.brissago.ch\/sito\/wp-content\/uploads\/2025\/03\/Museo_Leoncavallo_08.jpg\" media=\"(min-width: 601px)\"\/><img decoding=\"async\" src=\"https:\/\/www.brissago.ch\/sito\/wp-content\/uploads\/2025\/03\/Museo_Leoncavallo_08.jpg\" alt=\"\" title=\"\"><\/picture><\/a><figcaption class=\"mazz-immagine-didascalia\"><span>Gemeinschaft und Kultur<\/span><\/figcaption><\/figure>\n\n\n\n<div class=\"wp-block-group mazz_icon is-vertical is-layout-flex wp-container-core-group-is-layout-fe9cc265 wp-block-group-is-layout-flex\">\n<h3 class=\"wp-block-heading\">Ein Kalender voller Emotionen<\/h3>\n\n\n\n<p>Das kulturelle Leben von Brissago ist lebendig und fesselnd. Die <strong>das Ruggero Leoncavallo Museum<\/strong>, Es ist dem ber\u00fchmten Komponisten gewidmet, der in Brissago lebte und bietet ein Eintauchen in die Geschichte der lokalen Musik und Kultur. Im Laufe des Jahres, die <strong>Gemeinde organisiert zahlreiche Veranstaltungen<\/strong>, wie Konzerte, Kunstausstellungen und traditionelle Veranstaltungen, die die Pl\u00e4tze beleben und B\u00fcrger und Besucher einbeziehen. Diese Initiativen tragen dazu bei, ein Gemeinschaftsgef\u00fchl zu schaffen und lokale Traditionen zu st\u00e4rken.<\/p>\n\n\n\n<div class=\"wp-block-mazz-pulsante mazz-pulsante\"><a href=\"https:\/\/www.brissago.ch\/de\/sito\/turismo-tempo-libero\/eventi\/\" class=\"mazz-anchor\">Entdecken Sie die Veranstaltungen<\/a><\/div>\n<\/div>\n\n\n\n<div class=\"wp-block-mazz-spazio mazz-spazio normale\"><\/div>\n\n\n\n<div class=\"wp-block-group mazz_icon is-vertical is-layout-flex wp-container-core-group-is-layout-fe9cc265 wp-block-group-is-layout-flex\">\n<h3 class=\"wp-block-heading\">Gemeinschaften und Vereinigungen: ein Solidarit\u00e4tsnetzwerk<\/h3>\n\n\n\n<p>Brissago verf\u00fcgt \u00fcber eine aktive und unterst\u00fctzende Gemeinschaft mit zahlreichen Verb\u00e4nden, die in verschiedenen Bereichen t\u00e4tig sind, von sozial bis sportlich, von Kultur bis Umwelt. Diese Realit\u00e4ten bieten M\u00f6glichkeiten f\u00fcr Partizipation und Freiwilligenarbeit, f\u00f6rdern die Integration und das Zugeh\u00f6rigkeitsgef\u00fchl. Dar\u00fcber hinaus f\u00f6rdert die Gemeinde Initiativen zur Einbeziehung der B\u00fcrger in das \u00f6ffentliche Leben und zur Unterst\u00fctzung der schw\u00e4chsten Bev\u00f6lkerungsgruppen.<\/p>\n\n\n\n<div class=\"wp-block-mazz-pulsante mazz-pulsante\"><a href=\"https:\/\/www.brissago.ch\/de\/sito\/comune\/enti-associazioni\/\" class=\"mazz-anchor\">Erfahren Sie mehr \u00fcber Organisationen und Verb\u00e4nde<\/a><\/div>\n<\/div>\n\n\n\n<div class=\"wp-block-mazz-spazio mazz-spazio normale\"><\/div>\n\n\n\n<div class=\"wp-block-group mazz_icon is-vertical is-layout-flex wp-container-core-group-is-layout-e1300cac wp-block-group-is-layout-flex\">\n<h3 class=\"wp-block-heading\">Dienstleistungen: Alles an Ihren Fingerspitzen<\/h3>\n\n\n\n<p>Leben in Brissago bedeutet, Zugang zu allen wesentlichen Dienstleistungen zu haben, ohne die Ruhe einer kleinen Stadt aufzugeben. Es gibt Banken, Post, Superm\u00e4rkte, Gesch\u00e4fte verschiedener Art, Bars und Restaurants, die lokale Produkte und typische K\u00fcche anbieten. Effiziente \u00f6ffentliche Verkehrsmittel verbinden Brissago mit den wichtigsten St\u00e4dten des Tessins und erleichtern das Reisen f\u00fcr Arbeit oder Freizeit. Dar\u00fcber hinaus ist die Gemeinde mit Bildungs-, Gesundheits- und Sporteinrichtungen ausgestattet, die eine hohe Lebensqualit\u00e4t f\u00fcr jedes Alter garantieren.<\/p>\n\n\n\n<div class=\"wp-block-mazz-pulsante mazz-pulsante\"><a href=\"https:\/\/www.brissago.ch\/de\/sito\/turismo-tempo-libero\/negozi-servizi\/\" class=\"mazz-anchor\">Erfahren Sie mehr \u00fcber Gesch\u00e4fte und Dienstleistungen<\/a><\/div>\n<\/div>\n\n\n\n<div class=\"wp-block-mazz-spazio mazz-spazio normale\"><\/div>\n\n\n\n<div class=\"wp-block-group mazz_icon is-vertical is-layout-flex wp-container-core-group-is-layout-fe9cc265 wp-block-group-is-layout-flex\">\n<h3 class=\"wp-block-heading\">Auf der Suche nach einem Zuhause? Wir helfen Ihnen!<\/h3>\n\n\n\n<p>Die Stadtkanzlei steht Ihnen zur Verf\u00fcgung, um Sie bei der Suche nach Wohnungen oder H\u00e4usern zur Miete oder zum Verkauf in Brissago zu unterst\u00fctzen. Ein Service, der Ihren Transfer so einfach und friedlich wie m\u00f6glich macht.<\/p>\n<\/div>\n\n\n\n<div class=\"wp-block-mazz-spazio mazz-spazio normale\"><\/div>\n\n\n\n<h2 class=\"wp-block-heading\">W\u00e4hlen Sie die Lebensqualit\u00e4t, w\u00e4hlen Sie in Brissago zu leben!<\/h2>\n\n\n\n<h3 class=\"wp-block-heading\">Kontaktieren Sie uns noch heute und finden Sie heraus, wie einfach es sein kann, sich wie zu Hause zu f\u00fchlen<\/h3>\n\n\n\n<p>F\u00fcr weitere Informationen oder um einen Termin zu vereinbaren, z\u00f6gern Sie nicht, uns zu kontaktieren:<\/p>\n\n\n\n<ul class=\"wp-block-list\">\n<li><strong>Telefonnummer<\/strong>: +41 91 786 81 50<\/li>\n\n\n\n<li><strong>E-Mail<\/strong>: <a href=\"mailto:cancelleria@brissago.ch\">cancelleria@brissago.ch<\/a><\/li>\n\n\n\n<li><strong>\u00d6ffnungszeiten<\/strong>: Mo\u2013Fr, 8.30\u201311.30 Uhr \/ 14.00\u201316.00 Uhr<\/li>\n<\/ul>\n\n\n\n<p>Brissago erwartet Sie mit M\u00f6glichkeiten, Ruhe und einem Lebensstil, der auf Sie und Ihre Familie zugeschnitten ist.<\/p>\n\n\n\n<p><\/p>","protected":false},"excerpt":{"rendered":"<p>Stellen Sie sich einen Ort vor, an dem sich die Sch\u00f6nheit des Lago Maggiore mit hochwertigen Dienstleistungen, einem milden Klima und einer einladenden Gemeinschaft verbindet. Willkommen in Brissago, dem Juwel des Lago Maggiore, wo Leben bedeutet, jeden Tag Wohlbefinden zu atmen. Warum Brissago f\u00fcr Ihre Familie w\u00e4hlen? Kinderbetreuung In Brissago steht die Familie im Mittelpunkt der [...]<\/p>","protected":false},"author":1,"featured_media":4389,"parent":0,"menu_order":4,"comment_status":"closed","ping_status":"closed","template":"","meta":{"_acf_changed":false,"footnotes":""},"class_list":["post-3231","page","type-page","status-publish","has-post-thumbnail","hentry"],"acf":[],"_links":{"self":[{"href":"https:\/\/www.brissago.ch\/de\/wp-json\/wp\/v2\/pages\/3231","targetHints":{"allow":["GET"]}}],"collection":[{"href":"https:\/\/www.brissago.ch\/de\/wp-json\/wp\/v2\/pages"}],"about":[{"href":"https:\/\/www.brissago.ch\/de\/wp-json\/wp\/v2\/types\/page"}],"author":[{"embeddable":true,"href":"https:\/\/www.brissago.ch\/de\/wp-json\/wp\/v2\/users\/1"}],"replies":[{"embeddable":true,"href":"https:\/\/www.brissago.ch\/de\/wp-json\/wp\/v2\/comments?post=3231"}],"version-history":[{"count":0,"href":"https:\/\/www.brissago.ch\/de\/wp-json\/wp\/v2\/pages\/3231\/revisions"}],"wp:featuredmedia":[{"embeddable":true,"href":"https:\/\/www.brissago.ch\/de\/wp-json\/wp\/v2\/media\/4389"}],"wp:attachment":[{"href":"https:\/\/www.brissago.ch\/de\/wp-json\/wp\/v2\/media?parent=3231"}],"curies":[{"name":"wp","href":"https:\/\/api.w.org\/{rel}","templated":true}]}}