{"id":2980,"date":"2025-05-05T14:09:20","date_gmt":"2025-05-05T12:09:20","guid":{"rendered":"https:\/\/www.brissago.ch\/sito\/?page_id=2980"},"modified":"2025-09-05T14:24:32","modified_gmt":"2025-09-05T12:24:32","slug":"istituto-scolastico-comunale","status":"publish","type":"page","link":"https:\/\/www.brissago.ch\/de\/servizi-cittadino\/istruzione\/istituto-scolastico-comunale\/","title":{"rendered":"St\u00e4dtische Schule"},"content":{"rendered":"<div class=\"wp-block-mazz-spazio mazz-spazio minimo\"><\/div>\n\n\n\n<p>Die<strong>St\u00e4dtische Schule von Brissago<\/strong> Es bietet ein einladendes und anregendes Umfeld f\u00fcr Kinder und Jugendliche und begleitet sie auf ihrem Bildungsweg vom Kindergarten bis zur Grundschule. Das Institut zeichnet sich durch seinen Fokus auf individuelles Wachstum, das Wohlbefinden der Sch\u00fcler und die Zusammenarbeit mit Familien aus.<\/p>\n\n\n\n<div class=\"wp-block-mazz-spazio mazz-spazio minimo\"><\/div>\n\n\n\n<div class=\"wp-block-mazz-gallery mazz_gallery swiper\"><div class=\"swiper-wrapper\"><div class=\"mazz_item swiper-slide\"><figure><a href=\"https:\/\/www.brissago.ch\/sito\/wp-content\/uploads\/2025\/03\/istruzione_01-1920x768.jpg\" data-lightbox=\"gallery\" data-title=\"\"><picture><source srcset=\"https:\/\/www.brissago.ch\/sito\/wp-content\/uploads\/2025\/03\/istruzione_01-800x320.jpg\" media=\"(max-width: 600px)\"\/><source srcset=\"https:\/\/www.brissago.ch\/sito\/wp-content\/uploads\/2025\/03\/istruzione_01-1920x768.jpg\" media=\"(min-width: 601px)\"\/><img decoding=\"async\" src=\"https:\/\/www.brissago.ch\/sito\/wp-content\/uploads\/2025\/03\/istruzione_01-1920x768.jpg\" alt=\"\" title=\"\"><\/picture><\/a><\/figure><\/div><div class=\"mazz_item swiper-slide\"><figure><a href=\"https:\/\/www.brissago.ch\/sito\/wp-content\/uploads\/2025\/03\/istruzione_15.jpg\" data-lightbox=\"gallery\" data-title=\"\"><picture><source srcset=\"https:\/\/www.brissago.ch\/sito\/wp-content\/uploads\/2025\/03\/istruzione_15-800x534.jpg\" media=\"(max-width: 600px)\"\/><source srcset=\"https:\/\/www.brissago.ch\/sito\/wp-content\/uploads\/2025\/03\/istruzione_15.jpg\" media=\"(min-width: 601px)\"\/><img decoding=\"async\" src=\"https:\/\/www.brissago.ch\/sito\/wp-content\/uploads\/2025\/03\/istruzione_15.jpg\" alt=\"\" title=\"\"><\/picture><\/a><\/figure><\/div><div class=\"mazz_item swiper-slide\"><figure><a href=\"https:\/\/www.brissago.ch\/sito\/wp-content\/uploads\/2025\/03\/istruzione_03.jpg\" data-lightbox=\"gallery\" data-title=\"\"><picture><source srcset=\"https:\/\/www.brissago.ch\/sito\/wp-content\/uploads\/2025\/03\/istruzione_03-800x534.jpg\" media=\"(max-width: 600px)\"\/><source srcset=\"https:\/\/www.brissago.ch\/sito\/wp-content\/uploads\/2025\/03\/istruzione_03.jpg\" media=\"(min-width: 601px)\"\/><img decoding=\"async\" src=\"https:\/\/www.brissago.ch\/sito\/wp-content\/uploads\/2025\/03\/istruzione_03.jpg\" alt=\"\" title=\"\"><\/picture><\/a><\/figure><\/div><div class=\"mazz_item swiper-slide\"><figure><a href=\"https:\/\/www.brissago.ch\/sito\/wp-content\/uploads\/2025\/03\/istruzione_11.jpg\" data-lightbox=\"gallery\" data-title=\"\"><picture><source srcset=\"https:\/\/www.brissago.ch\/sito\/wp-content\/uploads\/2025\/03\/istruzione_11-800x534.jpg\" media=\"(max-width: 600px)\"\/><source srcset=\"https:\/\/www.brissago.ch\/sito\/wp-content\/uploads\/2025\/03\/istruzione_11.jpg\" media=\"(min-width: 601px)\"\/><img decoding=\"async\" src=\"https:\/\/www.brissago.ch\/sito\/wp-content\/uploads\/2025\/03\/istruzione_11.jpg\" alt=\"\" title=\"\"><\/picture><\/a><\/figure><\/div><div class=\"mazz_item swiper-slide\"><figure><a href=\"https:\/\/www.brissago.ch\/sito\/wp-content\/uploads\/2025\/03\/istruzione_10.jpg\" data-lightbox=\"gallery\" data-title=\"\"><picture><source srcset=\"https:\/\/www.brissago.ch\/sito\/wp-content\/uploads\/2025\/03\/istruzione_10-800x380.jpg\" media=\"(max-width: 600px)\"\/><source srcset=\"https:\/\/www.brissago.ch\/sito\/wp-content\/uploads\/2025\/03\/istruzione_10.jpg\" media=\"(min-width: 601px)\"\/><img decoding=\"async\" src=\"https:\/\/www.brissago.ch\/sito\/wp-content\/uploads\/2025\/03\/istruzione_10.jpg\" alt=\"\" title=\"\"><\/picture><\/a><\/figure><\/div><div class=\"mazz_item swiper-slide\"><figure><a href=\"https:\/\/www.brissago.ch\/sito\/wp-content\/uploads\/2025\/03\/istruzione_02.jpg\" data-lightbox=\"gallery\" data-title=\"\"><picture><source srcset=\"https:\/\/www.brissago.ch\/sito\/wp-content\/uploads\/2025\/03\/istruzione_02-800x350.jpg\" media=\"(max-width: 600px)\"\/><source srcset=\"https:\/\/www.brissago.ch\/sito\/wp-content\/uploads\/2025\/03\/istruzione_02.jpg\" media=\"(min-width: 601px)\"\/><img decoding=\"async\" src=\"https:\/\/www.brissago.ch\/sito\/wp-content\/uploads\/2025\/03\/istruzione_02.jpg\" alt=\"\" title=\"\"><\/picture><\/a><\/figure><\/div><div class=\"mazz_item swiper-slide\"><figure><a href=\"https:\/\/www.brissago.ch\/sito\/wp-content\/uploads\/2025\/03\/istruzione_16.jpg\" data-lightbox=\"gallery\" data-title=\"\"><picture><source srcset=\"https:\/\/www.brissago.ch\/sito\/wp-content\/uploads\/2025\/03\/istruzione_16-800x534.jpg\" media=\"(max-width: 600px)\"\/><source srcset=\"https:\/\/www.brissago.ch\/sito\/wp-content\/uploads\/2025\/03\/istruzione_16.jpg\" media=\"(min-width: 601px)\"\/><img decoding=\"async\" src=\"https:\/\/www.brissago.ch\/sito\/wp-content\/uploads\/2025\/03\/istruzione_16.jpg\" alt=\"\" title=\"\"><\/picture><\/a><\/figure><\/div><\/div><div class=\"mazz_slider-pagination\"><\/div><div class=\"mazz_slider-next\">\n    <svg class=\"mazz_icon freccia_lunga\" xmlns=\"http:\/\/www.w3.org\/2000\/svg\" viewbox=\"0 0 30 30\"><path d=\"M29.61,15.38c.05-.12.08-.25.08-.38s-.03-.26-.08-.38c-.05-.12-.12-.23-.22-.32L16.51,1.41c-.39-.39-1.02-.39-1.41,0s-.39,1.02,0,1.41l11.18,11.18H1.31c-.55,0-1,.45-1,1s.45,1,1,1h24.97l-11.18,11.18c-.39.39-.39,1.02,0,1.41.2.2.45.29.71.29s.51-.1.71-.29l12.89-12.89c.09-.09.17-.2.22-.32Z\"\/><\/svg><\/div><div class=\"mazz_slider-prev\">\n    <svg class=\"mazz_icon freccia_lunga\" xmlns=\"http:\/\/www.w3.org\/2000\/svg\" viewbox=\"0 0 30 30\"><path d=\"M29.61,15.38c.05-.12.08-.25.08-.38s-.03-.26-.08-.38c-.05-.12-.12-.23-.22-.32L16.51,1.41c-.39-.39-1.02-.39-1.41,0s-.39,1.02,0,1.41l11.18,11.18H1.31c-.55,0-1,.45-1,1s.45,1,1,1h24.97l-11.18,11.18c-.39.39-.39,1.02,0,1.41.2.2.45.29.71.29s.51-.1.71-.29l12.89-12.89c.09-.09.17-.2.22-.32Z\"\/><\/svg><\/div><\/div>\n\n\n\n<p>Die Schule bietet mehrere erg\u00e4nzende Dienstleistungen an:<\/p>\n\n\n\n<ul class=\"wp-block-list\">\n<li>die\u00a0<strong>Gemeindegymnasium<\/strong>, die sowohl von Klassen w\u00e4hrend der Schulzeit als auch von lokalen Sportvereinen f\u00fcr au\u00dferschulische Aktivit\u00e4ten genutzt werden<\/li>\n\n\n\n<li>die&nbsp;<strong><a href=\"https:\/\/www.brissago.ch\/de\/sito\/servizi-cittadino\/istruzione\/nido-infanzia-cucciolo\/\" data-type=\"page\" data-id=\"2978\">Kindheitsnest Welpe<\/a><\/strong><\/li>\n\n\n\n<li>die\u00a0<strong><a href=\"https:\/\/www.brissago.ch\/de\/sito\/servizi-cittadino\/istruzione\/centro-extrascolastico-e-mensa-mira\/\" data-type=\"page\" data-id=\"2982\">Au\u00dferschulischer Service<\/a><\/strong>\u00a0und die\u00a0<strong><a href=\"https:\/\/www.brissago.ch\/de\/sito\/servizi-cittadino\/istruzione\/centro-extrascolastico-e-mensa-mira\/\" data-type=\"page\" data-id=\"2982\">Schulkantine<\/a><\/strong>, verwaltet von\u00a0<strong>der Zerosedici Stiftung<\/strong>, die den einheimischen Familien wertvolle Unterst\u00fctzung bieten<\/li>\n<\/ul>\n\n\n\n<p>Au\u00dferhalb des Geb\u00e4udes gibt es eine\u00a0<strong>Gro\u00dfer Sportplatz<\/strong>, Es wird f\u00fcr die k\u00f6rperliche und Freizeitaktivit\u00e4ten der Sch\u00fcler sowie f\u00fcr Sportveranstaltungen und Gemeinschaftsinitiativen verwendet.<\/p>\n\n\n\n<div class=\"wp-block-mazz-spazio mazz-spazio normale\"><\/div>\n\n\n\n<h2 class=\"wp-block-heading\">Brissago Elternversammlung<\/h2>\n\n\n\n<p>Die Elternversammlung arbeitet aktiv mit der Direktion der Schule zusammen und organisiert w\u00e4hrend des Schuljahres verschiedene Aktivit\u00e4ten.<\/p>\n\n\n\n<ul class=\"wp-block-list\">\n<li><strong>Vorsitz:<\/strong> Pagani Samantha<\/li>\n<\/ul>\n\n\n\n<div class=\"wp-block-mazz-spazio mazz-spazio normale\"><\/div>","protected":false},"excerpt":{"rendered":"<p>Die Gemeindeschule in Brissago bietet Kindern und Jugendlichen ein einladendes und anregendes Umfeld und begleitet sie auf ihrem Bildungsweg von der Vorschule zur Grundschule. Das Institut zeichnet sich durch seinen Fokus auf individuelles Wachstum, das Wohlbefinden der Sch\u00fcler und die Zusammenarbeit mit Familien aus. Die Schule beherbergt mehrere erg\u00e4nzende Dienstleistungen: Au\u00dferhalb [...]<\/p>","protected":false},"author":1,"featured_media":2687,"parent":717,"menu_order":1,"comment_status":"closed","ping_status":"closed","template":"","meta":{"_acf_changed":false,"footnotes":""},"class_list":["post-2980","page","type-page","status-publish","has-post-thumbnail","hentry"],"acf":[],"_links":{"self":[{"href":"https:\/\/www.brissago.ch\/de\/wp-json\/wp\/v2\/pages\/2980","targetHints":{"allow":["GET"]}}],"collection":[{"href":"https:\/\/www.brissago.ch\/de\/wp-json\/wp\/v2\/pages"}],"about":[{"href":"https:\/\/www.brissago.ch\/de\/wp-json\/wp\/v2\/types\/page"}],"author":[{"embeddable":true,"href":"https:\/\/www.brissago.ch\/de\/wp-json\/wp\/v2\/users\/1"}],"replies":[{"embeddable":true,"href":"https:\/\/www.brissago.ch\/de\/wp-json\/wp\/v2\/comments?post=2980"}],"version-history":[{"count":0,"href":"https:\/\/www.brissago.ch\/de\/wp-json\/wp\/v2\/pages\/2980\/revisions"}],"up":[{"embeddable":true,"href":"https:\/\/www.brissago.ch\/de\/wp-json\/wp\/v2\/pages\/717"}],"wp:featuredmedia":[{"embeddable":true,"href":"https:\/\/www.brissago.ch\/de\/wp-json\/wp\/v2\/media\/2687"}],"wp:attachment":[{"href":"https:\/\/www.brissago.ch\/de\/wp-json\/wp\/v2\/media?parent=2980"}],"curies":[{"name":"wp","href":"https:\/\/api.w.org\/{rel}","templated":true}]}}