{"id":2743,"date":"2025-03-18T09:50:58","date_gmt":"2025-03-18T08:50:58","guid":{"rendered":"https:\/\/www.brissago.ch\/sito\/?page_id=2743"},"modified":"2025-05-22T12:02:43","modified_gmt":"2025-05-22T10:02:43","slug":"escursioni-natura","status":"publish","type":"page","link":"https:\/\/www.brissago.ch\/de\/turismo-tempo-libero\/scopri-brissago\/escursioni-natura\/","title":{"rendered":"Ausfl\u00fcge und Natur"},"content":{"rendered":"<p>Seit einiger Zeit werden gro\u00dfe Anstrengungen unternommen, um die Wege, die die verschiedenen Orte verbinden, zu verbessern und vor allem denjenigen, die vom Berggebiet zu den Gipfeln f\u00fchren, die sich im See widerspiegeln, zu erleichtern. Eine <strong>Komplettes Streckennetz<\/strong> (deutlich auf einer Karte angegeben, die speziell f\u00fcr Touristen entworfen wurde) schl\u00e4ngelt sich durch lachende W\u00e4lder und ber\u00fchrt Orte, die von Gr\u00fcn umgeben sind.<\/p>\n\n\n\n<p>Im oberen Bereich erreichen Sie die <strong>Krone der Pinci<\/strong>, die <strong>L\u00f6we aus Spitze<\/strong> und die <strong>Ghiridon<\/strong>, von dem aus Sie einen herrlichen Blick auf den See und die K\u00fcstenorte genie\u00dfen k\u00f6nnen.<\/p>\n\n\n\n<p>Unter den Errungenschaften der letzten Jahre weisen wir auf die <strong>Almh\u00fctte in Legn<\/strong>, die es Wanderern und Bergliebhabern erm\u00f6glicht, unvergessliche Ausfl\u00fcge und Aufenthalte in einer einzigartigen alpinen Umgebung zu organisieren. <\/p>\n\n\n\n<p>Die <strong>Weiden<\/strong> Es war einmal (Naccio, Alpe Cassone, Mergugno, Arolgia, Cortaccio) als \u00dcberreste einer b\u00e4uerlichen Vergangenheit, die heute nur noch im Ged\u00e4chtnis der \u00e4lteren Menschen erhalten ist. Auch hier, durch das Wunder der Natur, steht die <strong>des Heiligen Waldes<\/strong>, wo er w\u00e4hrend der Bl\u00fctezeit des Cytisus ein gro\u00dfes Waldgebiet oberhalb von Mergugno gelb f\u00e4rbt.<\/p>\n\n\n\n<h2 class=\"wp-block-heading\">An der Schwelle von Brissago \u2013 historische und landschaftliche Route<\/h2>\n\n\n\n<figure class=\"wp-block-mazz-immagine mazz-immagine\"><a href=\"https:\/\/www.brissago.ch\/sito\/wp-content\/uploads\/2025\/05\/brissago-dal-lago_01.jpg\" data-lightbox=\"gallery\" data-title=\"\"><picture><source srcset=\"https:\/\/www.brissago.ch\/sito\/wp-content\/uploads\/2025\/05\/brissago-dal-lago_01-800x250.jpg\" media=\"(max-width: 600px)\"\/><source srcset=\"https:\/\/www.brissago.ch\/sito\/wp-content\/uploads\/2025\/05\/brissago-dal-lago_01.jpg\" media=\"(min-width: 601px)\"\/><img decoding=\"async\" src=\"https:\/\/www.brissago.ch\/sito\/wp-content\/uploads\/2025\/05\/brissago-dal-lago_01.jpg\" alt=\"\" title=\"\"><\/picture><\/a><\/figure>\n\n\n\n<p>Diese historische Landschaftsroute m\u00f6chte die architektonischen und landschaftlichen Sch\u00f6nheiten von Brissago hervorheben. Es erz\u00e4hlt auch die Geschichte und die Ereignisse der ber\u00fchmten Menschen, die dort lebten und rezensiert die wichtigen und \/ oder neugierigen Ereignisse, die dort passiert sind. Der einleitende Text l\u00e4dt den Besucher ein, sich zu entspannen, zu meditieren, sich vom Alltagsstress zu l\u00f6sen und in die umliegenden Sch\u00f6nheiten einzutauchen. An der Schwelle von Brissago kann ein Besucher ein Dorf mit all seinen Besonderheiten entdecken und sich darin wiederentdecken.<\/p>\n\n\n\n<blockquote class=\"wp-block-quote is-layout-flow wp-block-quote-is-layout-flow\">\n<p>Die Rundwanderung erstreckt sich \u00fcber 5 km mit einem H\u00f6henunterschied von 170 m und einer Fahrzeit von 1,5-2 Stunden.<\/p>\n<\/blockquote>\n\n\n\n<p><strong>Laden Sie die Brosch\u00fcre f\u00fcr die Route \u201eAn der Schwelle von Brissago\u201c herunter:<\/strong><\/p>\n\n\n\n<div class=\"wp-block-group is-nowrap is-layout-flex wp-container-core-group-is-layout-6c531013 wp-block-group-is-layout-flex\">\n<div class=\"wp-block-mazz-link mazz-link download\"><a href=\"https:\/\/www.brissago.ch\/de\/files\/Brissago_-_Libretto_-_IT.pdf\/\" class=\"mazz-anchor download\" target=\"_blank\" rel=\"noopener noreferrer\"><i>\n    <svg class=\"mazz_icon download\" xmlns=\"http:\/\/www.w3.org\/2000\/svg\" viewbox=\"0 0 30 30\"><path d=\"M28,20.26c-.28,0-.5.22-.5.5v2.87c0,1.69-1.38,3.06-3.06,3.06H5.56c-1.69,0-3.06-1.37-3.06-3.06v-2.87c0-.28-.22-.5-.5-.5s-.5.22-.5.5v2.87c0,2.24,1.82,4.06,4.06,4.06h18.87c2.24,0,4.06-1.82,4.06-4.06v-2.87c0-.28-.22-.5-.5-.5Z\"><\/path><path d=\"M14.29,23.6c.09.09.2.17.33.22.12.05.25.08.38.08s.26-.03.38-.08c.12-.05.23-.12.33-.22l9.48-9.48c.39-.39.39-1.02,0-1.41s-1.02-.39-1.41,0l-7.77,7.77V2.75c0-.55-.45-1-1-1s-1,.45-1,1v17.73l-7.77-7.77c-.39-.39-1.02-.39-1.41,0s-.39,1.02,0,1.41l9.48,9.48Z\"><\/path><\/svg><\/i>Italienisch (IT)<\/a><\/div>\n\n\n\n<div class=\"wp-block-mazz-link mazz-link download\"><a href=\"https:\/\/www.brissago.ch\/de\/files\/Brissago_-_Libretto_-_DE.pdf\/\" class=\"mazz-anchor download\" target=\"_blank\" rel=\"noopener noreferrer\"><i>\n    <svg class=\"mazz_icon download\" xmlns=\"http:\/\/www.w3.org\/2000\/svg\" viewbox=\"0 0 30 30\"><path d=\"M28,20.26c-.28,0-.5.22-.5.5v2.87c0,1.69-1.38,3.06-3.06,3.06H5.56c-1.69,0-3.06-1.37-3.06-3.06v-2.87c0-.28-.22-.5-.5-.5s-.5.22-.5.5v2.87c0,2.24,1.82,4.06,4.06,4.06h18.87c2.24,0,4.06-1.82,4.06-4.06v-2.87c0-.28-.22-.5-.5-.5Z\"><\/path><path d=\"M14.29,23.6c.09.09.2.17.33.22.12.05.25.08.38.08s.26-.03.38-.08c.12-.05.23-.12.33-.22l9.48-9.48c.39-.39.39-1.02,0-1.41s-1.02-.39-1.41,0l-7.77,7.77V2.75c0-.55-.45-1-1-1s-1,.45-1,1v17.73l-7.77-7.77c-.39-.39-1.02-.39-1.41,0s-.39,1.02,0,1.41l9.48,9.48Z\"><\/path><\/svg><\/i>Deutsch (DE)<\/a><\/div>\n<\/div>\n\n\n\n<div class=\"wp-block-mazz-spazio mazz-spazio normale\"><\/div>\n\n\n\n<h2 class=\"wp-block-heading\">Die Sch\u00e4tze von Brissago \u2013 Schatzsuche<\/h2>\n\n\n\n<figure class=\"wp-block-mazz-immagine mazz-immagine\"><a href=\"https:\/\/www.brissago.ch\/sito\/wp-content\/uploads\/2025\/05\/copertina-app.jpg\" data-lightbox=\"gallery\" data-title=\"\"><picture><source srcset=\"https:\/\/www.brissago.ch\/sito\/wp-content\/uploads\/2025\/05\/copertina-app-800x300.jpg\" media=\"(max-width: 600px)\"\/><source srcset=\"https:\/\/www.brissago.ch\/sito\/wp-content\/uploads\/2025\/05\/copertina-app.jpg\" media=\"(min-width: 601px)\"\/><img decoding=\"async\" src=\"https:\/\/www.brissago.ch\/sito\/wp-content\/uploads\/2025\/05\/copertina-app.jpg\" alt=\"\" title=\"\"><\/picture><\/a><\/figure>\n\n\n\n<p>Sie sollten wissen, dass Brissago vor vielen Jahren nicht das ruhige und h\u00fcbsche Dorf war, das wir heute kennen. Zwischen den Besitzungen der Konf\u00f6derierten und des Herzogtums Mailand gelegen, war das Gebiet von Brissago ein Land der \u00dcberf\u00e4lle von Banditen und Landeplatz von Piraten, die immer darum k\u00e4mpften, die gro\u00dfen Reicht\u00fcmer zu ergreifen, die diese L\u00e4nder als Mitgift hatten.<br>Eines Tages erz\u00e4hlt die Legende jedoch, dass ein schelmischer Teufel einige M\u00fcnzen aus einem Piratenschatz gestohlen und im ganzen Dorf verstreut hat. Unter den uralten Charakteren und mysteri\u00f6sen Kreaturen liegt es nun an Ihnen, Brissago zu erkunden, um die M\u00fcnzen zu finden und zu verstehen, wo sich die mysteri\u00f6se Schatztruhe versteckt: Lasst die Jagd beginnen!<\/p>\n\n\n\n<blockquote class=\"wp-block-quote is-layout-flow wp-block-quote-is-layout-flow\">\n<p>Um die Suche zu starten, laden Sie die App jetzt im App Store oder Google Play herunter und sammeln Sie die Papierkarte in der Bar Incontro vor dem Rathaus (Kosten CHF 5), sobald die Jagd vorbei ist, hat jede fertige Karte Anspruch auf einen sch\u00f6nen Preis.<\/p>\n<\/blockquote>\n\n\n\n<ul class=\"wp-block-list\">\n<li>Dauer: 1,5 h<\/li>\n\n\n\n<li>Entfernung: 2,5 km<\/li>\n\n\n\n<li>H\u00f6henunterschied: 115 m<\/li>\n<\/ul>\n\n\n\n<p>Die Schatzsuche macht Spa\u00df und ist interessant f\u00fcr die ganze Familie. Kinder (ab 4 Jahren) werden es besonders m\u00f6gen und es ist auch eine ausgezeichnete Gelegenheit, das Landesinnere und die Bergh\u00e4nge zu erkunden.<\/p>\n\n\n\n<p><strong>Kartenabholzeiten:&nbsp;<\/strong> t\u00e4glich von 8:00 bis 20:00 Uhr an der Bar Incontro<\/p>\n\n\n\n<p>Laden Sie jetzt die Anwendung herunter auf:<\/p>\n\n\n\n<div class=\"wp-block-group has-medium-font-size is-nowrap is-layout-flex wp-container-core-group-is-layout-6c531013 wp-block-group-is-layout-flex\">\n<figure class=\"wp-block-mazz-immagine mazz-immagine  img_icon\"><a href=\"https:\/\/apps.apple.com\/ch\/app\/i-tesori-di-brissago\/id1626981513?l=en\" target=\"_blank\" rel=\"noopener\"><picture><source srcset=\"https:\/\/www.brissago.ch\/sito\/wp-content\/uploads\/2025\/05\/appstore-icon.png\" media=\"(max-width: 600px)\"\/><source srcset=\"https:\/\/www.brissago.ch\/sito\/wp-content\/uploads\/2025\/05\/appstore-icon.png\" media=\"(min-width: 601px)\"\/><img decoding=\"async\" src=\"https:\/\/www.brissago.ch\/sito\/wp-content\/uploads\/2025\/05\/appstore-icon.png\" alt=\"\" title=\"\"><\/picture><\/a><\/figure>\n\n\n\n<figure class=\"wp-block-mazz-immagine mazz-immagine  img_icon\"><a href=\"https:\/\/play.google.com\/store\/apps\/details?id=com.macaco.TesoriDiBrissago\" target=\"_blank\" rel=\"noopener\"><picture><source srcset=\"https:\/\/www.brissago.ch\/sito\/wp-content\/uploads\/2025\/05\/googleplay-icon.png\" media=\"(max-width: 600px)\"\/><source srcset=\"https:\/\/www.brissago.ch\/sito\/wp-content\/uploads\/2025\/05\/googleplay-icon.png\" media=\"(min-width: 601px)\"\/><img decoding=\"async\" src=\"https:\/\/www.brissago.ch\/sito\/wp-content\/uploads\/2025\/05\/googleplay-icon.png\" alt=\"\" title=\"\"><\/picture><\/a><\/figure>\n<\/div>\n\n\n\n<div class=\"wp-block-mazz-spazio mazz-spazio normale\"><\/div>\n\n\n\n<h2 class=\"wp-block-heading\">Laufende Projekte<\/h2>\n\n\n\n<h3 class=\"wp-block-heading\">Brissago \u2013 Studie \u00fcber Reisezielanalyse und Tourismusentwicklung<\/h3>\n\n\n\n<div class=\"wp-block-mazz-link mazz-link download\"><a href=\"https:\/\/www.brissago.ch\/de\/files\/Analisi_parte_1.pdf\/\" class=\"mazz-anchor download\" target=\"_blank\" rel=\"noopener noreferrer\"><i>\n    <svg class=\"mazz_icon download\" xmlns=\"http:\/\/www.w3.org\/2000\/svg\" viewbox=\"0 0 30 30\"><path d=\"M28,20.26c-.28,0-.5.22-.5.5v2.87c0,1.69-1.38,3.06-3.06,3.06H5.56c-1.69,0-3.06-1.37-3.06-3.06v-2.87c0-.28-.22-.5-.5-.5s-.5.22-.5.5v2.87c0,2.24,1.82,4.06,4.06,4.06h18.87c2.24,0,4.06-1.82,4.06-4.06v-2.87c0-.28-.22-.5-.5-.5Z\"><\/path><path d=\"M14.29,23.6c.09.09.2.17.33.22.12.05.25.08.38.08s.26-.03.38-.08c.12-.05.23-.12.33-.22l9.48-9.48c.39-.39.39-1.02,0-1.41s-1.02-.39-1.41,0l-7.77,7.77V2.75c0-.55-.45-1-1-1s-1,.45-1,1v17.73l-7.77-7.77c-.39-.39-1.02-.39-1.41,0s-.39,1.02,0,1.41l9.48,9.48Z\"><\/path><\/svg><\/i>Tourist Brissago (Teil 1)<\/a><\/div>\n\n\n\n<div class=\"wp-block-mazz-link mazz-link download\"><a href=\"https:\/\/www.brissago.ch\/de\/files\/Analisi_parte_2.pdf\/\" class=\"mazz-anchor download\" target=\"_blank\" rel=\"noopener noreferrer\"><i>\n    <svg class=\"mazz_icon download\" xmlns=\"http:\/\/www.w3.org\/2000\/svg\" viewbox=\"0 0 30 30\"><path d=\"M28,20.26c-.28,0-.5.22-.5.5v2.87c0,1.69-1.38,3.06-3.06,3.06H5.56c-1.69,0-3.06-1.37-3.06-3.06v-2.87c0-.28-.22-.5-.5-.5s-.5.22-.5.5v2.87c0,2.24,1.82,4.06,4.06,4.06h18.87c2.24,0,4.06-1.82,4.06-4.06v-2.87c0-.28-.22-.5-.5-.5Z\"><\/path><path d=\"M14.29,23.6c.09.09.2.17.33.22.12.05.25.08.38.08s.26-.03.38-.08c.12-.05.23-.12.33-.22l9.48-9.48c.39-.39.39-1.02,0-1.41s-1.02-.39-1.41,0l-7.77,7.77V2.75c0-.55-.45-1-1-1s-1,.45-1,1v17.73l-7.77-7.77c-.39-.39-1.02-.39-1.41,0s-.39,1.02,0,1.41l9.48,9.48Z\"><\/path><\/svg><\/i>Tourist Brissago (Teil 2)<\/a><\/div>\n\n\n\n<div class=\"wp-block-mazz-spazio mazz-spazio normale\"><\/div>\n\n\n\n<h2 class=\"wp-block-heading\">N\u00fctzliche Informationen<\/h2>\n\n\n\n<div class=\"wp-block-mazz-link mazz-link download\"><a href=\"https:\/\/www.brissago.ch\/de\/files\/Spazi_culturali_Locarnese_e_Valli_2022-06-13_21-54_3.pdf\/\" class=\"mazz-anchor download\" target=\"_blank\" rel=\"noopener noreferrer\"><i>\n    <svg class=\"mazz_icon download\" xmlns=\"http:\/\/www.w3.org\/2000\/svg\" viewbox=\"0 0 30 30\"><path d=\"M28,20.26c-.28,0-.5.22-.5.5v2.87c0,1.69-1.38,3.06-3.06,3.06H5.56c-1.69,0-3.06-1.37-3.06-3.06v-2.87c0-.28-.22-.5-.5-.5s-.5.22-.5.5v2.87c0,2.24,1.82,4.06,4.06,4.06h18.87c2.24,0,4.06-1.82,4.06-4.06v-2.87c0-.28-.22-.5-.5-.5Z\"><\/path><path d=\"M14.29,23.6c.09.09.2.17.33.22.12.05.25.08.38.08s.26-.03.38-.08c.12-.05.23-.12.33-.22l9.48-9.48c.39-.39.39-1.02,0-1.41s-1.02-.39-1.41,0l-7.77,7.77V2.75c0-.55-.45-1-1-1s-1,.45-1,1v17.73l-7.77-7.77c-.39-.39-1.02-.39-1.41,0s-.39,1.02,0,1.41l9.48,9.48Z\"><\/path><\/svg><\/i>Liste der Kulturr\u00e4ume in Locarno und T\u00e4lern<\/a><\/div>\n\n\n\n<p><\/p>","protected":false},"excerpt":{"rendered":"<p>Seit einiger Zeit werden gro\u00dfe Anstrengungen unternommen, um die Wege, die die verschiedenen Orte verbinden, zu verbessern und vor allem denjenigen, die vom Berggebiet zu den Gipfeln f\u00fchren, die sich im See widerspiegeln, zu erleichtern. Ein komplettes Netz von Wanderwegen (deutlich in einer Karte angegeben, speziell f\u00fcr Touristen) windet sich durch lachende W\u00e4lder, [...]<\/p>","protected":false},"author":1,"featured_media":3537,"parent":888,"menu_order":5,"comment_status":"closed","ping_status":"closed","template":"","meta":{"_acf_changed":false,"footnotes":""},"class_list":["post-2743","page","type-page","status-publish","has-post-thumbnail","hentry"],"acf":[],"_links":{"self":[{"href":"https:\/\/www.brissago.ch\/de\/wp-json\/wp\/v2\/pages\/2743","targetHints":{"allow":["GET"]}}],"collection":[{"href":"https:\/\/www.brissago.ch\/de\/wp-json\/wp\/v2\/pages"}],"about":[{"href":"https:\/\/www.brissago.ch\/de\/wp-json\/wp\/v2\/types\/page"}],"author":[{"embeddable":true,"href":"https:\/\/www.brissago.ch\/de\/wp-json\/wp\/v2\/users\/1"}],"replies":[{"embeddable":true,"href":"https:\/\/www.brissago.ch\/de\/wp-json\/wp\/v2\/comments?post=2743"}],"version-history":[{"count":0,"href":"https:\/\/www.brissago.ch\/de\/wp-json\/wp\/v2\/pages\/2743\/revisions"}],"up":[{"embeddable":true,"href":"https:\/\/www.brissago.ch\/de\/wp-json\/wp\/v2\/pages\/888"}],"wp:featuredmedia":[{"embeddable":true,"href":"https:\/\/www.brissago.ch\/de\/wp-json\/wp\/v2\/media\/3537"}],"wp:attachment":[{"href":"https:\/\/www.brissago.ch\/de\/wp-json\/wp\/v2\/media?parent=2743"}],"curies":[{"name":"wp","href":"https:\/\/api.w.org\/{rel}","templated":true}]}}