{"id":2580,"date":"2025-03-17T11:30:10","date_gmt":"2025-03-17T10:30:10","guid":{"rendered":"https:\/\/www.brissago.ch\/sito\/?page_id=2580"},"modified":"2026-04-09T13:30:20","modified_gmt":"2026-04-09T11:30:20","slug":"museo-ruggero-leoncavallo","status":"publish","type":"page","link":"https:\/\/www.brissago.ch\/de\/turismo-tempo-libero\/scopri-brissago\/museo-ruggero-leoncavallo\/","title":{"rendered":"das Ruggero Leoncavallo Museum"},"content":{"rendered":"<p>Die <strong>das Ruggero Leoncavallo Museum<\/strong>, gelegen in Brissago innerhalb <strong><a href=\"https:\/\/www.brissago.ch\/de\/sito\/comune\/palazzo-branca-baccala\/\" data-type=\"page\" data-id=\"2578\">Palast Branca-Baccal\u00e0<\/a><\/strong>, widmet sich dem Leben und Werk des ber\u00fchmten italienischen Komponisten, Autor der Oper <em>Clowns<\/em>, eine der am meisten vertretenen der Welt. Dieser Ausstellungsraum feiert die Figur von Leoncavallo, der die letzten Jahre seines Lebens in Brissago verbrachte, fasziniert von der Landschaft und Atmosph\u00e4re des Lago Maggiore.<\/p>\n\n\n\n<figure class=\"wp-block-mazz-immagine mazz-immagine\"><a href=\"https:\/\/www.brissago.ch\/sito\/wp-content\/uploads\/2025\/03\/Museo_Leoncavallo_09.jpg\" data-lightbox=\"gallery\" data-title=\"\"><picture><source srcset=\"https:\/\/www.brissago.ch\/sito\/wp-content\/uploads\/2025\/03\/Museo_Leoncavallo_09-800x400.jpg\" media=\"(max-width: 600px)\"\/><source srcset=\"https:\/\/www.brissago.ch\/sito\/wp-content\/uploads\/2025\/03\/Museo_Leoncavallo_09.jpg\" media=\"(min-width: 601px)\"\/><img decoding=\"async\" src=\"https:\/\/www.brissago.ch\/sito\/wp-content\/uploads\/2025\/03\/Museo_Leoncavallo_09.jpg\" alt=\"\" title=\"\"><\/picture><\/a><\/figure>\n\n\n\n<p>Das Museum beherbergt eine umfangreiche Sammlung von Erinnerungsst\u00fccken, Originalmanuskripten, Noten, Vintage-Fotografien und pers\u00f6nlichen Gegenst\u00e4nden des Komponisten. Besonders beeindruckend ist der Abschnitt, der seinen Theatererfolgen gewidmet ist, mit Materialien, die mit seinen ber\u00fchmtesten Werken zusammenh\u00e4ngen, darunter <em>La Boh\u00e8me<\/em>, <em>Zaza<\/em> e <em>\u00d6dipusk\u00f6nig<\/em>.<\/p>\n\n\n\n<p>Die Ausstellung erm\u00f6glicht es den Besuchern, durch interaktive Stationen, Vintage-Aufnahmen und historische Dokumente, die die Geschichte von Leoncavallos k\u00fcnstlerischer und pers\u00f6nlicher Reise erz\u00e4hlen, in die Welt der Oper einzutauchen. Das Museum organisiert auch Veranstaltungen, Konzerte und Treffen, die der Opernmusik gewidmet sind und die Verbindung zwischen Brissago und dem gro\u00dfen Meister lebendig halten.<\/p>\n\n\n\n<figure class=\"wp-block-mazz-immagine mazz-immagine\"><a href=\"https:\/\/www.brissago.ch\/sito\/wp-content\/uploads\/2025\/03\/Museo_Leoncavallo_08.jpg\" data-lightbox=\"gallery\" data-title=\"\"><picture><source srcset=\"https:\/\/www.brissago.ch\/sito\/wp-content\/uploads\/2025\/03\/Museo_Leoncavallo_08-800x400.jpg\" media=\"(max-width: 600px)\"\/><source srcset=\"https:\/\/www.brissago.ch\/sito\/wp-content\/uploads\/2025\/03\/Museo_Leoncavallo_08.jpg\" media=\"(min-width: 601px)\"\/><img decoding=\"async\" src=\"https:\/\/www.brissago.ch\/sito\/wp-content\/uploads\/2025\/03\/Museo_Leoncavallo_08.jpg\" alt=\"\" title=\"\"><\/picture><\/a><\/figure>\n\n\n\n<p>Abgesehen davon, dass es sich um ein kulturelles Zentrum handelt, <strong>das Ruggero Leoncavallo Museum<\/strong> Es ist ein Ort der Erinnerung und Inspiration, eine Hommage an einen K\u00fcnstler, der die Geschichte der Oper unausl\u00f6schlich gepr\u00e4gt hat.<\/p>\n\n\n\n<div class=\"wp-block-mazz-gallery mazz_gallery swiper\"><div class=\"swiper-wrapper\"><div class=\"mazz_item swiper-slide\"><figure><a href=\"https:\/\/www.brissago.ch\/sito\/wp-content\/uploads\/2025\/03\/Museo_Leoncavallo_04.jpg\" data-lightbox=\"gallery\" data-title=\"\"><picture><source srcset=\"https:\/\/www.brissago.ch\/sito\/wp-content\/uploads\/2025\/03\/Museo_Leoncavallo_04-800x534.jpg\" media=\"(max-width: 600px)\"\/><source srcset=\"https:\/\/www.brissago.ch\/sito\/wp-content\/uploads\/2025\/03\/Museo_Leoncavallo_04.jpg\" media=\"(min-width: 601px)\"\/><img decoding=\"async\" src=\"https:\/\/www.brissago.ch\/sito\/wp-content\/uploads\/2025\/03\/Museo_Leoncavallo_04.jpg\" alt=\"\" title=\"\"><\/picture><\/a><\/figure><\/div><div class=\"mazz_item swiper-slide\"><figure><a href=\"https:\/\/www.brissago.ch\/sito\/wp-content\/uploads\/2025\/03\/Museo_Leoncavallo_02.jpg\" data-lightbox=\"gallery\" data-title=\"\"><picture><source srcset=\"https:\/\/www.brissago.ch\/sito\/wp-content\/uploads\/2025\/03\/Museo_Leoncavallo_02-800x534.jpg\" media=\"(max-width: 600px)\"\/><source srcset=\"https:\/\/www.brissago.ch\/sito\/wp-content\/uploads\/2025\/03\/Museo_Leoncavallo_02.jpg\" media=\"(min-width: 601px)\"\/><img decoding=\"async\" src=\"https:\/\/www.brissago.ch\/sito\/wp-content\/uploads\/2025\/03\/Museo_Leoncavallo_02.jpg\" alt=\"\" title=\"\"><\/picture><\/a><\/figure><\/div><div class=\"mazz_item swiper-slide\"><figure><a href=\"https:\/\/www.brissago.ch\/sito\/wp-content\/uploads\/2025\/03\/Museo_Leoncavallo_05.jpg\" data-lightbox=\"gallery\" data-title=\"\"><picture><source srcset=\"https:\/\/www.brissago.ch\/sito\/wp-content\/uploads\/2025\/03\/Museo_Leoncavallo_05-800x534.jpg\" media=\"(max-width: 600px)\"\/><source srcset=\"https:\/\/www.brissago.ch\/sito\/wp-content\/uploads\/2025\/03\/Museo_Leoncavallo_05.jpg\" media=\"(min-width: 601px)\"\/><img decoding=\"async\" src=\"https:\/\/www.brissago.ch\/sito\/wp-content\/uploads\/2025\/03\/Museo_Leoncavallo_05.jpg\" alt=\"\" title=\"\"><\/picture><\/a><\/figure><\/div><div class=\"mazz_item swiper-slide\"><figure><a href=\"https:\/\/www.brissago.ch\/sito\/wp-content\/uploads\/2025\/03\/Museo_Leoncavallo_03.jpg\" data-lightbox=\"gallery\" data-title=\"\"><picture><source srcset=\"https:\/\/www.brissago.ch\/sito\/wp-content\/uploads\/2025\/03\/Museo_Leoncavallo_03-800x534.jpg\" media=\"(max-width: 600px)\"\/><source srcset=\"https:\/\/www.brissago.ch\/sito\/wp-content\/uploads\/2025\/03\/Museo_Leoncavallo_03.jpg\" media=\"(min-width: 601px)\"\/><img decoding=\"async\" src=\"https:\/\/www.brissago.ch\/sito\/wp-content\/uploads\/2025\/03\/Museo_Leoncavallo_03.jpg\" alt=\"\" title=\"\"><\/picture><\/a><\/figure><\/div><div class=\"mazz_item swiper-slide\"><figure><a href=\"https:\/\/www.brissago.ch\/sito\/wp-content\/uploads\/2025\/03\/Museo_Leoncavallo_07.jpg\" data-lightbox=\"gallery\" data-title=\"\"><picture><source srcset=\"https:\/\/www.brissago.ch\/sito\/wp-content\/uploads\/2025\/03\/Museo_Leoncavallo_07-800x534.jpg\" media=\"(max-width: 600px)\"\/><source srcset=\"https:\/\/www.brissago.ch\/sito\/wp-content\/uploads\/2025\/03\/Museo_Leoncavallo_07.jpg\" media=\"(min-width: 601px)\"\/><img decoding=\"async\" src=\"https:\/\/www.brissago.ch\/sito\/wp-content\/uploads\/2025\/03\/Museo_Leoncavallo_07.jpg\" alt=\"\" title=\"\"><\/picture><\/a><\/figure><\/div><\/div><div class=\"mazz_slider-pagination\"><\/div><div class=\"mazz_slider-next\">\n    <svg class=\"mazz_icon freccia_lunga\" xmlns=\"http:\/\/www.w3.org\/2000\/svg\" viewbox=\"0 0 30 30\"><path d=\"M29.61,15.38c.05-.12.08-.25.08-.38s-.03-.26-.08-.38c-.05-.12-.12-.23-.22-.32L16.51,1.41c-.39-.39-1.02-.39-1.41,0s-.39,1.02,0,1.41l11.18,11.18H1.31c-.55,0-1,.45-1,1s.45,1,1,1h24.97l-11.18,11.18c-.39.39-.39,1.02,0,1.41.2.2.45.29.71.29s.51-.1.71-.29l12.89-12.89c.09-.09.17-.2.22-.32Z\"\/><\/svg><\/div><div class=\"mazz_slider-prev\">\n    <svg class=\"mazz_icon freccia_lunga\" xmlns=\"http:\/\/www.w3.org\/2000\/svg\" viewbox=\"0 0 30 30\"><path d=\"M29.61,15.38c.05-.12.08-.25.08-.38s-.03-.26-.08-.38c-.05-.12-.12-.23-.22-.32L16.51,1.41c-.39-.39-1.02-.39-1.41,0s-.39,1.02,0,1.41l11.18,11.18H1.31c-.55,0-1,.45-1,1s.45,1,1,1h24.97l-11.18,11.18c-.39.39-.39,1.02,0,1.41.2.2.45.29.71.29s.51-.1.71-.29l12.89-12.89c.09-.09.17-.2.22-.32Z\"\/><\/svg><\/div><\/div>\n\n\n\n<p><strong>\u00d6ffnungstage und -zeiten<\/strong><\/p>\n\n\n\n<p>Vom 1. April bis 31. Oktober:<br>Dienstag von 14.00 bis 18.00 Uhr <br>Donnerstag von 14.00 bis 18.00 Uhr<br>Freitag von 14.00 bis 18.00 Uhr<br><br>Vom 15. Juli bis 15. August auch samstags von 09.00 bis 12.00 Uhr.<\/p>\n\n\n\n<p><\/p>","protected":false},"excerpt":{"rendered":"<p>Das Museo Ruggero Leoncavallo in Brissago im Palazzo Branca-Baccal\u00e0 widmet sich dem Leben und Werk des ber\u00fchmten italienischen Komponisten, Autor der Oper Pagliacci, einer der am meisten vertretenen der Welt. Dieser Ausstellungsraum feiert die Figur von Leoncavallo, der die letzten Jahre seines Lebens in Brissago verbrachte, fasziniert von der Landschaft und der Atmosph\u00e4re [...]<\/p>","protected":false},"author":1,"featured_media":2600,"parent":888,"menu_order":2,"comment_status":"closed","ping_status":"closed","template":"","meta":{"_acf_changed":false,"footnotes":""},"class_list":["post-2580","page","type-page","status-publish","has-post-thumbnail","hentry"],"acf":[],"_links":{"self":[{"href":"https:\/\/www.brissago.ch\/de\/wp-json\/wp\/v2\/pages\/2580","targetHints":{"allow":["GET"]}}],"collection":[{"href":"https:\/\/www.brissago.ch\/de\/wp-json\/wp\/v2\/pages"}],"about":[{"href":"https:\/\/www.brissago.ch\/de\/wp-json\/wp\/v2\/types\/page"}],"author":[{"embeddable":true,"href":"https:\/\/www.brissago.ch\/de\/wp-json\/wp\/v2\/users\/1"}],"replies":[{"embeddable":true,"href":"https:\/\/www.brissago.ch\/de\/wp-json\/wp\/v2\/comments?post=2580"}],"version-history":[{"count":3,"href":"https:\/\/www.brissago.ch\/de\/wp-json\/wp\/v2\/pages\/2580\/revisions"}],"predecessor-version":[{"id":6019,"href":"https:\/\/www.brissago.ch\/de\/wp-json\/wp\/v2\/pages\/2580\/revisions\/6019"}],"up":[{"embeddable":true,"href":"https:\/\/www.brissago.ch\/de\/wp-json\/wp\/v2\/pages\/888"}],"wp:featuredmedia":[{"embeddable":true,"href":"https:\/\/www.brissago.ch\/de\/wp-json\/wp\/v2\/media\/2600"}],"wp:attachment":[{"href":"https:\/\/www.brissago.ch\/de\/wp-json\/wp\/v2\/media?parent=2580"}],"curies":[{"name":"wp","href":"https:\/\/api.w.org\/{rel}","templated":true}]}}