{"id":2,"date":"2025-01-07T14:16:28","date_gmt":"2025-01-07T13:16:28","guid":{"rendered":"https:\/\/www.brissago.ch\/sito\/?page_id=2"},"modified":"2025-02-17T16:59:26","modified_gmt":"2025-02-17T15:59:26","slug":"comune","status":"publish","type":"page","link":"https:\/\/www.brissago.ch\/de\/comune\/","title":{"rendered":"Gemeinde"},"content":{"rendered":"<p>Am Ufer des Lago Maggiore gelegen, zeichnet sich die Gemeinde Brissago durch ihre reiche Geschichte und nat\u00fcrliche Sch\u00f6nheit aus. Das Gemeindegebiet umfasst die renommierten <strong>Brissago-Inseln<\/strong>, bekannt f\u00fcr ihren botanischen Garten, in dem \u00fcber 1.500 exotische Pflanzenarten beheimatet sind. <br>Das historische Zentrum zeichnet sich durch wertvolle Geb\u00e4ude aus, darunter die <strong>Pfarrkirche der SS. Peter und Paul<\/strong>, datiert aus dem 16. Jahrhundert.<\/p>\n\n\n\n<p>Brissago bietet das ganze Jahr \u00fcber eine Vielzahl von kulturellen und Freizeitaktivit\u00e4ten und ist ein ideales Ziel f\u00fcr diejenigen, die die Traditionen und Sch\u00f6nheiten des Kantons Tessin entdecken m\u00f6chten.<\/p>\n\n\n\n<div class=\"wp-block-mazz-spazio mazz-spazio normale\"><\/div>","protected":false},"excerpt":{"rendered":"<p>Am Ufer des Lago Maggiore gelegen, zeichnet sich die Gemeinde Brissago durch ihre reiche Geschichte und nat\u00fcrliche Sch\u00f6nheit aus. Das Gemeindegebiet umfasst die ber\u00fchmten Brissago-Inseln, die f\u00fcr ihren botanischen Garten mit \u00fcber 1.500 exotischen Pflanzenarten bekannt sind. Das historische Zentrum zeichnet sich durch prestigetr\u00e4chtige Geb\u00e4ude aus, darunter [...]<\/p>","protected":false},"author":1,"featured_media":881,"parent":0,"menu_order":1,"comment_status":"closed","ping_status":"closed","template":"","meta":{"_acf_changed":false,"footnotes":""},"class_list":["post-2","page","type-page","status-publish","has-post-thumbnail","hentry"],"acf":[],"_links":{"self":[{"href":"https:\/\/www.brissago.ch\/de\/wp-json\/wp\/v2\/pages\/2","targetHints":{"allow":["GET"]}}],"collection":[{"href":"https:\/\/www.brissago.ch\/de\/wp-json\/wp\/v2\/pages"}],"about":[{"href":"https:\/\/www.brissago.ch\/de\/wp-json\/wp\/v2\/types\/page"}],"author":[{"embeddable":true,"href":"https:\/\/www.brissago.ch\/de\/wp-json\/wp\/v2\/users\/1"}],"replies":[{"embeddable":true,"href":"https:\/\/www.brissago.ch\/de\/wp-json\/wp\/v2\/comments?post=2"}],"version-history":[{"count":0,"href":"https:\/\/www.brissago.ch\/de\/wp-json\/wp\/v2\/pages\/2\/revisions"}],"wp:featuredmedia":[{"embeddable":true,"href":"https:\/\/www.brissago.ch\/de\/wp-json\/wp\/v2\/media\/881"}],"wp:attachment":[{"href":"https:\/\/www.brissago.ch\/de\/wp-json\/wp\/v2\/media?parent=2"}],"curies":[{"name":"wp","href":"https:\/\/api.w.org\/{rel}","templated":true}]}}