{"id":1687,"date":"2025-02-14T12:50:29","date_gmt":"2025-02-14T11:50:29","guid":{"rendered":"https:\/\/www.brissago.ch\/sito\/?page_id=1687"},"modified":"2025-02-14T14:58:18","modified_gmt":"2025-02-14T13:58:18","slug":"canale-whatsapp","status":"publish","type":"page","link":"https:\/\/www.brissago.ch\/de\/canale-whatsapp\/","title":{"rendered":"WhatsApp-Kanal"},"content":{"rendered":"<p>Die Gemeinde Brissago stellt den B\u00fcrgern eine <strong>Offizieller WhatsApp-Kanal<\/strong> Echtzeit-Updates zu institutionellen Mitteilungen, Veranstaltungen, Warnmeldungen und anderen \u00f6ffentlichen Informationen zu erhalten.<\/p>\n\n\n\n<p>Durch diesen Service k\u00f6nnen Sie auf einfache und sofortige Weise direkt auf Ihrem Smartphone \u00fcber die Neuigkeiten der Gemeinde informiert bleiben.<\/p>\n\n\n\n<p><strong>So abonnieren Sie den Brissago WhatsApp Channel<\/strong><\/p>\n\n\n\n<ul class=\"wp-block-list\">\n<li>Klicken Sie auf den Link gewidmet <a href=\"https:\/\/www.whatsapp.com\/channel\/0029Vaew8h2DDmFMA1MXrJ1E\" target=\"_blank\" rel=\"noreferrer noopener\">WhatsApp-Kanal<\/a><\/li>\n\n\n\n<li>Dr\u00fccken Sie die Schaltfl\u00e4che \u201eAbonnieren\u201c (oben rechts), um Benachrichtigungen zu erhalten<\/li>\n\n\n\n<li>Bleiben Sie auf dem Laufenden \u00fcber die neuesten Mitteilungen<\/li>\n<\/ul>\n\n\n\n<p>Der dienst ist kostenlos und bietet keine direkten interaktionen zwischen den nutzern, wodurch die privatsph\u00e4re der abonnenten gew\u00e4hrleistet wird.<\/p>","protected":false},"excerpt":{"rendered":"<p>Die gemeinde brissago bietet den b\u00fcrgern einen offiziellen whatsapp-kanal, um echtzeit-updates \u00fcber institutionelle kommunikation, veranstaltungen, warnungen und andere \u00f6ffentliche informationen zu erhalten. Durch diesen Service k\u00f6nnen Sie jederzeit auf einfache und unmittelbare Weise direkt auf Ihrem Smartphone \u00fcber die Neuigkeiten der Gemeinde informiert bleiben. Wie man dem Kanal beitritt [...]<\/p>","protected":false},"author":1,"featured_media":879,"parent":0,"menu_order":9,"comment_status":"closed","ping_status":"closed","template":"","meta":{"_acf_changed":false,"footnotes":""},"class_list":["post-1687","page","type-page","status-publish","has-post-thumbnail","hentry"],"acf":[],"_links":{"self":[{"href":"https:\/\/www.brissago.ch\/de\/wp-json\/wp\/v2\/pages\/1687","targetHints":{"allow":["GET"]}}],"collection":[{"href":"https:\/\/www.brissago.ch\/de\/wp-json\/wp\/v2\/pages"}],"about":[{"href":"https:\/\/www.brissago.ch\/de\/wp-json\/wp\/v2\/types\/page"}],"author":[{"embeddable":true,"href":"https:\/\/www.brissago.ch\/de\/wp-json\/wp\/v2\/users\/1"}],"replies":[{"embeddable":true,"href":"https:\/\/www.brissago.ch\/de\/wp-json\/wp\/v2\/comments?post=1687"}],"version-history":[{"count":0,"href":"https:\/\/www.brissago.ch\/de\/wp-json\/wp\/v2\/pages\/1687\/revisions"}],"wp:featuredmedia":[{"embeddable":true,"href":"https:\/\/www.brissago.ch\/de\/wp-json\/wp\/v2\/media\/879"}],"wp:attachment":[{"href":"https:\/\/www.brissago.ch\/de\/wp-json\/wp\/v2\/media?parent=1687"}],"curies":[{"name":"wp","href":"https:\/\/api.w.org\/{rel}","templated":true}]}}