{"id":1653,"date":"2025-02-14T10:41:58","date_gmt":"2025-02-14T09:41:58","guid":{"rendered":"https:\/\/www.brissago.ch\/sito\/?page_id=1653"},"modified":"2025-05-19T11:58:42","modified_gmt":"2025-05-19T09:58:42","slug":"news","status":"publish","type":"page","link":"https:\/\/www.brissago.ch\/de\/news\/","title":{"rendered":"Aktuelles"},"content":{"rendered":"<!-- RISULTATI -->\n    <div id=\"mazz-elenco\" class=\"\">\n        \t<div class=\"mazz_num_post\">45 Ergebnisse gefunden.<\/div><div class=\"mazz_post conimg articolo avvisi\">\n\t<a href=\"https:\/\/www.brissago.ch\/de\/avvisi\/avviso-chiusura-strada-via-naccio\/\" class=\"mazz_post_generico\">\n\t\t<img fetchpriority=\"high\" decoding=\"async\" width=\"280\" height=\"280\" src=\"https:\/\/www.brissago.ch\/sito\/wp-content\/uploads\/2025\/07\/hinweisschild-zur-baustellenkennzeichnung-vorsicht-baustelle.jpg\" class=\"attachment-medium size-medium wp-post-image\" alt=\"\" srcset=\"https:\/\/www.brissago.ch\/sito\/wp-content\/uploads\/2025\/07\/hinweisschild-zur-baustellenkennzeichnung-vorsicht-baustelle.jpg 280w, https:\/\/www.brissago.ch\/sito\/wp-content\/uploads\/2025\/07\/hinweisschild-zur-baustellenkennzeichnung-vorsicht-baustelle-150x150.jpg 150w, https:\/\/www.brissago.ch\/sito\/wp-content\/uploads\/2025\/07\/hinweisschild-zur-baustellenkennzeichnung-vorsicht-baustelle-12x12.jpg 12w\" sizes=\"(max-width: 280px) 100vw, 280px\" title=\"\">\n\t\t<span class=\"post_txt\">\n\t\t\t<span class=\"info_box\">\n\t\t\t\t<span class=\"info_posttype\"><span>Warnmeldungen<\/span> <\/span>\n\t\t\t\t<span class=\"info_pubblicazione\">Mai 2026<\/span>\n\t\t\t<\/span>\n\t\t\t<h3 class=\"titolo\">Stra\u00dfensperrung VIA NACCIO<\/h3>\n\t\t\t<span class=\"descrizione\">Si informa la popolazione che, per consentire l\u2019esecuzione di opere forestali, via Naccio rester\u00e0 chiusa al traffico in prossimit\u00e0 del numero civico 49, da luned\u00ec 18 maggio a venerd\u00ec 22 maggio 2026, dalle ore 08.00 alle ore 11.30 e dalle ore 13.00 alle ore 16.00.Durante questo periodo non sar\u00e0 garantito l\u2019accesso ai veicoli privati e [&hellip;]<\/span>\n\t\t\t<span class=\"mazz_button2 small\">Lesen Sie mehr <i><svg xmlns=\"http:\/\/www.w3.org\/2000\/svg\" class=\"mazz_icon freccia_lunga\" viewbox=\"0 0 30 30\"><path d=\"M29.61,15.38c.05-.12.08-.25.08-.38s-.03-.26-.08-.38c-.05-.12-.12-.23-.22-.32L16.51,1.41c-.39-.39-1.02-.39-1.41,0s-.39,1.02,0,1.41l11.18,11.18H1.31c-.55,0-1,.45-1,1s.45,1,1,1h24.97l-11.18,11.18c-.39.39-.39,1.02,0,1.41.2.2.45.29.71.29s.51-.1.71-.29l12.89-12.89c.09-.09.17-.2.22-.32Z\"><\/path><\/svg><\/i><\/span>\n\t\t<\/span>\n\t<\/a>\n<\/div><div class=\"mazz_post conimg articolo avvisi\">\n\t<a href=\"https:\/\/www.brissago.ch\/de\/avvisi\/avviso-chiusura-strada-forestale\/\" class=\"mazz_post_generico\">\n\t\t<img decoding=\"async\" width=\"800\" height=\"450\" src=\"https:\/\/www.brissago.ch\/sito\/wp-content\/uploads\/2025\/04\/avviso-800x450.jpg\" class=\"attachment-medium size-medium wp-post-image\" alt=\"\" srcset=\"https:\/\/www.brissago.ch\/sito\/wp-content\/uploads\/2025\/04\/avviso-800x450.jpg 800w, https:\/\/www.brissago.ch\/sito\/wp-content\/uploads\/2025\/04\/avviso-768x432.jpg 768w, https:\/\/www.brissago.ch\/sito\/wp-content\/uploads\/2025\/04\/avviso.jpg 1200w\" sizes=\"(max-width: 800px) 100vw, 800px\" title=\"\">\n\t\t<span class=\"post_txt\">\n\t\t\t<span class=\"info_box\">\n\t\t\t\t<span class=\"info_posttype\"><span>Warnmeldungen<\/span> <\/span>\n\t\t\t\t<span class=\"info_pubblicazione\">10. April 2026<\/span>\n\t\t\t<\/span>\n\t\t\t<h3 class=\"titolo\">Bekanntmachung der Schlie\u00dfung FOREST ROAD<\/h3>\n\t\t\t<span class=\"descrizione\">Aus Sicherheitsgr\u00fcnden ist die Forststra\u00dfe in Bassuno bis auf Weiteres gesperrt.<\/span>\n\t\t\t<span class=\"mazz_button2 small\">Lesen Sie mehr <i><svg xmlns=\"http:\/\/www.w3.org\/2000\/svg\" class=\"mazz_icon freccia_lunga\" viewbox=\"0 0 30 30\"><path d=\"M29.61,15.38c.05-.12.08-.25.08-.38s-.03-.26-.08-.38c-.05-.12-.12-.23-.22-.32L16.51,1.41c-.39-.39-1.02-.39-1.41,0s-.39,1.02,0,1.41l11.18,11.18H1.31c-.55,0-1,.45-1,1s.45,1,1,1h24.97l-11.18,11.18c-.39.39-.39,1.02,0,1.41.2.2.45.29.71.29s.51-.1.71-.29l12.89-12.89c.09-.09.17-.2.22-.32Z\"><\/path><\/svg><\/i><\/span>\n\t\t<\/span>\n\t<\/a>\n<\/div><div class=\"mazz_post conimg articolo news\">\n\t<a href=\"https:\/\/www.brissago.ch\/de\/news\/navigazione-gratuita-sul-bacino-svizzero-del-lago-maggiore-confermata-anche-per-il-2026\/\" class=\"mazz_post_generico\">\n\t\t<img decoding=\"async\" width=\"792\" height=\"594\" src=\"https:\/\/www.brissago.ch\/sito\/wp-content\/uploads\/2026\/03\/Navigazione.jpg\" class=\"attachment-medium size-medium wp-post-image\" alt=\"\" srcset=\"https:\/\/www.brissago.ch\/sito\/wp-content\/uploads\/2026\/03\/Navigazione.jpg 792w, https:\/\/www.brissago.ch\/sito\/wp-content\/uploads\/2026\/03\/Navigazione-768x576.jpg 768w, https:\/\/www.brissago.ch\/sito\/wp-content\/uploads\/2026\/03\/Navigazione-16x12.jpg 16w\" sizes=\"(max-width: 792px) 100vw, 792px\" title=\"\">\n\t\t<span class=\"post_txt\">\n\t\t\t<span class=\"info_box\">\n\t\t\t\t<span class=\"info_posttype\"><span>Aktuelles<\/span> <\/span>\n\t\t\t\t<span class=\"info_pubblicazione\">24. M\u00e4rz 2026<\/span>\n\t\t\t<\/span>\n\t\t\t<h3 class=\"titolo\">Freie Schifffahrt auf dem Schweizer Becken des Lago Maggiore auch f\u00fcr 2026 best\u00e4tigt<\/h3>\n\t\t\t<span class=\"descrizione\">Die Gemeinde Brissago freut sich, die Bev\u00f6lkerung dar\u00fcber zu informieren, dass das Abkommen \u00fcber die freie Schifffahrt im Schweizer Becken des Lago Maggiore auch f\u00fcr das Jahr 2026 erneuert wurde. Diese Initiative, die nur f\u00fcr Personen gilt, die ihren Wohnsitz in der Gemeinde Brissago haben, zielt darauf ab, eine nachhaltige Mobilit\u00e4t zu f\u00f6rdern, das Gebiet zu verbessern und ein Angebot zu unterbreiten [\u2026]<\/span>\n\t\t\t<span class=\"mazz_button2 small\">Lesen Sie mehr <i><svg xmlns=\"http:\/\/www.w3.org\/2000\/svg\" class=\"mazz_icon freccia_lunga\" viewbox=\"0 0 30 30\"><path d=\"M29.61,15.38c.05-.12.08-.25.08-.38s-.03-.26-.08-.38c-.05-.12-.12-.23-.22-.32L16.51,1.41c-.39-.39-1.02-.39-1.41,0s-.39,1.02,0,1.41l11.18,11.18H1.31c-.55,0-1,.45-1,1s.45,1,1,1h24.97l-11.18,11.18c-.39.39-.39,1.02,0,1.41.2.2.45.29.71.29s.51-.1.71-.29l12.89-12.89c.09-.09.17-.2.22-.32Z\"><\/path><\/svg><\/i><\/span>\n\t\t<\/span>\n\t<\/a>\n<\/div><div class=\"mazz_post conimg articolo news\">\n\t<a href=\"https:\/\/www.brissago.ch\/de\/news\/cultura-confronto-e-aggregazione-fiscalini-racconta-il-circolo-di-brissago\/\" class=\"mazz_post_generico\">\n\t\t<img loading=\"lazy\" decoding=\"async\" width=\"784\" height=\"800\" src=\"https:\/\/www.brissago.ch\/sito\/wp-content\/uploads\/2026\/03\/Circolo-784x800.png\" class=\"attachment-medium size-medium wp-post-image\" alt=\"\" srcset=\"https:\/\/www.brissago.ch\/sito\/wp-content\/uploads\/2026\/03\/Circolo-784x800.png 784w, https:\/\/www.brissago.ch\/sito\/wp-content\/uploads\/2026\/03\/Circolo-1004x1024.png 1004w, https:\/\/www.brissago.ch\/sito\/wp-content\/uploads\/2026\/03\/Circolo-768x783.png 768w, https:\/\/www.brissago.ch\/sito\/wp-content\/uploads\/2026\/03\/Circolo-12x12.png 12w, https:\/\/www.brissago.ch\/sito\/wp-content\/uploads\/2026\/03\/Circolo.png 1102w\" sizes=\"(max-width: 784px) 100vw, 784px\" title=\"\">\n\t\t<span class=\"post_txt\">\n\t\t\t<span class=\"info_box\">\n\t\t\t\t<span class=\"info_posttype\"><span>Aktuelles<\/span> <\/span>\n\t\t\t\t<span class=\"info_pubblicazione\">2. M\u00e4rz 2026<\/span>\n\t\t\t<\/span>\n\t\t\t<h3 class=\"titolo\">Kultur, Konfrontation und Aggregation. Fiscalini erz\u00e4hlt die Geschichte des Brissago Circle<\/h3>\n\t\t\t<span class=\"descrizione\">Der Pr\u00e4sident des neu gegr\u00fcndeten Vereins: \u201eWenn Sie mit einer solchen Erfahrung beginnen, ist der finanzielle Aspekt wichtig, und unser Ziel ist es gerade, uns mit Ressourcen auszustatten, die es uns erm\u00f6glichen, zu wachsen und interessante und engagierte Initiativen vorzuschlagen.\u201c \u201eDer Brissago Club ist ein Raum, der der F\u00f6rderung von Kultur, Spiel und Begegnung gewidmet ist [\u2026].<\/span>\n\t\t\t<span class=\"mazz_button2 small\">Lesen Sie mehr <i><svg xmlns=\"http:\/\/www.w3.org\/2000\/svg\" class=\"mazz_icon freccia_lunga\" viewbox=\"0 0 30 30\"><path d=\"M29.61,15.38c.05-.12.08-.25.08-.38s-.03-.26-.08-.38c-.05-.12-.12-.23-.22-.32L16.51,1.41c-.39-.39-1.02-.39-1.41,0s-.39,1.02,0,1.41l11.18,11.18H1.31c-.55,0-1,.45-1,1s.45,1,1,1h24.97l-11.18,11.18c-.39.39-.39,1.02,0,1.41.2.2.45.29.71.29s.51-.1.71-.29l12.89-12.89c.09-.09.17-.2.22-.32Z\"><\/path><\/svg><\/i><\/span>\n\t\t<\/span>\n\t<\/a>\n<\/div><div class=\"mazz_post conimg articolo news\">\n\t<a href=\"https:\/\/www.brissago.ch\/de\/news\/lo-sci-club-brissago-trentanni-di-neve-giovani-e-comunita\/\" class=\"mazz_post_generico\">\n\t\t<img loading=\"lazy\" decoding=\"async\" width=\"800\" height=\"416\" src=\"https:\/\/www.brissago.ch\/sito\/wp-content\/uploads\/2026\/01\/WhatsApp-Image-2026-01-14-at-11.10.59-e1768900322389-800x416.jpeg\" class=\"attachment-medium size-medium wp-post-image\" alt=\"\" srcset=\"https:\/\/www.brissago.ch\/sito\/wp-content\/uploads\/2026\/01\/WhatsApp-Image-2026-01-14-at-11.10.59-e1768900322389-800x416.jpeg 800w, https:\/\/www.brissago.ch\/sito\/wp-content\/uploads\/2026\/01\/WhatsApp-Image-2026-01-14-at-11.10.59-e1768900322389-768x400.jpeg 768w, https:\/\/www.brissago.ch\/sito\/wp-content\/uploads\/2026\/01\/WhatsApp-Image-2026-01-14-at-11.10.59-e1768900322389-18x9.jpeg 18w, https:\/\/www.brissago.ch\/sito\/wp-content\/uploads\/2026\/01\/WhatsApp-Image-2026-01-14-at-11.10.59-e1768900322389.jpeg 1080w\" sizes=\"(max-width: 800px) 100vw, 800px\" title=\"\">\n\t\t<span class=\"post_txt\">\n\t\t\t<span class=\"info_box\">\n\t\t\t\t<span class=\"info_posttype\"><span>Aktuelles<\/span> <\/span>\n\t\t\t\t<span class=\"info_pubblicazione\">29. Januar 2026<\/span>\n\t\t\t<\/span>\n\t\t\t<h3 class=\"titolo\">Der Skiclub Brissago: Drei\u00dfig Jahre Schnee, Jugendliche und Gemeinden<\/h3>\n\t\t\t<span class=\"descrizione\">Der Skiclub Brissago hat eine lange Geschichte, ist aber lebendiger denn je. Wir haben den Pr\u00e4sidenten, den Gemeinderat Reto Repetti, gebeten, uns diese Geschichte zu erz\u00e4hlen und zu erkl\u00e4ren, wie der Verein heute funktioniert, indem er die Leidenschaft f\u00fcr das Skifahren bei Kindern und Jugendlichen f\u00f6rdert. \u201eWenn wir also mit der Geschichte beginnen, m\u00fcssen wir einige Schritte unternehmen [...]<\/span>\n\t\t\t<span class=\"mazz_button2 small\">Lesen Sie mehr <i><svg xmlns=\"http:\/\/www.w3.org\/2000\/svg\" class=\"mazz_icon freccia_lunga\" viewbox=\"0 0 30 30\"><path d=\"M29.61,15.38c.05-.12.08-.25.08-.38s-.03-.26-.08-.38c-.05-.12-.12-.23-.22-.32L16.51,1.41c-.39-.39-1.02-.39-1.41,0s-.39,1.02,0,1.41l11.18,11.18H1.31c-.55,0-1,.45-1,1s.45,1,1,1h24.97l-11.18,11.18c-.39.39-.39,1.02,0,1.41.2.2.45.29.71.29s.51-.1.71-.29l12.89-12.89c.09-.09.17-.2.22-.32Z\"><\/path><\/svg><\/i><\/span>\n\t\t<\/span>\n\t<\/a>\n<\/div><div class=\"mazz_post conimg articolo news\">\n\t<a href=\"https:\/\/www.brissago.ch\/de\/news\/quando-il-lago-aiuta-la-montagna\/\" class=\"mazz_post_generico\">\n\t\t<img loading=\"lazy\" decoding=\"async\" width=\"587\" height=\"414\" src=\"https:\/\/www.brissago.ch\/sito\/wp-content\/uploads\/2025\/11\/Immagine-2025-11-13-074733.jpg\" class=\"attachment-medium size-medium wp-post-image\" alt=\"\" srcset=\"https:\/\/www.brissago.ch\/sito\/wp-content\/uploads\/2025\/11\/Immagine-2025-11-13-074733.jpg 587w, https:\/\/www.brissago.ch\/sito\/wp-content\/uploads\/2025\/11\/Immagine-2025-11-13-074733-18x12.jpg 18w\" sizes=\"(max-width: 587px) 100vw, 587px\" title=\"\">\n\t\t<span class=\"post_txt\">\n\t\t\t<span class=\"info_box\">\n\t\t\t\t<span class=\"info_posttype\"><span>Aktuelles<\/span> <\/span>\n\t\t\t\t<span class=\"info_pubblicazione\">13. November 2025<\/span>\n\t\t\t<\/span>\n\t\t\t<h3 class=\"titolo\">Wenn der See dem Berg hilft<\/h3>\n\t\t\t<span class=\"descrizione\">Am Sonntag, den 23. November, wird in der Galleria Amici dell\u2019Arte eine Gruppenausstellung er\u00f6ffnet, an der rund 30 K\u00fcnstler teilnehmen. Eine Solidarit\u00e4tsinitiative f\u00fcr die von der Katastrophe vom Juni 2024 betroffenen Menschen Der Titel lautet: \u201eK\u00fcnstler in Brissago f\u00fcr Alta Vallemaggia\u201c. Es ist kein Film, es ist kein Buch, aber, wie das Wort \u201eK\u00fcnstler\u201c andeutet, ist es ein [...]<\/span>\n\t\t\t<span class=\"mazz_button2 small\">Lesen Sie mehr <i><svg xmlns=\"http:\/\/www.w3.org\/2000\/svg\" class=\"mazz_icon freccia_lunga\" viewbox=\"0 0 30 30\"><path d=\"M29.61,15.38c.05-.12.08-.25.08-.38s-.03-.26-.08-.38c-.05-.12-.12-.23-.22-.32L16.51,1.41c-.39-.39-1.02-.39-1.41,0s-.39,1.02,0,1.41l11.18,11.18H1.31c-.55,0-1,.45-1,1s.45,1,1,1h24.97l-11.18,11.18c-.39.39-.39,1.02,0,1.41.2.2.45.29.71.29s.51-.1.71-.29l12.89-12.89c.09-.09.17-.2.22-.32Z\"><\/path><\/svg><\/i><\/span>\n\t\t<\/span>\n\t<\/a>\n<\/div><div class=\"mazz_post conimg articolo news\">\n\t<a href=\"https:\/\/www.brissago.ch\/de\/news\/brissago-punta-sul-digitale-archivi-piu-sicuri-processi-piu-veloci\/\" class=\"mazz_post_generico\">\n\t\t<img loading=\"lazy\" decoding=\"async\" width=\"800\" height=\"600\" src=\"https:\/\/www.brissago.ch\/sito\/wp-content\/uploads\/2025\/10\/news-digitalizzazione_archivio-800x600.jpg\" class=\"attachment-medium size-medium wp-post-image\" alt=\"\" srcset=\"https:\/\/www.brissago.ch\/sito\/wp-content\/uploads\/2025\/10\/news-digitalizzazione_archivio-800x600.jpg 800w, https:\/\/www.brissago.ch\/sito\/wp-content\/uploads\/2025\/10\/news-digitalizzazione_archivio-768x576.jpg 768w, https:\/\/www.brissago.ch\/sito\/wp-content\/uploads\/2025\/10\/news-digitalizzazione_archivio-16x12.jpg 16w, https:\/\/www.brissago.ch\/sito\/wp-content\/uploads\/2025\/10\/news-digitalizzazione_archivio.jpg 1200w\" sizes=\"(max-width: 800px) 100vw, 800px\" title=\"\">\n\t\t<span class=\"post_txt\">\n\t\t\t<span class=\"info_box\">\n\t\t\t\t<span class=\"info_posttype\"><span>Aktuelles<\/span> <\/span>\n\t\t\t\t<span class=\"info_pubblicazione\">9. Oktober 2025<\/span>\n\t\t\t<\/span>\n\t\t\t<h3 class=\"titolo\">Brissago setzt auf Digitales: sicherere Archive, schnellere Prozesse<\/h3>\n\t\t\t<span class=\"descrizione\">Die erste Phase des kommunalen Digitalisierungsprojekts ist abgeschlossen: Historische und aktuelle Dokumente in elektronischem Format Digitalisierung. Nicht nur ein Wort. Eher ein Mantra unserer Zeit. Ein Mantra, das tendenziell eine positive Bedeutung hat, wie Begriffe wie \u201eNachhaltigkeit\u201c oder \u201eInnovation\u201c. Aber gerade weil es in vielen F\u00e4llen verwendet \u2013 und oft missbraucht \u2013 wird, [...]<\/span>\n\t\t\t<span class=\"mazz_button2 small\">Lesen Sie mehr <i><svg xmlns=\"http:\/\/www.w3.org\/2000\/svg\" class=\"mazz_icon freccia_lunga\" viewbox=\"0 0 30 30\"><path d=\"M29.61,15.38c.05-.12.08-.25.08-.38s-.03-.26-.08-.38c-.05-.12-.12-.23-.22-.32L16.51,1.41c-.39-.39-1.02-.39-1.41,0s-.39,1.02,0,1.41l11.18,11.18H1.31c-.55,0-1,.45-1,1s.45,1,1,1h24.97l-11.18,11.18c-.39.39-.39,1.02,0,1.41.2.2.45.29.71.29s.51-.1.71-.29l12.89-12.89c.09-.09.17-.2.22-.32Z\"><\/path><\/svg><\/i><\/span>\n\t\t<\/span>\n\t<\/a>\n<\/div><div class=\"mazz_post conimg articolo news\">\n\t<a href=\"https:\/\/www.brissago.ch\/de\/news\/polizia-il-comandante-gabriele-gottardi-parola-dordine-prossimita\/\" class=\"mazz_post_generico\">\n\t\t<img loading=\"lazy\" decoding=\"async\" width=\"800\" height=\"800\" src=\"https:\/\/www.brissago.ch\/sito\/wp-content\/uploads\/2025\/08\/foto_Gabriele_Gottardi-800x800.jpg\" class=\"attachment-medium size-medium wp-post-image\" alt=\"\" srcset=\"https:\/\/www.brissago.ch\/sito\/wp-content\/uploads\/2025\/08\/foto_Gabriele_Gottardi-800x800.jpg 800w, https:\/\/www.brissago.ch\/sito\/wp-content\/uploads\/2025\/08\/foto_Gabriele_Gottardi-150x150.jpg 150w, https:\/\/www.brissago.ch\/sito\/wp-content\/uploads\/2025\/08\/foto_Gabriele_Gottardi-768x768.jpg 768w, https:\/\/www.brissago.ch\/sito\/wp-content\/uploads\/2025\/08\/foto_Gabriele_Gottardi-12x12.jpg 12w, https:\/\/www.brissago.ch\/sito\/wp-content\/uploads\/2025\/08\/foto_Gabriele_Gottardi.jpg 960w\" sizes=\"(max-width: 800px) 100vw, 800px\" title=\"\">\n\t\t<span class=\"post_txt\">\n\t\t\t<span class=\"info_box\">\n\t\t\t\t<span class=\"info_posttype\"><span>Aktuelles<\/span> <\/span>\n\t\t\t\t<span class=\"info_pubblicazione\">26. August 2025<\/span>\n\t\t\t<\/span>\n\t\t\t<h3 class=\"titolo\">Polizei, Kommandant Gabriele Gottardi: \u201eBestellwort: N\u00e4he\u201c<\/h3>\n\t\t\t<span class=\"descrizione\">Die Gedanken von B\u00fcrgermeister Marcacci Rossi und dem Leiter der Sicherheitsabteilung von Palmieri Wenn es um die Stadtpolizei geht, f\u00e4llt mir als erster Begriff \u201eN\u00e4he\u201c ein. Dieser Begriff, der Begriffe umfasst, die mit dem Gebiet und der Gemeinschaft verbunden sind \u2013 N\u00e4he, Pr\u00e4senz, Wissen \u2013, ist der politische Schutzschild, den lokale Verwaltungen, B\u00fcrgermeister und Gemeinden [...]<\/span>\n\t\t\t<span class=\"mazz_button2 small\">Lesen Sie mehr <i><svg xmlns=\"http:\/\/www.w3.org\/2000\/svg\" class=\"mazz_icon freccia_lunga\" viewbox=\"0 0 30 30\"><path d=\"M29.61,15.38c.05-.12.08-.25.08-.38s-.03-.26-.08-.38c-.05-.12-.12-.23-.22-.32L16.51,1.41c-.39-.39-1.02-.39-1.41,0s-.39,1.02,0,1.41l11.18,11.18H1.31c-.55,0-1,.45-1,1s.45,1,1,1h24.97l-11.18,11.18c-.39.39-.39,1.02,0,1.41.2.2.45.29.71.29s.51-.1.71-.29l12.89-12.89c.09-.09.17-.2.22-.32Z\"><\/path><\/svg><\/i><\/span>\n\t\t<\/span>\n\t<\/a>\n<\/div><div class=\"mazz_post conimg articolo avvisi news\">\n\t<a href=\"https:\/\/www.brissago.ch\/de\/avvisi\/campagna-informativa-sul-coleottero-giapponese\/\" class=\"mazz_post_generico\">\n\t\t<img loading=\"lazy\" decoding=\"async\" width=\"800\" height=\"564\" src=\"https:\/\/www.brissago.ch\/sito\/wp-content\/uploads\/2025\/08\/coleottero_giapponese_cover-800x564.jpg\" class=\"attachment-medium size-medium wp-post-image\" alt=\"\" srcset=\"https:\/\/www.brissago.ch\/sito\/wp-content\/uploads\/2025\/08\/coleottero_giapponese_cover-800x564.jpg 800w, https:\/\/www.brissago.ch\/sito\/wp-content\/uploads\/2025\/08\/coleottero_giapponese_cover-768x541.jpg 768w, https:\/\/www.brissago.ch\/sito\/wp-content\/uploads\/2025\/08\/coleottero_giapponese_cover-18x12.jpg 18w, https:\/\/www.brissago.ch\/sito\/wp-content\/uploads\/2025\/08\/coleottero_giapponese_cover.jpg 1200w\" sizes=\"(max-width: 800px) 100vw, 800px\" title=\"\">\n\t\t<span class=\"post_txt\">\n\t\t\t<span class=\"info_box\">\n\t\t\t\t<span class=\"info_posttype\"><span>Warnmeldungen<\/span> <span>Aktuelles<\/span> <\/span>\n\t\t\t\t<span class=\"info_pubblicazione\">1. August 2025<\/span>\n\t\t\t<\/span>\n\t\t\t<h3 class=\"titolo\">Informationskampagne zum japanischen K\u00e4fer<\/h3>\n\t\t\t<span class=\"descrizione\">Die Gemeinde Brissago m\u00f6chte die Bev\u00f6lkerung dar\u00fcber informieren, dass der Pflanzengesundheitsdienst eine neue Informationskampagne f\u00fcr den japanischen K\u00e4fer (Popillia japonica Newman) gestartet hat. Diese Initiative, die seit Juni aktiv ist, zielt darauf ab, klare und praktische Hinweise zu geben, um das Vorhandensein dieses invasiven Insekts zu erkennen und zu verwalten. Entdeckt zum ersten Mal in [...]<\/span>\n\t\t\t<span class=\"mazz_button2 small\">Lesen Sie mehr <i><svg xmlns=\"http:\/\/www.w3.org\/2000\/svg\" class=\"mazz_icon freccia_lunga\" viewbox=\"0 0 30 30\"><path d=\"M29.61,15.38c.05-.12.08-.25.08-.38s-.03-.26-.08-.38c-.05-.12-.12-.23-.22-.32L16.51,1.41c-.39-.39-1.02-.39-1.41,0s-.39,1.02,0,1.41l11.18,11.18H1.31c-.55,0-1,.45-1,1s.45,1,1,1h24.97l-11.18,11.18c-.39.39-.39,1.02,0,1.41.2.2.45.29.71.29s.51-.1.71-.29l12.89-12.89c.09-.09.17-.2.22-.32Z\"><\/path><\/svg><\/i><\/span>\n\t\t<\/span>\n\t<\/a>\n<\/div><div class=\"mazz_post conimg articolo news\">\n\t<a href=\"https:\/\/www.brissago.ch\/de\/news\/questestate-e-tutto-un-altro-lido\/\" class=\"mazz_post_generico\">\n\t\t<img loading=\"lazy\" decoding=\"async\" width=\"800\" height=\"450\" src=\"https:\/\/www.brissago.ch\/sito\/wp-content\/uploads\/2025\/06\/news-lido_brissago-800x450.jpg\" class=\"attachment-medium size-medium wp-post-image\" alt=\"\" srcset=\"https:\/\/www.brissago.ch\/sito\/wp-content\/uploads\/2025\/06\/news-lido_brissago-800x450.jpg 800w, https:\/\/www.brissago.ch\/sito\/wp-content\/uploads\/2025\/06\/news-lido_brissago-768x432.jpg 768w, https:\/\/www.brissago.ch\/sito\/wp-content\/uploads\/2025\/06\/news-lido_brissago-18x10.jpg 18w, https:\/\/www.brissago.ch\/sito\/wp-content\/uploads\/2025\/06\/news-lido_brissago.jpg 1200w\" sizes=\"(max-width: 800px) 100vw, 800px\" title=\"\">\n\t\t<span class=\"post_txt\">\n\t\t\t<span class=\"info_box\">\n\t\t\t\t<span class=\"info_posttype\"><span>Aktuelles<\/span> <\/span>\n\t\t\t\t<span class=\"info_pubblicazione\">30. Juni 2025<\/span>\n\t\t\t<\/span>\n\t\t\t<h3 class=\"titolo\">Dieser Sommer ist ein weiterer Lido!<\/h3>\n\t\t\t<span class=\"descrizione\">Ein Konzept, das auf \u00f6ffentlich-privater Zusammenarbeit basiert. Neue Vorschl\u00e4ge und viel Enthusiasmus. Veronica Marcacci Rossi, Vitor Pinheiro Nunes und Loris De Gol erz\u00e4hlen das neue Leben eines historischen Ortes f\u00fcr den Brissaghese Vitor Pinheiro Nunes, f\u00fcr Freunde einfach Vito, ist seit acht Jahren Andrea Trincas Reisebegleiter. Er ist im Raum und [...]<\/span>\n\t\t\t<span class=\"mazz_button2 small\">Lesen Sie mehr <i><svg xmlns=\"http:\/\/www.w3.org\/2000\/svg\" class=\"mazz_icon freccia_lunga\" viewbox=\"0 0 30 30\"><path d=\"M29.61,15.38c.05-.12.08-.25.08-.38s-.03-.26-.08-.38c-.05-.12-.12-.23-.22-.32L16.51,1.41c-.39-.39-1.02-.39-1.41,0s-.39,1.02,0,1.41l11.18,11.18H1.31c-.55,0-1,.45-1,1s.45,1,1,1h24.97l-11.18,11.18c-.39.39-.39,1.02,0,1.41.2.2.45.29.71.29s.51-.1.71-.29l12.89-12.89c.09-.09.17-.2.22-.32Z\"><\/path><\/svg><\/i><\/span>\n\t\t<\/span>\n\t<\/a>\n<\/div><div class=\"mazz_post conimg articolo news\">\n\t<a href=\"https:\/\/www.brissago.ch\/de\/news\/brissago-rinnova-la-sua-identita-visiva-e-digitale-e-con-giorgino-punta-sullai\/\" class=\"mazz_post_generico\">\n\t\t<img loading=\"lazy\" decoding=\"async\" width=\"800\" height=\"450\" src=\"https:\/\/www.brissago.ch\/sito\/wp-content\/uploads\/2025\/06\/news-nuovo_sito-800x450.jpg\" class=\"attachment-medium size-medium wp-post-image\" alt=\"\" srcset=\"https:\/\/www.brissago.ch\/sito\/wp-content\/uploads\/2025\/06\/news-nuovo_sito-800x450.jpg 800w, https:\/\/www.brissago.ch\/sito\/wp-content\/uploads\/2025\/06\/news-nuovo_sito-768x432.jpg 768w, https:\/\/www.brissago.ch\/sito\/wp-content\/uploads\/2025\/06\/news-nuovo_sito-18x10.jpg 18w, https:\/\/www.brissago.ch\/sito\/wp-content\/uploads\/2025\/06\/news-nuovo_sito.jpg 1200w\" sizes=\"(max-width: 800px) 100vw, 800px\" title=\"\">\n\t\t<span class=\"post_txt\">\n\t\t\t<span class=\"info_box\">\n\t\t\t\t<span class=\"info_posttype\"><span>Aktuelles<\/span> <\/span>\n\t\t\t\t<span class=\"info_pubblicazione\">26. Juni 2025<\/span>\n\t\t\t<\/span>\n\t\t\t<h3 class=\"titolo\">Brissago erneuert seine visuelle und digitale Identit\u00e4t. Und mit Giorgino konzentriert er sich auf KI<\/h3>\n\t\t\t<span class=\"descrizione\">B\u00fcrgermeister Marcacci Rossi: \u201eMit einem Hauch von Stolz k\u00f6nnen wir sagen, dass wir zu den ersten Gemeinden geh\u00f6ren, die einen Chatbot auf unserer Website eingef\u00fchrt haben.\u201c Die Gemeinde Brissago hat einen wichtigen Prozess der Erneuerung ihres institutionellen Images abgeschlossen, der in einer neuen visuellen Identit\u00e4t und einer vollst\u00e4ndig neu gestalteten Website gipfelt. Ein Projekt [...]<\/span>\n\t\t\t<span class=\"mazz_button2 small\">Lesen Sie mehr <i><svg xmlns=\"http:\/\/www.w3.org\/2000\/svg\" class=\"mazz_icon freccia_lunga\" viewbox=\"0 0 30 30\"><path d=\"M29.61,15.38c.05-.12.08-.25.08-.38s-.03-.26-.08-.38c-.05-.12-.12-.23-.22-.32L16.51,1.41c-.39-.39-1.02-.39-1.41,0s-.39,1.02,0,1.41l11.18,11.18H1.31c-.55,0-1,.45-1,1s.45,1,1,1h24.97l-11.18,11.18c-.39.39-.39,1.02,0,1.41.2.2.45.29.71.29s.51-.1.71-.29l12.89-12.89c.09-.09.17-.2.22-.32Z\"><\/path><\/svg><\/i><\/span>\n\t\t<\/span>\n\t<\/a>\n<\/div><div class=\"mazz_post conimg articolo news\">\n\t<a href=\"https:\/\/www.brissago.ch\/de\/news\/la-motta-una-lunga-storia-daccoglienza-e-damore\/\" class=\"mazz_post_generico\">\n\t\t<img loading=\"lazy\" decoding=\"async\" width=\"800\" height=\"450\" src=\"https:\/\/www.brissago.ch\/sito\/wp-content\/uploads\/2025\/05\/news-la_motta-800x450.jpg\" class=\"attachment-medium size-medium wp-post-image\" alt=\"\" srcset=\"https:\/\/www.brissago.ch\/sito\/wp-content\/uploads\/2025\/05\/news-la_motta-800x450.jpg 800w, https:\/\/www.brissago.ch\/sito\/wp-content\/uploads\/2025\/05\/news-la_motta-768x432.jpg 768w, https:\/\/www.brissago.ch\/sito\/wp-content\/uploads\/2025\/05\/news-la_motta-18x10.jpg 18w, https:\/\/www.brissago.ch\/sito\/wp-content\/uploads\/2025\/05\/news-la_motta.jpg 1200w\" sizes=\"(max-width: 800px) 100vw, 800px\" title=\"\">\n\t\t<span class=\"post_txt\">\n\t\t\t<span class=\"info_box\">\n\t\t\t\t<span class=\"info_posttype\"><span>Aktuelles<\/span> <\/span>\n\t\t\t\t<span class=\"info_pubblicazione\">23. Mai 2025<\/span>\n\t\t\t<\/span>\n\t\t\t<h3 class=\"titolo\">La Motta: Eine lange Geschichte der Gastfreundschaft und Liebe<\/h3>\n\t\t\t<span class=\"descrizione\">Der Direktor Riccardo L\u00fcthi und der st\u00e4dtische Giovanni Chiappini sprechen \u00fcber das Soziotherapeutische Institut, seine Entwicklung im Laufe der Jahre, seine Beziehung zur Gemeinde Brissago und seine Zukunft, die auch mit Spenden verbunden ist.<\/span>\n\t\t\t<span class=\"mazz_button2 small\">Lesen Sie mehr <i><svg xmlns=\"http:\/\/www.w3.org\/2000\/svg\" class=\"mazz_icon freccia_lunga\" viewbox=\"0 0 30 30\"><path d=\"M29.61,15.38c.05-.12.08-.25.08-.38s-.03-.26-.08-.38c-.05-.12-.12-.23-.22-.32L16.51,1.41c-.39-.39-1.02-.39-1.41,0s-.39,1.02,0,1.41l11.18,11.18H1.31c-.55,0-1,.45-1,1s.45,1,1,1h24.97l-11.18,11.18c-.39.39-.39,1.02,0,1.41.2.2.45.29.71.29s.51-.1.71-.29l12.89-12.89c.09-.09.17-.2.22-.32Z\"><\/path><\/svg><\/i><\/span>\n\t\t<\/span>\n\t<\/a>\n<\/div><div class=\"mazz-pagination\"><span aria-current=\"page\" class=\"page-numbers current\">1<\/span>\n<a class=\"page-numbers\" href=\"https:\/\/www.brissago.ch\/de\/wp-json\/wp\/v2\/pages\/1653\/?paged=2\">2<\/a>\n<a class=\"page-numbers\" href=\"https:\/\/www.brissago.ch\/de\/wp-json\/wp\/v2\/pages\/1653\/?paged=3\">3<\/a>\n<a class=\"page-numbers\" href=\"https:\/\/www.brissago.ch\/de\/wp-json\/wp\/v2\/pages\/1653\/?paged=4\">4<\/a>\n<a class=\"next page-numbers\" href=\"https:\/\/www.brissago.ch\/de\/wp-json\/wp\/v2\/pages\/1653\/?paged=2\">Weiter \u00bb<\/a><\/div>    <\/div>","protected":false},"excerpt":{"rendered":"","protected":false},"author":1,"featured_media":0,"parent":0,"menu_order":6,"comment_status":"closed","ping_status":"closed","template":"","meta":{"_acf_changed":false,"footnotes":""},"class_list":["post-1653","page","type-page","status-publish","hentry"],"acf":[],"_links":{"self":[{"href":"https:\/\/www.brissago.ch\/de\/wp-json\/wp\/v2\/pages\/1653","targetHints":{"allow":["GET"]}}],"collection":[{"href":"https:\/\/www.brissago.ch\/de\/wp-json\/wp\/v2\/pages"}],"about":[{"href":"https:\/\/www.brissago.ch\/de\/wp-json\/wp\/v2\/types\/page"}],"author":[{"embeddable":true,"href":"https:\/\/www.brissago.ch\/de\/wp-json\/wp\/v2\/users\/1"}],"replies":[{"embeddable":true,"href":"https:\/\/www.brissago.ch\/de\/wp-json\/wp\/v2\/comments?post=1653"}],"version-history":[{"count":0,"href":"https:\/\/www.brissago.ch\/de\/wp-json\/wp\/v2\/pages\/1653\/revisions"}],"wp:attachment":[{"href":"https:\/\/www.brissago.ch\/de\/wp-json\/wp\/v2\/media?parent=1653"}],"curies":[{"name":"wp","href":"https:\/\/api.w.org\/{rel}","templated":true}]}}