{"id":1226,"date":"2025-02-06T13:00:25","date_gmt":"2025-02-06T12:00:25","guid":{"rendered":"https:\/\/www.brissago.ch\/sito\/?page_id=1226"},"modified":"2025-07-03T16:16:18","modified_gmt":"2025-07-03T14:16:18","slug":"raccolta-rifiuti","status":"publish","type":"page","link":"https:\/\/www.brissago.ch\/de\/servizi-cittadino\/ufficio-tecnico\/raccolta-rifiuti\/","title":{"rendered":"Abfallsammlung"},"content":{"rendered":"<p>Die Gemeinde Brissago f\u00f6rdert die \u00f6kologische Abfallwirtschaft, um die Umwelt zu sch\u00fctzen und Ressourcen zu optimieren. Im Folgenden sind die wichtigsten Hinweise f\u00fcr eine ordnungsgem\u00e4\u00dfe getrennte Sammlung aufgef\u00fchrt:<\/p>\n\n\n\n<ul class=\"wp-block-list\">\n<li><strong>Hausm\u00fcll (RSU):<\/strong> am Tag der Abholung bis 7.00 Uhr in besteuerten und in den entsprechenden Beh\u00e4ltnissen entlang der Fahrbahn oder in privaten Beh\u00e4ltnissen, die mit Siegel besteuert sind, abgeliefert werden.<\/li>\n\n\n\n<li><strong>Papier und Pappe:<\/strong> Zeitungen, Zeitschriften, B\u00fcropapier und saubere Kartons m\u00fcssen in den entsprechenden Eimer in den \u00d6ko-Zentren der Schulen und Ponte deponiert werden. Schmutzige Lebensmittelverpackungen, plastifiziertes oder gestrichenes Papier sollten mit Haushaltsabf\u00e4llen entsorgt werden.<\/li>\n\n\n\n<li><strong>Kunststoff \u2013 Sammelsacksystem<\/strong><br>Die Gemeinde hat sich an die neue kantonale Gesetzgebung gehalten und f\u00fchrt die getrennte Sammlung von Kunststoff durch Beutel ein <a href=\"https:\/\/www.sammelsack.ch\" target=\"_blank\" rel=\"noreferrer noopener\">Sammelsack<\/a>, erh\u00e4ltlich an regul\u00e4ren Verkaufsstellen. Das auf Schweizer Ebene zertifizierte und von RS Bironic Material Recovery verwaltete System wird vollst\u00e4ndig von den Verbrauchern finanziert.<br>Mit den Beuteln von 17 bis 110 Litern k\u00f6nnen Sie verschiedene Arten von Kunststoff sammeln, einschlie\u00dflich Tetra Pak-Kartons. Alle PET-Flaschen, die versehentlich eingesetzt wurden, werden ebenfalls korrekt zur\u00fcckgewonnen.<br><strong>Der spezielle Eimer befindet sich im Ecocentro Scuole.<\/strong> Es wird jedoch empfohlen, PET-Flaschen weiterhin in die entsprechenden Beh\u00e4lter zu legen.<\/li>\n\n\n\n<li><strong>Glas:<\/strong> Leere Flaschen und Beh\u00e4lter, ohne Kappen oder Beschichtungen, m\u00fcssen farblich getrennt (wei\u00df und farbig) und in den entsprechenden unterirdischen Beh\u00e4ltern in den \u00d6kozentren der Schulen und Ponte abgelagert werden. Fenster, Porzellan, Terrakotta, Geschirr und Gl\u00fchbirnen sind nicht als Glas recycelbar und sollten mit Sperrm\u00fcll entsorgt werden.<\/li>\n\n\n\n<li><strong>Sonstige recycelbare Abf\u00e4lle:<\/strong> Aluminium, Blechdosen, PET, Alt\u00f6le, Batterien und Kleidung k\u00f6nnen in den \u00d6kozentren der Schulen und Ponte deponiert werden.<\/li>\n\n\n\n<li><strong>Sonderabf\u00e4lle:<\/strong> sie m\u00fcssen dem \u00d6kozentrum der Schulen an den beiden vorgesehenen Tagen der j\u00e4hrlichen Sammlung \u00fcbergeben werden; Spezifische Termine werden regelm\u00e4\u00dfig mitgeteilt.<\/li>\n\n\n\n<li><strong>Massenabf\u00e4lle, Metallschrott, Holz, Reifen, Batterien, Sanit\u00e4rger\u00e4te und kleine Mengen inerter Materialien:<\/strong> Sie m\u00fcssen w\u00e4hrend der \u00d6ffnungszeiten direkt an das \u00d6kozentrum am Poss geliefert werden.<\/li>\n\n\n\n<li><strong>Anlagenabf\u00e4lle:<\/strong> Die h\u00e4usliche Kompostierung von Gartenabf\u00e4llen, Gras, Laub und Zweigen wird gef\u00f6rdert. F\u00fcr diejenigen, die sich nicht selbst kompostieren k\u00f6nnen, ist es m\u00f6glich, diese Materialien dem \u00d6kozentrum in Poss zu geben.<\/li>\n\n\n\n<li><strong>Elektrische und elektronische Ger\u00e4te:<\/strong> Ger\u00e4te und elektronische Ger\u00e4te m\u00fcssen an den Einzelh\u00e4ndler zur\u00fcckgegeben oder kostenlos im \u00d6kozentrum in Poss, der offiziellen SENS- und SWICO-Sammelstelle abgeholt werden.<\/li>\n<\/ul>","protected":false},"excerpt":{"rendered":"<p>Die Gemeinde Brissago f\u00f6rdert die \u00f6kologische Abfallwirtschaft, um die Umwelt zu sch\u00fctzen und Ressourcen zu optimieren. Im Folgenden sind die wichtigsten Hinweise f\u00fcr eine ordnungsgem\u00e4\u00dfe getrennte Sammlung aufgef\u00fchrt:<\/p>","protected":false},"author":1,"featured_media":2759,"parent":712,"menu_order":5,"comment_status":"closed","ping_status":"closed","template":"","meta":{"_acf_changed":false,"footnotes":""},"class_list":["post-1226","page","type-page","status-publish","has-post-thumbnail","hentry"],"acf":[],"_links":{"self":[{"href":"https:\/\/www.brissago.ch\/de\/wp-json\/wp\/v2\/pages\/1226","targetHints":{"allow":["GET"]}}],"collection":[{"href":"https:\/\/www.brissago.ch\/de\/wp-json\/wp\/v2\/pages"}],"about":[{"href":"https:\/\/www.brissago.ch\/de\/wp-json\/wp\/v2\/types\/page"}],"author":[{"embeddable":true,"href":"https:\/\/www.brissago.ch\/de\/wp-json\/wp\/v2\/users\/1"}],"replies":[{"embeddable":true,"href":"https:\/\/www.brissago.ch\/de\/wp-json\/wp\/v2\/comments?post=1226"}],"version-history":[{"count":0,"href":"https:\/\/www.brissago.ch\/de\/wp-json\/wp\/v2\/pages\/1226\/revisions"}],"up":[{"embeddable":true,"href":"https:\/\/www.brissago.ch\/de\/wp-json\/wp\/v2\/pages\/712"}],"wp:featuredmedia":[{"embeddable":true,"href":"https:\/\/www.brissago.ch\/de\/wp-json\/wp\/v2\/media\/2759"}],"wp:attachment":[{"href":"https:\/\/www.brissago.ch\/de\/wp-json\/wp\/v2\/media?parent=1226"}],"curies":[{"name":"wp","href":"https:\/\/api.w.org\/{rel}","templated":true}]}}