{"id":1224,"date":"2025-02-06T13:00:25","date_gmt":"2025-02-06T12:00:25","guid":{"rendered":"https:\/\/www.brissago.ch\/sito\/?page_id=1224"},"modified":"2025-06-02T14:23:58","modified_gmt":"2025-06-02T12:23:58","slug":"servizi-esterni","status":"publish","type":"page","link":"https:\/\/www.brissago.ch\/de\/servizi-cittadino\/ufficio-tecnico\/servizi-esterni\/","title":{"rendered":"Externe Dienstleistungen"},"content":{"rendered":"<p>Die <strong>Abteilung \u00d6ffentliche Dienste<\/strong> Die Gemeinde Brissago f\u00fchrt eine breite Palette von Aktivit\u00e4ten durch, die f\u00fcr die Erhaltung und Verbesserung des \u00f6ffentlichen Raums und der kommunalen Dienstleistungen unerl\u00e4sslich sind. <\/p>\n\n\n\n<h2 class=\"wp-block-heading\">Zust\u00e4ndigkeiten<\/h2>\n\n\n\n<ul class=\"wp-block-list\">\n<li><strong>Reinigung und Wartung:<\/strong> Verwaltung der Reinigung von Stra\u00dfen, Parks, G\u00e4rten, Kinderg\u00e4rten und Grundschulen sowie von Wegen. Gew\u00f6hnliche Wartung kommunaler \u00f6ffentlicher Bereiche, um eine sichere und einladende Umgebung zu gew\u00e4hrleisten.<\/li>\n\n\n\n<li><strong>Logistische Unterst\u00fctzung f\u00fcr Veranstaltungen:<\/strong> Bereitstellung von organisatorischer Unterst\u00fctzung w\u00e4hrend der verschiedenen Veranstaltungen und Veranstaltungen, die das ganze Jahr \u00fcber stattfinden, um die korrekte Einrichtung und das notwendige logistische Management zu gew\u00e4hrleisten.<\/li>\n<\/ul>\n\n\n\n<p>Das Einsatzteam verf\u00fcgt \u00fcber spezifische Fahrzeuge und Ausr\u00fcstung, um seine Aufgaben auf dem Gebiet wirksam erf\u00fcllen zu k\u00f6nnen.<\/p>\n\n\n\n<p><strong>Picket-Service:<\/strong><\/p>\n\n\n\n<p>F\u00fcr Notf\u00e4lle in Bezug auf die Lebensf\u00e4higkeit und die Trinkwasserversorgung w\u00e4hrend der Abendstunden und an Feiertagen steht ein Streikpostendienst zur Verf\u00fcgung unter:<\/p>\n\n\n\n<p><\/p>","protected":false},"excerpt":{"rendered":"<p>Die Abteilung f\u00fcr \u00f6ffentliche Dienstleistungen der Gemeinde Brissago f\u00fchrt eine breite Palette von Aktivit\u00e4ten durch, die f\u00fcr die Erhaltung und Verbesserung \u00f6ffentlicher R\u00e4ume und kommunaler Dienstleistungen unerl\u00e4sslich sind. Das Einsatzteam verf\u00fcgt \u00fcber spezifische Fahrzeuge und Ausr\u00fcstung, um seine Aufgaben auf dem Gebiet wirksam zu erf\u00fcllen. Picket-Service: F\u00fcr Notf\u00e4lle im Zusammenhang mit der Stra\u00dfe [...]<\/p>","protected":false},"author":1,"featured_media":0,"parent":712,"menu_order":4,"comment_status":"closed","ping_status":"closed","template":"","meta":{"_acf_changed":false,"footnotes":""},"class_list":["post-1224","page","type-page","status-publish","hentry"],"acf":[],"_links":{"self":[{"href":"https:\/\/www.brissago.ch\/de\/wp-json\/wp\/v2\/pages\/1224","targetHints":{"allow":["GET"]}}],"collection":[{"href":"https:\/\/www.brissago.ch\/de\/wp-json\/wp\/v2\/pages"}],"about":[{"href":"https:\/\/www.brissago.ch\/de\/wp-json\/wp\/v2\/types\/page"}],"author":[{"embeddable":true,"href":"https:\/\/www.brissago.ch\/de\/wp-json\/wp\/v2\/users\/1"}],"replies":[{"embeddable":true,"href":"https:\/\/www.brissago.ch\/de\/wp-json\/wp\/v2\/comments?post=1224"}],"version-history":[{"count":0,"href":"https:\/\/www.brissago.ch\/de\/wp-json\/wp\/v2\/pages\/1224\/revisions"}],"up":[{"embeddable":true,"href":"https:\/\/www.brissago.ch\/de\/wp-json\/wp\/v2\/pages\/712"}],"wp:attachment":[{"href":"https:\/\/www.brissago.ch\/de\/wp-json\/wp\/v2\/media?parent=1224"}],"curies":[{"name":"wp","href":"https:\/\/api.w.org\/{rel}","templated":true}]}}