{"id":1220,"date":"2025-02-06T13:00:11","date_gmt":"2025-02-06T12:00:11","guid":{"rendered":"https:\/\/www.brissago.ch\/sito\/?page_id=1220"},"modified":"2025-05-21T12:46:38","modified_gmt":"2025-05-21T10:46:38","slug":"opere-pubbliche","status":"publish","type":"page","link":"https:\/\/www.brissago.ch\/de\/servizi-cittadino\/ufficio-tecnico\/opere-pubbliche\/","title":{"rendered":"\u00d6ffentliche Arbeiten"},"content":{"rendered":"<p>Die<strong>Amt f\u00fcr \u00f6ffentliche Arbeiten<\/strong> Die Gemeinde Brissago ist f\u00fcr die Planung, den Bau und die Instandhaltung der \u00f6ffentlichen Infrastruktur verantwortlich und stellt wesentliche Dienstleistungen f\u00fcr die Gemeinde sicher. <br>Zu den Hauptaktivit\u00e4ten geh\u00f6ren:<\/p>\n\n\n\n<h2 class=\"wp-block-heading\">Zust\u00e4ndigkeiten<\/h2>\n\n\n\n<ul class=\"wp-block-list\">\n<li><strong>Leitung von Hoch- und Tiefbauarbeiten:<\/strong> Planung und \u00dcberwachung neuer \u00f6ffentlicher Geb\u00e4ude, Stra\u00dfen, Wege, Kan\u00e4le und Wasserversorgungssysteme, um deren normale und au\u00dfergew\u00f6hnliche Wartung zu gew\u00e4hrleisten.<\/li>\n\n\n\n<li><strong>Umwelt- und st\u00e4dtische Dienstleistungen:<\/strong> Organisation der Abfallsammlung und -entsorgung, Reinigung von Stra\u00dfen und Wegen, Pflege von G\u00e4rten, \u00f6ffentlichen Parks und Friedh\u00f6fen sowie Verwaltung von Azienda Acqua Potabile.<\/li>\n\n\n\n<li><strong>Verordnungen und Genehmigungen:<\/strong> Erteilung von Genehmigungen f\u00fcr die Besetzung von \u00f6ffentlichem Land, Genehmigungen f\u00fcr Werbeeinrichtungen, Verwaltung von Stra\u00dfenschildern, Ortsnamen und Hausnummern.<\/li>\n<\/ul>","protected":false},"excerpt":{"rendered":"<p>Das Amt f\u00fcr \u00f6ffentliche Arbeiten der Gemeinde Brissago ist f\u00fcr die Planung, den Bau und die Instandhaltung der \u00f6ffentlichen Infrastruktur zust\u00e4ndig und stellt wesentliche Dienstleistungen f\u00fcr die Gemeinde sicher. Zu den Hauptaktivit\u00e4ten geh\u00f6ren: Zust\u00e4ndigkeiten<\/p>","protected":false},"author":1,"featured_media":0,"parent":712,"menu_order":2,"comment_status":"closed","ping_status":"closed","template":"","meta":{"_acf_changed":false,"footnotes":""},"class_list":["post-1220","page","type-page","status-publish","hentry"],"acf":[],"_links":{"self":[{"href":"https:\/\/www.brissago.ch\/de\/wp-json\/wp\/v2\/pages\/1220","targetHints":{"allow":["GET"]}}],"collection":[{"href":"https:\/\/www.brissago.ch\/de\/wp-json\/wp\/v2\/pages"}],"about":[{"href":"https:\/\/www.brissago.ch\/de\/wp-json\/wp\/v2\/types\/page"}],"author":[{"embeddable":true,"href":"https:\/\/www.brissago.ch\/de\/wp-json\/wp\/v2\/users\/1"}],"replies":[{"embeddable":true,"href":"https:\/\/www.brissago.ch\/de\/wp-json\/wp\/v2\/comments?post=1220"}],"version-history":[{"count":0,"href":"https:\/\/www.brissago.ch\/de\/wp-json\/wp\/v2\/pages\/1220\/revisions"}],"up":[{"embeddable":true,"href":"https:\/\/www.brissago.ch\/de\/wp-json\/wp\/v2\/pages\/712"}],"wp:attachment":[{"href":"https:\/\/www.brissago.ch\/de\/wp-json\/wp\/v2\/media?parent=1220"}],"curies":[{"name":"wp","href":"https:\/\/api.w.org\/{rel}","templated":true}]}}