{"id":1218,"date":"2025-02-06T13:00:34","date_gmt":"2025-02-06T12:00:34","guid":{"rendered":"https:\/\/www.brissago.ch\/sito\/?page_id=1218"},"modified":"2026-02-05T07:57:50","modified_gmt":"2026-02-05T06:57:50","slug":"edilizia-privata","status":"publish","type":"page","link":"https:\/\/www.brissago.ch\/de\/servizi-cittadino\/ufficio-tecnico\/edilizia-privata\/","title":{"rendered":"Privatgeb\u00e4ude"},"content":{"rendered":"<p>Die<strong>B\u00fcro f\u00fcr privates Bauen<\/strong> Die Gemeinde Brissago ist f\u00fcr die Anwendung der Vorschriften \u00fcber den privaten Bau, die Baustellenkontrollen und die Umweltkontrollen verantwortlich. Es befasst sich auch mit der Anweisung von Praktiken f\u00fcr Renovierungen oder Neubauten und bietet technische und administrative Unterst\u00fctzung bei der Pr\u00e4sentation von Bauprojekten. Eigent\u00fcmer, Verwalter und Planer k\u00f6nnen sich an dieses B\u00fcro wenden, um sich \u00fcber Planungszw\u00e4nge und kommunale, kantonale und f\u00f6derale baurechtliche Bestimmungen zu informieren und so die Einhaltung der geltenden Vorschriften zu gew\u00e4hrleisten.<\/p>\n\n\n\n<p>Die <strong>amtlicher Besichtiger<\/strong> Die Gemeinde Brissago, die f\u00fcr die Erstellung und Verwaltung der offiziellen Kartendokumente zust\u00e4ndig ist, ist geom. Michele Martinoni (Andreotti &amp; Partners SA, Locarno), der vom Rathaus ernannt wird.<\/p>\n\n\n\n<div class=\"wp-block-mazz-spazio mazz-spazio normale\"><\/div>\n\n\n\n<h2 class=\"wp-block-heading\">Angebotene Dienstleistungen<\/h2>\n\n\n\n<ul class=\"wp-block-list\">\n<li>Beratung bei der Anwendung von Raumplanungsinstrumenten.<\/li>\n\n\n\n<li>Informationen zur Bauordnung auf kommunaler, kantonaler und f\u00f6deraler Ebene.<\/li>\n\n\n\n<li>Ver\u00f6ffentlichung von Bauantr\u00e4gen im Gemeinderegister, an benachbarte Gemeinden oder, wenn sich das Grundst\u00fcck au\u00dferhalb des Baugebiets befindet, im Amtsblatt.<\/li>\n\n\n\n<li>Bereitstellung von amtlichen Pl\u00e4nen und Katasterzusammenfassungen auf Anfrage.<\/li>\n\n\n\n<li>Unterst\u00fctzung beim Ausf\u00fcllen von Bauantr\u00e4gen, Benachrichtigungen und Praktiken im Zusammenhang mit der Verwendung von Mitteln.<\/li>\n\n\n\n<li>Bereitstellung von Bauantr\u00e4gen oder Benachrichtigungen f\u00fcr die \u00d6ffentlichkeit w\u00e4hrend des Ver\u00f6ffentlichungszeitraums.<\/li>\n\n\n\n<li>Verwaltung und Aktualisierung des Gemeindeverzeichnisses.<\/li>\n\n\n\n<li>Hinweis an das Rathaus f\u00fcr die Erteilung von Wohngenehmigungen f\u00fcr neue oder renovierte Geb\u00e4ude.<\/li>\n\n\n\n<li>Benachrichtigung der kantonalen Sch\u00e4tzstelle \u00fcber die periodischen Listen neuer oder renovierter Geb\u00e4ude.<\/li>\n<\/ul>","protected":false},"excerpt":{"rendered":"<p>Das Private Bauamt der Gemeinde Brissago ist f\u00fcr die Anwendung der Vorschriften \u00fcber den privaten Bau, die Baustellenkontrollen und die Umweltkontrollen zust\u00e4ndig. Es befasst sich auch mit der Anweisung von Praktiken f\u00fcr Renovierungen oder Neubauten und bietet technische und administrative Unterst\u00fctzung bei der Pr\u00e4sentation von Bauprojekten. Eigent\u00fcmer, Administratoren und Designer k\u00f6nnen sich an dieses B\u00fcro wenden, um [...]<\/p>","protected":false},"author":1,"featured_media":0,"parent":712,"menu_order":1,"comment_status":"closed","ping_status":"closed","template":"","meta":{"_acf_changed":false,"footnotes":""},"class_list":["post-1218","page","type-page","status-publish","hentry"],"acf":[],"_links":{"self":[{"href":"https:\/\/www.brissago.ch\/de\/wp-json\/wp\/v2\/pages\/1218","targetHints":{"allow":["GET"]}}],"collection":[{"href":"https:\/\/www.brissago.ch\/de\/wp-json\/wp\/v2\/pages"}],"about":[{"href":"https:\/\/www.brissago.ch\/de\/wp-json\/wp\/v2\/types\/page"}],"author":[{"embeddable":true,"href":"https:\/\/www.brissago.ch\/de\/wp-json\/wp\/v2\/users\/1"}],"replies":[{"embeddable":true,"href":"https:\/\/www.brissago.ch\/de\/wp-json\/wp\/v2\/comments?post=1218"}],"version-history":[{"count":1,"href":"https:\/\/www.brissago.ch\/de\/wp-json\/wp\/v2\/pages\/1218\/revisions"}],"predecessor-version":[{"id":5801,"href":"https:\/\/www.brissago.ch\/de\/wp-json\/wp\/v2\/pages\/1218\/revisions\/5801"}],"up":[{"embeddable":true,"href":"https:\/\/www.brissago.ch\/de\/wp-json\/wp\/v2\/pages\/712"}],"wp:attachment":[{"href":"https:\/\/www.brissago.ch\/de\/wp-json\/wp\/v2\/media?parent=1218"}],"curies":[{"name":"wp","href":"https:\/\/api.w.org\/{rel}","templated":true}]}}