{"id":1090,"date":"2025-02-05T16:50:49","date_gmt":"2025-02-05T15:50:49","guid":{"rendered":"https:\/\/www.brissago.ch\/sito\/?page_id=1090"},"modified":"2026-01-29T15:31:07","modified_gmt":"2026-01-29T14:31:07","slug":"lido-comunale","status":"publish","type":"page","link":"https:\/\/www.brissago.ch\/de\/turismo-tempo-libero\/lido-comunale\/","title":{"rendered":"Gemeinde Lido"},"content":{"rendered":"<figure class=\"wp-block-mazz-immagine mazz-immagine small right\"><a href=\"https:\/\/www.brissago.ch\/sito\/wp-content\/uploads\/2025\/03\/logo-lido-brissago.jpg\" data-lightbox=\"gallery\" data-title=\"\"><picture><source srcset=\"https:\/\/www.brissago.ch\/sito\/wp-content\/uploads\/2025\/03\/logo-lido-brissago.jpg\" media=\"(max-width: 600px)\"\/><source srcset=\"https:\/\/www.brissago.ch\/sito\/wp-content\/uploads\/2025\/03\/logo-lido-brissago.jpg\" media=\"(min-width: 601px)\"\/><img decoding=\"async\" src=\"https:\/\/www.brissago.ch\/sito\/wp-content\/uploads\/2025\/03\/logo-lido-brissago.jpg\" alt=\"\" title=\"\"><\/picture><\/a><\/figure>\n\n\n\n<p>Es befindet sich in einer privilegierten Lage und bietet den Besuchern eine einladende und gut ausgestattete Umgebung, ideal f\u00fcr Familien, Sportler und Naturliebhaber.<\/p>\n\n\n\n<p>Das Anwesen verf\u00fcgt \u00fcber einen Strand mit direktem Zugang zum See, eine Gr\u00fcnfl\u00e4che zum Sonnenbaden, Schwimmb\u00e4der f\u00fcr Erwachsene und Kinder und einen Kiosk, wo Sie Snacks und erfrischende Getr\u00e4nke genie\u00dfen k\u00f6nnen. F\u00fcr Wassersportler bietet das Lido die M\u00f6glichkeit, Schwimmen, Stehpaddeln und andere Freizeitaktivit\u00e4ten zu \u00fcben.<\/p>\n\n\n\n<p>Dank seiner Panoramalage und der angebotenen Dienstleistungen ist der Lido di Brissago ein Referenzpunkt f\u00fcr Einwohner und Touristen, die Entspannung und Spa\u00df am Ufer des Lago Maggiore suchen.<\/p>\n\n\n\n<h2 class=\"wp-block-heading\">Einrichtungen und Dienstleistungen<\/h2>\n\n\n\n<ul class=\"wp-block-list\">\n<li>Schwimmbad<\/li>\n\n\n\n<li>Schwimmbad f\u00fcr Kinder<\/li>\n\n\n\n<li>Kamikaze Folie<\/li>\n\n\n\n<li>Abgegrenztes Gebiet am See<\/li>\n\n\n\n<li>Trampolinen<\/li>\n\n\n\n<li>Snackbar (Au\u00dfenverwaltung)<\/li>\n<\/ul>\n\n\n\n<h3 class=\"wp-block-heading\">Zeitraum und \u00d6ffnungszeiten Einrichtung<\/h3>\n\n\n\n<p>Lido di Brissago ist vom 1. Mai 2025 bis zum 30. September 2025 ge\u00f6ffnet<br>von 9.30 bis 20.00 Uhr<\/p>\n\n\n\n<h3 class=\"wp-block-heading\">Preise<\/h3>\n\n\n\n<p>Preisliste Saison 2025<\/p>\n\n\n\n<div class=\"wp-block-mazz-gallery mazz_gallery swiper mazz_slider-prev\"><div class=\"swiper-wrapper\"><div class=\"mazz_item swiper-slide\"><figure><a href=\"https:\/\/www.brissago.ch\/sito\/wp-content\/uploads\/2025\/03\/Lido-foto-dallalto-1.jpg\" data-lightbox=\"gallery\" data-title=\"\"><picture><source srcset=\"https:\/\/www.brissago.ch\/sito\/wp-content\/uploads\/2025\/03\/Lido-foto-dallalto-1-800x600.jpg\" media=\"(max-width: 600px)\"\/><source srcset=\"https:\/\/www.brissago.ch\/sito\/wp-content\/uploads\/2025\/03\/Lido-foto-dallalto-1.jpg\" media=\"(min-width: 601px)\"\/><img decoding=\"async\" src=\"https:\/\/www.brissago.ch\/sito\/wp-content\/uploads\/2025\/03\/Lido-foto-dallalto-1.jpg\" alt=\"\" title=\"\"><\/picture><\/a><\/figure><\/div><div class=\"mazz_item swiper-slide\"><figure><a href=\"https:\/\/www.brissago.ch\/sito\/wp-content\/uploads\/2025\/03\/Lido-Brissago-dallalto.jpg\" data-lightbox=\"gallery\" data-title=\"\"><picture><source srcset=\"https:\/\/www.brissago.ch\/sito\/wp-content\/uploads\/2025\/03\/Lido-Brissago-dallalto-800x534.jpg\" media=\"(max-width: 600px)\"\/><source srcset=\"https:\/\/www.brissago.ch\/sito\/wp-content\/uploads\/2025\/03\/Lido-Brissago-dallalto.jpg\" media=\"(min-width: 601px)\"\/><img decoding=\"async\" src=\"https:\/\/www.brissago.ch\/sito\/wp-content\/uploads\/2025\/03\/Lido-Brissago-dallalto.jpg\" alt=\"\" title=\"\"><\/picture><\/a><\/figure><\/div><div class=\"mazz_item swiper-slide\"><figure><a href=\"https:\/\/www.brissago.ch\/sito\/wp-content\/uploads\/2025\/03\/Lido-Brissago-piscina-e-trampolino-scaled-1-1920x703.jpg\" data-lightbox=\"gallery\" data-title=\"\"><picture><source srcset=\"https:\/\/www.brissago.ch\/sito\/wp-content\/uploads\/2025\/03\/Lido-Brissago-piscina-e-trampolino-scaled-1-800x293.jpg\" media=\"(max-width: 600px)\"\/><source srcset=\"https:\/\/www.brissago.ch\/sito\/wp-content\/uploads\/2025\/03\/Lido-Brissago-piscina-e-trampolino-scaled-1-1920x703.jpg\" media=\"(min-width: 601px)\"\/><img decoding=\"async\" src=\"https:\/\/www.brissago.ch\/sito\/wp-content\/uploads\/2025\/03\/Lido-Brissago-piscina-e-trampolino-scaled-1-1920x703.jpg\" alt=\"\" title=\"\"><\/picture><\/a><\/figure><\/div><div class=\"mazz_item swiper-slide\"><figure><a href=\"https:\/\/www.brissago.ch\/sito\/wp-content\/uploads\/2025\/03\/scivolo.jpg\" data-lightbox=\"gallery\" data-title=\"\"><picture><source srcset=\"https:\/\/www.brissago.ch\/sito\/wp-content\/uploads\/2025\/03\/scivolo-800x418.jpg\" media=\"(max-width: 600px)\"\/><source srcset=\"https:\/\/www.brissago.ch\/sito\/wp-content\/uploads\/2025\/03\/scivolo.jpg\" media=\"(min-width: 601px)\"\/><img decoding=\"async\" src=\"https:\/\/www.brissago.ch\/sito\/wp-content\/uploads\/2025\/03\/scivolo.jpg\" alt=\"\" title=\"\"><\/picture><\/a><\/figure><\/div><div class=\"mazz_item swiper-slide\"><figure><a href=\"https:\/\/www.brissago.ch\/sito\/wp-content\/uploads\/2025\/03\/Costa-Piodina-da-drone-781x1024.jpg\" data-lightbox=\"gallery\" data-title=\"\"><picture><source srcset=\"https:\/\/www.brissago.ch\/sito\/wp-content\/uploads\/2025\/03\/Costa-Piodina-da-drone-610x800.jpg\" media=\"(max-width: 600px)\"\/><source srcset=\"https:\/\/www.brissago.ch\/sito\/wp-content\/uploads\/2025\/03\/Costa-Piodina-da-drone-781x1024.jpg\" media=\"(min-width: 601px)\"\/><img decoding=\"async\" src=\"https:\/\/www.brissago.ch\/sito\/wp-content\/uploads\/2025\/03\/Costa-Piodina-da-drone-781x1024.jpg\" alt=\"\" title=\"\"><\/picture><\/a><\/figure><\/div><div class=\"mazz_item swiper-slide\"><figure><a href=\"https:\/\/www.brissago.ch\/sito\/wp-content\/uploads\/2025\/03\/foto-storica-lido-brissago-spiaggia.jpg\" data-lightbox=\"gallery\" data-title=\"\"><picture><source srcset=\"https:\/\/www.brissago.ch\/sito\/wp-content\/uploads\/2025\/03\/foto-storica-lido-brissago-spiaggia-800x569.jpg\" media=\"(max-width: 600px)\"\/><source srcset=\"https:\/\/www.brissago.ch\/sito\/wp-content\/uploads\/2025\/03\/foto-storica-lido-brissago-spiaggia.jpg\" media=\"(min-width: 601px)\"\/><img decoding=\"async\" src=\"https:\/\/www.brissago.ch\/sito\/wp-content\/uploads\/2025\/03\/foto-storica-lido-brissago-spiaggia.jpg\" alt=\"\" title=\"\"><\/picture><\/a><\/figure><\/div><div class=\"mazz_item swiper-slide\"><figure><a href=\"https:\/\/www.brissago.ch\/sito\/wp-content\/uploads\/2025\/03\/foto-storica-lido-brissago-cabine.jpg\" data-lightbox=\"gallery\" data-title=\"\"><picture><source srcset=\"https:\/\/www.brissago.ch\/sito\/wp-content\/uploads\/2025\/03\/foto-storica-lido-brissago-cabine-800x594.jpg\" media=\"(max-width: 600px)\"\/><source srcset=\"https:\/\/www.brissago.ch\/sito\/wp-content\/uploads\/2025\/03\/foto-storica-lido-brissago-cabine.jpg\" media=\"(min-width: 601px)\"\/><img decoding=\"async\" src=\"https:\/\/www.brissago.ch\/sito\/wp-content\/uploads\/2025\/03\/foto-storica-lido-brissago-cabine.jpg\" alt=\"\" title=\"\"><\/picture><\/a><\/figure><\/div><\/div><div class=\"mazz_slider-pagination\"><\/div><div class=\"mazz_slider-next\">\n    <svg class=\"mazz_icon freccia_lunga\" xmlns=\"http:\/\/www.w3.org\/2000\/svg\" viewbox=\"0 0 30 30\"><path d=\"M29.61,15.38c.05-.12.08-.25.08-.38s-.03-.26-.08-.38c-.05-.12-.12-.23-.22-.32L16.51,1.41c-.39-.39-1.02-.39-1.41,0s-.39,1.02,0,1.41l11.18,11.18H1.31c-.55,0-1,.45-1,1s.45,1,1,1h24.97l-11.18,11.18c-.39.39-.39,1.02,0,1.41.2.2.45.29.71.29s.51-.1.71-.29l12.89-12.89c.09-.09.17-.2.22-.32Z\"\/><\/svg><\/div><div class=\"mazz_slider-prev\">\n    <svg class=\"mazz_icon freccia_lunga\" xmlns=\"http:\/\/www.w3.org\/2000\/svg\" viewbox=\"0 0 30 30\"><path d=\"M29.61,15.38c.05-.12.08-.25.08-.38s-.03-.26-.08-.38c-.05-.12-.12-.23-.22-.32L16.51,1.41c-.39-.39-1.02-.39-1.41,0s-.39,1.02,0,1.41l11.18,11.18H1.31c-.55,0-1,.45-1,1s.45,1,1,1h24.97l-11.18,11.18c-.39.39-.39,1.02,0,1.41.2.2.45.29.71.29s.51-.1.71-.29l12.89-12.89c.09-.09.17-.2.22-.32Z\"\/><\/svg><\/div><\/div>\n\n\n\n<h3 class=\"wp-block-heading\">Interne Regulierung<\/h3>\n\n\n\n<p>Siehe Schilder auf dem Lido<\/p>\n\n\n\n<h3 class=\"wp-block-heading\">Regeln f\u00fcr das Gruppeneinkommen (Schulen oder Sportvereine)<\/h3>\n\n\n\n<p>Der Strand kann f\u00fcr Gruppen, einschlie\u00dflich Schulgruppen, zur Verf\u00fcgung gestellt werden.<\/p>\n\n\n\n<p>Anfragen m\u00fcssen 10 Tage vor dem gew\u00fcnschten Datum per E-Mail an info@brissago.ch gesendet werden.<\/p>\n\n\n\n<p>F\u00fcr alle 12 Sch\u00fcler muss mindestens ein Monitor oder Begleiter zust\u00e4ndig sein. Mindestens ein Monitor oder Begleiter muss im Besitz eines g\u00fcltigen und anerkannten lebensrettenden Patents sein.<\/p>\n\n\n\n<div class=\"wp-block-mazz-pulsante mazz-pulsante\"><a href=\"https:\/\/www.lidobrissago.ch\/\" class=\"mazz-anchor\" target=\"_blank\" rel=\"noopener\">Mehr von lidobrissago.ch<\/a><\/div>\n\n\n\n<p><\/p>","protected":false},"excerpt":{"rendered":"<p>Es befindet sich in einer privilegierten Lage und bietet den Besuchern eine einladende und gut ausgestattete Umgebung, ideal f\u00fcr Familien, Sportler und Naturliebhaber. Das Anwesen verf\u00fcgt \u00fcber einen Strand mit direktem Zugang zum See, eine Gr\u00fcnfl\u00e4che zum Sonnenbaden, Schwimmb\u00e4der f\u00fcr Erwachsene und Kinder und einen Kiosk, wo Sie Snacks und erfrischende Getr\u00e4nke genie\u00dfen k\u00f6nnen. F\u00fcr [...]<\/p>","protected":false},"author":1,"featured_media":2563,"parent":720,"menu_order":3,"comment_status":"closed","ping_status":"closed","template":"","meta":{"_acf_changed":false,"footnotes":""},"class_list":["post-1090","page","type-page","status-publish","has-post-thumbnail","hentry"],"acf":[],"_links":{"self":[{"href":"https:\/\/www.brissago.ch\/de\/wp-json\/wp\/v2\/pages\/1090","targetHints":{"allow":["GET"]}}],"collection":[{"href":"https:\/\/www.brissago.ch\/de\/wp-json\/wp\/v2\/pages"}],"about":[{"href":"https:\/\/www.brissago.ch\/de\/wp-json\/wp\/v2\/types\/page"}],"author":[{"embeddable":true,"href":"https:\/\/www.brissago.ch\/de\/wp-json\/wp\/v2\/users\/1"}],"replies":[{"embeddable":true,"href":"https:\/\/www.brissago.ch\/de\/wp-json\/wp\/v2\/comments?post=1090"}],"version-history":[{"count":1,"href":"https:\/\/www.brissago.ch\/de\/wp-json\/wp\/v2\/pages\/1090\/revisions"}],"predecessor-version":[{"id":5789,"href":"https:\/\/www.brissago.ch\/de\/wp-json\/wp\/v2\/pages\/1090\/revisions\/5789"}],"up":[{"embeddable":true,"href":"https:\/\/www.brissago.ch\/de\/wp-json\/wp\/v2\/pages\/720"}],"wp:featuredmedia":[{"embeddable":true,"href":"https:\/\/www.brissago.ch\/de\/wp-json\/wp\/v2\/media\/2563"}],"wp:attachment":[{"href":"https:\/\/www.brissago.ch\/de\/wp-json\/wp\/v2\/media?parent=1090"}],"curies":[{"name":"wp","href":"https:\/\/api.w.org\/{rel}","templated":true}]}}