{"id":1068,"date":"2025-02-05T16:00:03","date_gmt":"2025-02-05T15:00:03","guid":{"rendered":"https:\/\/www.brissago.ch\/sito\/?page_id=1068"},"modified":"2025-06-26T12:27:22","modified_gmt":"2025-06-26T10:27:22","slug":"documenti-consiglio-comunale","status":"publish","type":"page","link":"https:\/\/www.brissago.ch\/de\/comune\/amministrazione\/consiglio-comunale\/documenti-consiglio-comunale\/","title":{"rendered":"Dokumente des Stadtrats"},"content":{"rendered":"<!-- RISULTATI -->\n    <div id=\"mazz-elenco\" class=\"\">\n        \t<div class=\"mazz_num_post\">74 Ergebnisse gefunden.<\/div><div class=\"mazz_post documento\">\n\t<div class=\"mazz_post_generico\">\n\t\t<a href=\"https:\/\/www.brissago.ch\/sito\/wp-content\/uploads\/2026\/04\/26.04.13-Mozione.pdf\" target=\"_blank\" class=\"doc_link\"><i><svg class=\"mazz_icon download\" xmlns=\"http:\/\/www.w3.org\/2000\/svg\" viewbox=\"0 0 30 30\"><path d=\"M28,20.26c-.28,0-.5.22-.5.5v2.87c0,1.69-1.38,3.06-3.06,3.06H5.56c-1.69,0-3.06-1.37-3.06-3.06v-2.87c0-.28-.22-.5-.5-.5s-.5.22-.5.5v2.87c0,2.24,1.82,4.06,4.06,4.06h18.87c2.24,0,4.06-1.82,4.06-4.06v-2.87c0-.28-.22-.5-.5-.5Z\"\/><path d=\"M14.29,23.6c.09.09.2.17.33.22.12.05.25.08.38.08s.26-.03.38-.08c.12-.05.23-.12.33-.22l9.48-9.48c.39-.39.39-1.02,0-1.41s-1.02-.39-1.41,0l-7.77,7.77V2.75c0-.55-.45-1-1-1s-1,.45-1,1v17.73l-7.77-7.77c-.39-.39-1.02-.39-1.41,0s-.39,1.02,0,1.41l9.48,9.48Z\"\/><\/svg><\/i><span>Herunterladen<\/span><\/a>\n\t\t<span class=\"post_txt\">\n\t\t\t<span class=\"info_box\">\n\t\t\t\t<span class=\"info_posttype\">Antr\u00e4ge<\/span>\n\t\t\t\t<span class=\"info_pubblicazione\">14. April 2026<\/span>\n\t\t\t<\/span>\n\t\t\t<h3 class=\"titolo\">PSB Motion + Red-Green Area auf: W\u00e4rmeinseln<\/h3>\n\t\t<\/span>\n\t<\/div>\n\t\n<\/div><div class=\"mazz_post documento\">\n\t<div class=\"mazz_post_generico\">\n\t\t<a href=\"https:\/\/www.brissago.ch\/sito\/wp-content\/uploads\/2026\/03\/MM-1568.pdf\" target=\"_blank\" class=\"doc_link\"><i><svg class=\"mazz_icon download\" xmlns=\"http:\/\/www.w3.org\/2000\/svg\" viewbox=\"0 0 30 30\"><path d=\"M28,20.26c-.28,0-.5.22-.5.5v2.87c0,1.69-1.38,3.06-3.06,3.06H5.56c-1.69,0-3.06-1.37-3.06-3.06v-2.87c0-.28-.22-.5-.5-.5s-.5.22-.5.5v2.87c0,2.24,1.82,4.06,4.06,4.06h18.87c2.24,0,4.06-1.82,4.06-4.06v-2.87c0-.28-.22-.5-.5-.5Z\"\/><path d=\"M14.29,23.6c.09.09.2.17.33.22.12.05.25.08.38.08s.26-.03.38-.08c.12-.05.23-.12.33-.22l9.48-9.48c.39-.39.39-1.02,0-1.41s-1.02-.39-1.41,0l-7.77,7.77V2.75c0-.55-.45-1-1-1s-1,.45-1,1v17.73l-7.77-7.77c-.39-.39-1.02-.39-1.41,0s-.39,1.02,0,1.41l9.48,9.48Z\"\/><\/svg><\/i><span>Herunterladen<\/span><\/a>\n\t\t<span class=\"post_txt\">\n\t\t\t<span class=\"info_box\">\n\t\t\t\t<span class=\"info_posttype\">Kommunale Mitteilungen<\/span>\n\t\t\t\t<span class=\"info_pubblicazione\">27. M\u00e4rz 2026<\/span>\n\t\t\t<\/span>\n\t\t\t<h3 class=\"titolo\">MM 1568 &#8211; Rinnovo della convenzione per il consolidamento del progetto Operatori di Prossimit\u00e0 nel Locarnese<\/h3>\n\t\t<\/span>\n\t<\/div>\n\t\n<\/div><div class=\"mazz_post documento\">\n\t<div class=\"mazz_post_generico\">\n\t\t<a href=\"https:\/\/www.brissago.ch\/sito\/wp-content\/uploads\/2026\/03\/25.12.02-Verbale-delle-discussioni.pdf\" target=\"_blank\" class=\"doc_link\"><i><svg class=\"mazz_icon download\" xmlns=\"http:\/\/www.w3.org\/2000\/svg\" viewbox=\"0 0 30 30\"><path d=\"M28,20.26c-.28,0-.5.22-.5.5v2.87c0,1.69-1.38,3.06-3.06,3.06H5.56c-1.69,0-3.06-1.37-3.06-3.06v-2.87c0-.28-.22-.5-.5-.5s-.5.22-.5.5v2.87c0,2.24,1.82,4.06,4.06,4.06h18.87c2.24,0,4.06-1.82,4.06-4.06v-2.87c0-.28-.22-.5-.5-.5Z\"\/><path d=\"M14.29,23.6c.09.09.2.17.33.22.12.05.25.08.38.08s.26-.03.38-.08c.12-.05.23-.12.33-.22l9.48-9.48c.39-.39.39-1.02,0-1.41s-1.02-.39-1.41,0l-7.77,7.77V2.75c0-.55-.45-1-1-1s-1,.45-1,1v17.73l-7.77-7.77c-.39-.39-1.02-.39-1.41,0s-.39,1.02,0,1.41l9.48,9.48Z\"\/><\/svg><\/i><span>Herunterladen<\/span><\/a>\n\t\t<span class=\"post_txt\">\n\t\t\t<span class=\"info_box\">\n\t\t\t\t<span class=\"info_posttype\">Protokoll Stadtrat<\/span>\n\t\t\t\t<span class=\"info_pubblicazione\">20. M\u00e4rz 2026<\/span>\n\t\t\t<\/span>\n\t\t\t<h3 class=\"titolo\">Protokoll CC 02.12.2025<\/h3>\n\t\t<\/span>\n\t<\/div>\n\t\n<\/div><div class=\"mazz_post documento\">\n\t<div class=\"mazz_post_generico\">\n\t\t<a href=\"https:\/\/www.brissago.ch\/sito\/wp-content\/uploads\/2026\/03\/25.10.27-Interpellanza.pdf\" target=\"_blank\" class=\"doc_link\"><i><svg class=\"mazz_icon download\" xmlns=\"http:\/\/www.w3.org\/2000\/svg\" viewbox=\"0 0 30 30\"><path d=\"M28,20.26c-.28,0-.5.22-.5.5v2.87c0,1.69-1.38,3.06-3.06,3.06H5.56c-1.69,0-3.06-1.37-3.06-3.06v-2.87c0-.28-.22-.5-.5-.5s-.5.22-.5.5v2.87c0,2.24,1.82,4.06,4.06,4.06h18.87c2.24,0,4.06-1.82,4.06-4.06v-2.87c0-.28-.22-.5-.5-.5Z\"\/><path d=\"M14.29,23.6c.09.09.2.17.33.22.12.05.25.08.38.08s.26-.03.38-.08c.12-.05.23-.12.33-.22l9.48-9.48c.39-.39.39-1.02,0-1.41s-1.02-.39-1.41,0l-7.77,7.77V2.75c0-.55-.45-1-1-1s-1,.45-1,1v17.73l-7.77-7.77c-.39-.39-1.02-.39-1.41,0s-.39,1.02,0,1.41l9.48,9.48Z\"\/><\/svg><\/i><span>Herunterladen<\/span><\/a>\n\t\t<span class=\"post_txt\">\n\t\t\t<span class=\"info_box\">\n\t\t\t\t<span class=\"info_posttype\">Anfragen<\/span>\n\t\t\t\t<span class=\"info_pubblicazione\">17. M\u00e4rz 2026<\/span>\n\t\t\t<\/span>\n\t\t\t<h3 class=\"titolo\">Interpellation der PLR zum Thema: Verkehrssicherheit und Nutzung des Mobiltelefons beim Fahren auf kommunalem Gebiet<\/h3>\n\t\t<\/span>\n\t<\/div>\n\t\n<\/div><div class=\"mazz_post documento\">\n\t<div class=\"mazz_post_generico\">\n\t\t<a href=\"https:\/\/www.brissago.ch\/sito\/wp-content\/uploads\/2026\/03\/24.10.03-Mozione.pdf\" target=\"_blank\" class=\"doc_link\"><i><svg class=\"mazz_icon download\" xmlns=\"http:\/\/www.w3.org\/2000\/svg\" viewbox=\"0 0 30 30\"><path d=\"M28,20.26c-.28,0-.5.22-.5.5v2.87c0,1.69-1.38,3.06-3.06,3.06H5.56c-1.69,0-3.06-1.37-3.06-3.06v-2.87c0-.28-.22-.5-.5-.5s-.5.22-.5.5v2.87c0,2.24,1.82,4.06,4.06,4.06h18.87c2.24,0,4.06-1.82,4.06-4.06v-2.87c0-.28-.22-.5-.5-.5Z\"\/><path d=\"M14.29,23.6c.09.09.2.17.33.22.12.05.25.08.38.08s.26-.03.38-.08c.12-.05.23-.12.33-.22l9.48-9.48c.39-.39.39-1.02,0-1.41s-1.02-.39-1.41,0l-7.77,7.77V2.75c0-.55-.45-1-1-1s-1,.45-1,1v17.73l-7.77-7.77c-.39-.39-1.02-.39-1.41,0s-.39,1.02,0,1.41l9.48,9.48Z\"\/><\/svg><\/i><span>Herunterladen<\/span><\/a>\n\t\t<span class=\"post_txt\">\n\t\t\t<span class=\"info_box\">\n\t\t\t\t<span class=\"info_posttype\">Antr\u00e4ge<\/span>\n\t\t\t\t<span class=\"info_pubblicazione\">17. M\u00e4rz 2026<\/span>\n\t\t\t<\/span>\n\t\t\t<h3 class=\"titolo\">Antrag von Herrn Flavio Gallotti zu B\u00e4umen mit Schattierungsfunktion<\/h3>\n\t\t<\/span>\n\t<\/div>\n\t\n<\/div><div class=\"mazz_post documento\">\n\t<div class=\"mazz_post_generico\">\n\t\t<a href=\"https:\/\/www.brissago.ch\/sito\/wp-content\/uploads\/2026\/03\/26.03.16-Mozione-1.pdf\" target=\"_blank\" class=\"doc_link\"><i><svg class=\"mazz_icon download\" xmlns=\"http:\/\/www.w3.org\/2000\/svg\" viewbox=\"0 0 30 30\"><path d=\"M28,20.26c-.28,0-.5.22-.5.5v2.87c0,1.69-1.38,3.06-3.06,3.06H5.56c-1.69,0-3.06-1.37-3.06-3.06v-2.87c0-.28-.22-.5-.5-.5s-.5.22-.5.5v2.87c0,2.24,1.82,4.06,4.06,4.06h18.87c2.24,0,4.06-1.82,4.06-4.06v-2.87c0-.28-.22-.5-.5-.5Z\"\/><path d=\"M14.29,23.6c.09.09.2.17.33.22.12.05.25.08.38.08s.26-.03.38-.08c.12-.05.23-.12.33-.22l9.48-9.48c.39-.39.39-1.02,0-1.41s-1.02-.39-1.41,0l-7.77,7.77V2.75c0-.55-.45-1-1-1s-1,.45-1,1v17.73l-7.77-7.77c-.39-.39-1.02-.39-1.41,0s-.39,1.02,0,1.41l9.48,9.48Z\"\/><\/svg><\/i><span>Herunterladen<\/span><\/a>\n\t\t<span class=\"post_txt\">\n\t\t\t<span class=\"info_box\">\n\t\t\t\t<span class=\"info_posttype\">Antr\u00e4ge<\/span>\n\t\t\t\t<span class=\"info_pubblicazione\">17. M\u00e4rz 2026<\/span>\n\t\t\t<\/span>\n\t\t\t<h3 class=\"titolo\">UDC Group motion: Proximity Playgrounds als Ort der Generationenaggregation<\/h3>\n\t\t<\/span>\n\t<\/div>\n\t\n<\/div><div class=\"mazz_post documento\">\n\t<div class=\"mazz_post_generico\">\n\t\t<a href=\"https:\/\/www.brissago.ch\/sito\/wp-content\/uploads\/2026\/03\/26.03.16-Mozione.pdf\" target=\"_blank\" class=\"doc_link\"><i><svg class=\"mazz_icon download\" xmlns=\"http:\/\/www.w3.org\/2000\/svg\" viewbox=\"0 0 30 30\"><path d=\"M28,20.26c-.28,0-.5.22-.5.5v2.87c0,1.69-1.38,3.06-3.06,3.06H5.56c-1.69,0-3.06-1.37-3.06-3.06v-2.87c0-.28-.22-.5-.5-.5s-.5.22-.5.5v2.87c0,2.24,1.82,4.06,4.06,4.06h18.87c2.24,0,4.06-1.82,4.06-4.06v-2.87c0-.28-.22-.5-.5-.5Z\"\/><path d=\"M14.29,23.6c.09.09.2.17.33.22.12.05.25.08.38.08s.26-.03.38-.08c.12-.05.23-.12.33-.22l9.48-9.48c.39-.39.39-1.02,0-1.41s-1.02-.39-1.41,0l-7.77,7.77V2.75c0-.55-.45-1-1-1s-1,.45-1,1v17.73l-7.77-7.77c-.39-.39-1.02-.39-1.41,0s-.39,1.02,0,1.41l9.48,9.48Z\"\/><\/svg><\/i><span>Herunterladen<\/span><\/a>\n\t\t<span class=\"post_txt\">\n\t\t\t<span class=\"info_box\">\n\t\t\t\t<span class=\"info_posttype\">Antr\u00e4ge<\/span>\n\t\t\t\t<span class=\"info_pubblicazione\">17. M\u00e4rz 2026<\/span>\n\t\t\t<\/span>\n\t\t\t<h3 class=\"titolo\">Bewegung der UDC-Gruppe zu Brunnen, Waschbecken und Tr\u00e4nken<\/h3>\n\t\t<\/span>\n\t<\/div>\n\t\n<\/div><div class=\"mazz_post documento\">\n\t<div class=\"mazz_post_generico\">\n\t\t<a href=\"https:\/\/www.brissago.ch\/sito\/wp-content\/uploads\/2026\/02\/MM-1567.pdf\" target=\"_blank\" class=\"doc_link\"><i><svg class=\"mazz_icon download\" xmlns=\"http:\/\/www.w3.org\/2000\/svg\" viewbox=\"0 0 30 30\"><path d=\"M28,20.26c-.28,0-.5.22-.5.5v2.87c0,1.69-1.38,3.06-3.06,3.06H5.56c-1.69,0-3.06-1.37-3.06-3.06v-2.87c0-.28-.22-.5-.5-.5s-.5.22-.5.5v2.87c0,2.24,1.82,4.06,4.06,4.06h18.87c2.24,0,4.06-1.82,4.06-4.06v-2.87c0-.28-.22-.5-.5-.5Z\"\/><path d=\"M14.29,23.6c.09.09.2.17.33.22.12.05.25.08.38.08s.26-.03.38-.08c.12-.05.23-.12.33-.22l9.48-9.48c.39-.39.39-1.02,0-1.41s-1.02-.39-1.41,0l-7.77,7.77V2.75c0-.55-.45-1-1-1s-1,.45-1,1v17.73l-7.77-7.77c-.39-.39-1.02-.39-1.41,0s-.39,1.02,0,1.41l9.48,9.48Z\"\/><\/svg><\/i><span>Herunterladen<\/span><\/a>\n\t\t<span class=\"post_txt\">\n\t\t\t<span class=\"info_box\">\n\t\t\t\t<span class=\"info_posttype\">Kommunale Mitteilungen<\/span>\n\t\t\t\t<span class=\"info_pubblicazione\">13. Februar 2026<\/span>\n\t\t\t<\/span>\n\t\t\t<h3 class=\"titolo\">MM 1567 \u2013 Ratifizierung des Vertrags mit der Coop Societ\u00e0 Cooperativa \u00fcber die Anmietung von Gesch\u00e4ftsr\u00e4umen im ehemaligen Postgeb\u00e4ude und die Beantragung einer Gutschrift von CHF 150\u2019000.00 f\u00fcr die Verlagerung der Lager von SAAP<\/h3>\n\t\t<\/span>\n\t<\/div>\n\t<div class=\"mazz_post_generico extradoc\"><a href=\"https:\/\/www.brissago.ch\/sito\/wp-content\/uploads\/2026\/02\/26.03.03-Preavviso-Gestione.pdf\" target=\"_blank\" rel=\"noopener\" class=\"doc_link\"><i><svg class=\"mazz_icon download\" xmlns=\"http:\/\/www.w3.org\/2000\/svg\" viewbox=\"0 0 30 30\"><path d=\"M28,20.26c-.28,0-.5.22-.5.5v2.87c0,1.69-1.38,3.06-3.06,3.06H5.56c-1.69,0-3.06-1.37-3.06-3.06v-2.87c0-.28-.22-.5-.5-.5s-.5.22-.5.5v2.87c0,2.24,1.82,4.06,4.06,4.06h18.87c2.24,0,4.06-1.82,4.06-4.06v-2.87c0-.28-.22-.5-.5-.5Z\"\/><path d=\"M14.29,23.6c.09.09.2.17.33.22.12.05.25.08.38.08s.26-.03.38-.08c.12-.05.23-.12.33-.22l9.48-9.48c.39-.39.39-1.02,0-1.41s-1.02-.39-1.41,0l-7.77,7.77V2.75c0-.55-.45-1-1-1s-1,.45-1,1v17.73l-7.77-7.77c-.39-.39-1.02-.39-1.41,0s-.39,1.02,0,1.41l9.48,9.48Z\"\/><\/svg><\/i><span>Herunterladen<\/span><\/a><span class=\"post_txt\"><span class=\"info_pubblicazione\">5. M\u00e4rz 2026<\/span><h3 class=\"titolo\">Mitteilung der Verwaltungskommission<\/h3><\/span><\/div><div class=\"mazz_post_generico extradoc\"><a href=\"https:\/\/www.brissago.ch\/sito\/wp-content\/uploads\/2026\/02\/26.03.03-Preavviso-Edilizia-e-Piano-regolatore.pdf\" target=\"_blank\" rel=\"noopener\" class=\"doc_link\"><i><svg class=\"mazz_icon download\" xmlns=\"http:\/\/www.w3.org\/2000\/svg\" viewbox=\"0 0 30 30\"><path d=\"M28,20.26c-.28,0-.5.22-.5.5v2.87c0,1.69-1.38,3.06-3.06,3.06H5.56c-1.69,0-3.06-1.37-3.06-3.06v-2.87c0-.28-.22-.5-.5-.5s-.5.22-.5.5v2.87c0,2.24,1.82,4.06,4.06,4.06h18.87c2.24,0,4.06-1.82,4.06-4.06v-2.87c0-.28-.22-.5-.5-.5Z\"\/><path d=\"M14.29,23.6c.09.09.2.17.33.22.12.05.25.08.38.08s.26-.03.38-.08c.12-.05.23-.12.33-.22l9.48-9.48c.39-.39.39-1.02,0-1.41s-1.02-.39-1.41,0l-7.77,7.77V2.75c0-.55-.45-1-1-1s-1,.45-1,1v17.73l-7.77-7.77c-.39-.39-1.02-.39-1.41,0s-.39,1.02,0,1.41l9.48,9.48Z\"\/><\/svg><\/i><span>Herunterladen<\/span><\/a><span class=\"post_txt\"><span class=\"info_pubblicazione\">5. M\u00e4rz 2026<\/span><h3 class=\"titolo\">Bekanntmachung der Baukommission und des Regelungsplans<\/h3><\/span><\/div>\n<\/div><div class=\"mazz_post documento\">\n\t<div class=\"mazz_post_generico\">\n\t\t<a href=\"https:\/\/www.brissago.ch\/sito\/wp-content\/uploads\/2025\/12\/25.06.16-Verbale-delle-discussioni.pdf\" target=\"_blank\" class=\"doc_link\"><i><svg class=\"mazz_icon download\" xmlns=\"http:\/\/www.w3.org\/2000\/svg\" viewbox=\"0 0 30 30\"><path d=\"M28,20.26c-.28,0-.5.22-.5.5v2.87c0,1.69-1.38,3.06-3.06,3.06H5.56c-1.69,0-3.06-1.37-3.06-3.06v-2.87c0-.28-.22-.5-.5-.5s-.5.22-.5.5v2.87c0,2.24,1.82,4.06,4.06,4.06h18.87c2.24,0,4.06-1.82,4.06-4.06v-2.87c0-.28-.22-.5-.5-.5Z\"\/><path d=\"M14.29,23.6c.09.09.2.17.33.22.12.05.25.08.38.08s.26-.03.38-.08c.12-.05.23-.12.33-.22l9.48-9.48c.39-.39.39-1.02,0-1.41s-1.02-.39-1.41,0l-7.77,7.77V2.75c0-.55-.45-1-1-1s-1,.45-1,1v17.73l-7.77-7.77c-.39-.39-1.02-.39-1.41,0s-.39,1.02,0,1.41l9.48,9.48Z\"\/><\/svg><\/i><span>Herunterladen<\/span><\/a>\n\t\t<span class=\"post_txt\">\n\t\t\t<span class=\"info_box\">\n\t\t\t\t<span class=\"info_posttype\">Protokoll Stadtrat<\/span>\n\t\t\t\t<span class=\"info_pubblicazione\">12. Dezember 2025<\/span>\n\t\t\t<\/span>\n\t\t\t<h3 class=\"titolo\">Protokoll CC 16.06.2025<\/h3>\n\t\t<\/span>\n\t<\/div>\n\t\n<\/div><div class=\"mazz_post documento\">\n\t<div class=\"mazz_post_generico\">\n\t\t<a href=\"https:\/\/www.brissago.ch\/sito\/wp-content\/uploads\/2025\/12\/24.12.17-Verbale-delle-discussioni.pdf\" target=\"_blank\" class=\"doc_link\"><i><svg class=\"mazz_icon download\" xmlns=\"http:\/\/www.w3.org\/2000\/svg\" viewbox=\"0 0 30 30\"><path d=\"M28,20.26c-.28,0-.5.22-.5.5v2.87c0,1.69-1.38,3.06-3.06,3.06H5.56c-1.69,0-3.06-1.37-3.06-3.06v-2.87c0-.28-.22-.5-.5-.5s-.5.22-.5.5v2.87c0,2.24,1.82,4.06,4.06,4.06h18.87c2.24,0,4.06-1.82,4.06-4.06v-2.87c0-.28-.22-.5-.5-.5Z\"\/><path d=\"M14.29,23.6c.09.09.2.17.33.22.12.05.25.08.38.08s.26-.03.38-.08c.12-.05.23-.12.33-.22l9.48-9.48c.39-.39.39-1.02,0-1.41s-1.02-.39-1.41,0l-7.77,7.77V2.75c0-.55-.45-1-1-1s-1,.45-1,1v17.73l-7.77-7.77c-.39-.39-1.02-.39-1.41,0s-.39,1.02,0,1.41l9.48,9.48Z\"\/><\/svg><\/i><span>Herunterladen<\/span><\/a>\n\t\t<span class=\"post_txt\">\n\t\t\t<span class=\"info_box\">\n\t\t\t\t<span class=\"info_posttype\">Protokoll Stadtrat<\/span>\n\t\t\t\t<span class=\"info_pubblicazione\">12. Dezember 2025<\/span>\n\t\t\t<\/span>\n\t\t\t<h3 class=\"titolo\">Protokoll CC 17.12.2024<\/h3>\n\t\t<\/span>\n\t<\/div>\n\t\n<\/div><div class=\"mazz-pagination\"><span aria-current=\"page\" class=\"page-numbers current\">1<\/span>\n<a class=\"page-numbers\" href=\"https:\/\/www.brissago.ch\/de\/wp-json\/wp\/v2\/pages\/1068\/?paged=2\">2<\/a>\n<a class=\"page-numbers\" href=\"https:\/\/www.brissago.ch\/de\/wp-json\/wp\/v2\/pages\/1068\/?paged=3\">3<\/a>\n<span class=\"page-numbers dots\">...<\/span>\n<a class=\"page-numbers\" href=\"https:\/\/www.brissago.ch\/de\/wp-json\/wp\/v2\/pages\/1068\/?paged=8\">8<\/a>\n<a class=\"next page-numbers\" href=\"https:\/\/www.brissago.ch\/de\/wp-json\/wp\/v2\/pages\/1068\/?paged=2\">Weiter \u00bb<\/a><\/div>    <\/div>","protected":false},"excerpt":{"rendered":"","protected":false},"author":1,"featured_media":0,"parent":675,"menu_order":1,"comment_status":"closed","ping_status":"closed","template":"","meta":{"_acf_changed":false,"footnotes":""},"class_list":["post-1068","page","type-page","status-publish","hentry"],"acf":[],"_links":{"self":[{"href":"https:\/\/www.brissago.ch\/de\/wp-json\/wp\/v2\/pages\/1068","targetHints":{"allow":["GET"]}}],"collection":[{"href":"https:\/\/www.brissago.ch\/de\/wp-json\/wp\/v2\/pages"}],"about":[{"href":"https:\/\/www.brissago.ch\/de\/wp-json\/wp\/v2\/types\/page"}],"author":[{"embeddable":true,"href":"https:\/\/www.brissago.ch\/de\/wp-json\/wp\/v2\/users\/1"}],"replies":[{"embeddable":true,"href":"https:\/\/www.brissago.ch\/de\/wp-json\/wp\/v2\/comments?post=1068"}],"version-history":[{"count":0,"href":"https:\/\/www.brissago.ch\/de\/wp-json\/wp\/v2\/pages\/1068\/revisions"}],"up":[{"embeddable":true,"href":"https:\/\/www.brissago.ch\/de\/wp-json\/wp\/v2\/pages\/675"}],"wp:attachment":[{"href":"https:\/\/www.brissago.ch\/de\/wp-json\/wp\/v2\/media?parent=1068"}],"curies":[{"name":"wp","href":"https:\/\/api.w.org\/{rel}","templated":true}]}}